{"id":2278,"date":"2022-06-18T16:54:11","date_gmt":"2022-06-18T16:54:11","guid":{"rendered":"https:\/\/www.umbrapompe.it\/?product=sal-40"},"modified":"2022-09-15T19:33:58","modified_gmt":"2022-09-15T19:33:58","slug":"sal-40","status":"publish","type":"product","link":"https:\/\/umbrapompe.it\/en\/prodotto\/sal-40\/","title":{"rendered":"SAL 40"},"content":{"rendered":"<h4><strong>ELECTROPUMP FOR COOLING MIG-PLASMA<\/strong><\/h4>\n<p><strong>Employment<\/strong><br \/>\nThese peripheral electric pumps, with a relatively small motor, can achieve high pressure. Due to their small size, they are particularly suitable for placement in apparatus and machines for increasing pressure, cooling temperatures. Easily inspected with the possibility of repairing the pump and motor separately. The pumping part can be rotated 90\u00b0 in 90\u00b0.<\/p>\n<p>In the SAL 35 Self-priming version this operation is not possible. They can be used for clean water, chemically nonabrasive liquids and no solids. They are suitable for continuous duty operation (ED 100%). Maximum number of interventions 5\/min. or 40\/h. Operating temperature -20\u00b0 C +60\u00b0 C.<\/p>\n<p><strong>Materials<\/strong><br \/>\n&#8211; Impeller, pump body, brass flange<br \/>\n&#8211; AISI 420 stainless steel shaft (x30 Cr 12)<br \/>\n&#8211; PTFE &#8211; ALLUMINE &#8211; EPDM Mechanical Seal<br \/>\n&#8211; (VITON on request)<br \/>\n&#8211; Top quality bearings<br \/>\n&#8211; Brass hose barb on request<\/p>\n<p><strong>Execution<\/strong><br \/>\nWith connection box and capacitor mounted.<br \/>\nThe position of the vents can rotate 90\u00b0 in 90\u00b0.<br \/>\nMOD. MEC: with MEC 56 plastic fan and fan cover.<br \/>\nMOD. FAN: with fan-holder hub and fixture screws; optional aluminum fan type pressing or suction, \u00d8 154 mm, \u00d8 166 mm, \u00d8 172 mm, \u00d8 200 mm.<\/p>\n<p><strong>Engine<\/strong><br \/>\n&#8211; 2-pole induction<br \/>\n&#8211; Available in various voltages and frequencies<br \/>\n&#8211; Insulation class F<br \/>\n&#8211; IP 44 protection<\/p>\n","protected":false},"excerpt":{"rendered":"<p>ELECTROPUMP FOR COOLING MIG-PLASMA Employment These peripheral electric pumps, with a relatively small motor, can achieve high pressure. Due to their small size, they are particularly suitable for placement in apparatus and machines for increasing pressure, cooling temperatures. Easily inspected with the possibility of repairing the pump and motor separately. The pumping part can be [&hellip;]<\/p>\n","protected":false},"featured_media":1549,"comment_status":"open","ping_status":"closed","template":"","meta":{"_acf_changed":false},"product_brand":[],"product_cat":[59],"product_tag":[],"class_list":{"0":"post-2278","1":"product","2":"type-product","3":"status-publish","4":"has-post-thumbnail","6":"product_cat-industrialists","8":"first","9":"instock","10":"shipping-taxable","11":"product-type-simple"},"acf":[],"_links":{"self":[{"href":"https:\/\/umbrapompe.it\/en\/wp-json\/wp\/v2\/product\/2278","targetHints":{"allow":["GET"]}}],"collection":[{"href":"https:\/\/umbrapompe.it\/en\/wp-json\/wp\/v2\/product"}],"about":[{"href":"https:\/\/umbrapompe.it\/en\/wp-json\/wp\/v2\/types\/product"}],"replies":[{"embeddable":true,"href":"https:\/\/umbrapompe.it\/en\/wp-json\/wp\/v2\/comments?post=2278"}],"wp:featuredmedia":[{"embeddable":true,"href":"https:\/\/umbrapompe.it\/en\/wp-json\/wp\/v2\/media\/1549"}],"wp:attachment":[{"href":"https:\/\/umbrapompe.it\/en\/wp-json\/wp\/v2\/media?parent=2278"}],"wp:term":[{"taxonomy":"product_brand","embeddable":true,"href":"https:\/\/umbrapompe.it\/en\/wp-json\/wp\/v2\/product_brand?post=2278"},{"taxonomy":"product_cat","embeddable":true,"href":"https:\/\/umbrapompe.it\/en\/wp-json\/wp\/v2\/product_cat?post=2278"},{"taxonomy":"product_tag","embeddable":true,"href":"https:\/\/umbrapompe.it\/en\/wp-json\/wp\/v2\/product_tag?post=2278"}],"curies":[{"name":"wp","href":"https:\/\/api.w.org\/{rel}","templated":true}]}}