{"id":2377,"date":"2022-06-16T14:00:00","date_gmt":"2022-06-16T14:00:00","guid":{"rendered":"https:\/\/www.umbrapompe.it\/?page_id=2377"},"modified":"2022-09-23T12:06:16","modified_gmt":"2022-09-23T12:06:16","slug":"sostenibilidad","status":"publish","type":"page","link":"https:\/\/umbrapompe.it\/es\/sostenibilidad\/","title":{"rendered":"Sostenibilidad"},"content":{"rendered":"\t\t<div data-elementor-type=\"wp-page\" data-elementor-id=\"2377\" class=\"elementor elementor-2377 elementor-470\" data-elementor-post-type=\"page\">\n\t\t\t\t\t\t<section class=\"elementor-section elementor-top-section elementor-element elementor-element-c153a73 elementor-section-height-min-height elementor-section-boxed elementor-section-height-default elementor-section-items-middle\" data-id=\"c153a73\" data-element_type=\"section\" data-e-type=\"section\" data-settings=\"{&quot;background_background&quot;:&quot;classic&quot;}\">\n\t\t\t\t\t\t<div class=\"elementor-container elementor-column-gap-default\">\n\t\t\t\t\t<div class=\"elementor-column elementor-col-100 elementor-top-column elementor-element elementor-element-78860c1\" data-id=\"78860c1\" data-element_type=\"column\" data-e-type=\"column\">\n\t\t\t<div class=\"elementor-widget-wrap\">\n\t\t\t\t\t\t\t<\/div>\n\t\t<\/div>\n\t\t\t\t\t<\/div>\n\t\t<\/section>\n\t\t\t\t<section class=\"elementor-section elementor-top-section elementor-element elementor-element-8638990 elementor-section-boxed elementor-section-height-default elementor-section-height-default\" data-id=\"8638990\" data-element_type=\"section\" data-e-type=\"section\">\n\t\t\t\t\t\t<div class=\"elementor-container elementor-column-gap-default\">\n\t\t\t\t\t<div class=\"elementor-column elementor-col-100 elementor-top-column elementor-element elementor-element-9693fdb\" data-id=\"9693fdb\" data-element_type=\"column\" data-e-type=\"column\">\n\t\t\t<div class=\"elementor-widget-wrap elementor-element-populated\">\n\t\t\t\t\t\t<div class=\"elementor-element elementor-element-4286cea elementor-widget elementor-widget-text-editor\" data-id=\"4286cea\" data-element_type=\"widget\" data-e-type=\"widget\" data-widget_type=\"text-editor.default\">\n\t\t\t\t<div class=\"elementor-widget-container\">\n\t\t\t\t\t\t\t\t\t\n          <p>Somos conscientes de que el progreso tambi\u00e9n implica una gesti\u00f3n responsable<br>medio ambiente y, por ello, realizamos nuestras actividades de acuerdo con los principios del desarrollo sostenible, mejorando constantemente el rendimiento medioambiental de nuestras acciones.<\/p>\n          <p><br>Nuestro compromiso se extiende tambi\u00e9n a la producci\u00f3n y la venta, en pleno cumplimiento de todas las leyes aplicables, lo que da lugar a productos que cumplen las normas m\u00e1s estrictas en t\u00e9rminos de rendimiento medioambiental y seguridad.<\/p>\n        \t\t\t\t\t\t\t\t<\/div>\n\t\t\t\t<\/div>\n\t\t\t\t\t<\/div>\n\t\t<\/div>\n\t\t\t\t\t<\/div>\n\t\t<\/section>\n\t\t\t\t<section class=\"elementor-section elementor-top-section elementor-element elementor-element-13329d0 elementor-section-full_width elementor-section-height-min-height elementor-section-height-default elementor-section-items-middle\" data-id=\"13329d0\" data-element_type=\"section\" data-e-type=\"section\">\n\t\t\t\t\t\t<div class=\"elementor-container elementor-column-gap-wide\">\n\t\t\t\t\t<div class=\"elementor-column elementor-col-20 elementor-top-column elementor-element elementor-element-6408b8e animated-fast elementor-invisible\" data-id=\"6408b8e\" data-element_type=\"column\" data-e-type=\"column\" data-settings=\"{&quot;animation&quot;:&quot;fadeInUp&quot;}\">\n\t\t\t<div class=\"elementor-widget-wrap\">\n\t\t\t\t\t\t\t<\/div>\n\t\t<\/div>\n\t\t\t\t<div class=\"elementor-column elementor-col-20 elementor-top-column elementor-element elementor-element-7370fd9 animated-fast elementor-invisible\" data-id=\"7370fd9\" data-element_type=\"column\" data-e-type=\"column\" data-settings=\"{&quot;animation&quot;:&quot;fadeInUp&quot;}\">\n\t\t\t<div class=\"elementor-widget-wrap elementor-element-populated\">\n\t\t\t\t\t\t<div class=\"elementor-element elementor-element-e5c6860 elementor-widget elementor-widget-image\" data-id=\"e5c6860\" data-element_type=\"widget\" data-e-type=\"widget\" data-widget_type=\"image.default\">\n\t\t\t\t<div class=\"elementor-widget-container\">\n\t\t\t\t\t\t\t\t\t\t\t\t\t\t\t<img fetchpriority=\"high\" decoding=\"async\" width=\"576\" height=\"1024\" src=\"https:\/\/umbrapompe.it\/wp-content\/uploads\/2022\/09\/2-576x1024.png\" class=\"elementor-animation-grow attachment-large size-large wp-image-3664\" alt=\"\" srcset=\"https:\/\/umbrapompe.it\/wp-content\/uploads\/2022\/09\/2-576x1024.png 576w, https:\/\/umbrapompe.it\/wp-content\/uploads\/2022\/09\/2-169x300.png 169w, https:\/\/umbrapompe.it\/wp-content\/uploads\/2022\/09\/2-768x1365.png 768w, https:\/\/umbrapompe.it\/wp-content\/uploads\/2022\/09\/2-864x1536.png 864w, https:\/\/umbrapompe.it\/wp-content\/uploads\/2022\/09\/2-300x533.png 300w, https:\/\/umbrapompe.it\/wp-content\/uploads\/2022\/09\/2-800x1422.png 800w, https:\/\/umbrapompe.it\/wp-content\/uploads\/2022\/09\/2.png 1080w\" sizes=\"(max-width: 576px) 100vw, 576px\" \/>\t\t\t\t\t\t\t\t\t\t\t\t\t\t\t<\/div>\n\t\t\t\t<\/div>\n\t\t\t\t\t<\/div>\n\t\t<\/div>\n\t\t\t\t<div class=\"elementor-column elementor-col-20 elementor-top-column elementor-element elementor-element-89c2f9f animated-fast elementor-invisible\" data-id=\"89c2f9f\" data-element_type=\"column\" data-e-type=\"column\" data-settings=\"{&quot;animation&quot;:&quot;fadeInUp&quot;}\">\n\t\t\t<div class=\"elementor-widget-wrap elementor-element-populated\">\n\t\t\t\t\t\t<div class=\"elementor-element elementor-element-88acbfd elementor-widget elementor-widget-image\" data-id=\"88acbfd\" data-element_type=\"widget\" data-e-type=\"widget\" data-widget_type=\"image.default\">\n\t\t\t\t<div class=\"elementor-widget-container\">\n\t\t\t\t\t\t\t\t\t\t\t\t\t\t\t<img decoding=\"async\" width=\"576\" height=\"1024\" src=\"https:\/\/umbrapompe.it\/wp-content\/uploads\/2022\/09\/3-576x1024.png\" class=\"elementor-animation-grow attachment-large size-large wp-image-3669\" alt=\"\" srcset=\"https:\/\/umbrapompe.it\/wp-content\/uploads\/2022\/09\/3-576x1024.png 576w, https:\/\/umbrapompe.it\/wp-content\/uploads\/2022\/09\/3-169x300.png 169w, https:\/\/umbrapompe.it\/wp-content\/uploads\/2022\/09\/3-768x1365.png 768w, https:\/\/umbrapompe.it\/wp-content\/uploads\/2022\/09\/3-864x1536.png 864w, https:\/\/umbrapompe.it\/wp-content\/uploads\/2022\/09\/3-300x533.png 300w, https:\/\/umbrapompe.it\/wp-content\/uploads\/2022\/09\/3-800x1422.png 800w, https:\/\/umbrapompe.it\/wp-content\/uploads\/2022\/09\/3.png 1080w\" sizes=\"(max-width: 576px) 100vw, 576px\" \/>\t\t\t\t\t\t\t\t\t\t\t\t\t\t\t<\/div>\n\t\t\t\t<\/div>\n\t\t\t\t\t<\/div>\n\t\t<\/div>\n\t\t\t\t<div class=\"elementor-column elementor-col-20 elementor-top-column elementor-element elementor-element-82367af animated-fast elementor-invisible\" data-id=\"82367af\" data-element_type=\"column\" data-e-type=\"column\" data-settings=\"{&quot;animation&quot;:&quot;fadeInUp&quot;}\">\n\t\t\t<div class=\"elementor-widget-wrap elementor-element-populated\">\n\t\t\t\t\t\t<div class=\"elementor-element elementor-element-0c2fcce elementor-widget elementor-widget-image\" data-id=\"0c2fcce\" data-element_type=\"widget\" data-e-type=\"widget\" data-widget_type=\"image.default\">\n\t\t\t\t<div class=\"elementor-widget-container\">\n\t\t\t\t\t\t\t\t\t\t\t\t\t\t\t<img decoding=\"async\" width=\"576\" height=\"1024\" src=\"https:\/\/umbrapompe.it\/wp-content\/uploads\/2022\/09\/5-576x1024.png\" class=\"elementor-animation-grow attachment-large size-large wp-image-3674\" alt=\"\" srcset=\"https:\/\/umbrapompe.it\/wp-content\/uploads\/2022\/09\/5-576x1024.png 576w, https:\/\/umbrapompe.it\/wp-content\/uploads\/2022\/09\/5-169x300.png 169w, https:\/\/umbrapompe.it\/wp-content\/uploads\/2022\/09\/5-768x1365.png 768w, https:\/\/umbrapompe.it\/wp-content\/uploads\/2022\/09\/5-864x1536.png 864w, https:\/\/umbrapompe.it\/wp-content\/uploads\/2022\/09\/5-300x533.png 300w, https:\/\/umbrapompe.it\/wp-content\/uploads\/2022\/09\/5-800x1422.png 800w, https:\/\/umbrapompe.it\/wp-content\/uploads\/2022\/09\/5.png 1080w\" sizes=\"(max-width: 576px) 100vw, 576px\" \/>\t\t\t\t\t\t\t\t\t\t\t\t\t\t\t<\/div>\n\t\t\t\t<\/div>\n\t\t\t\t\t<\/div>\n\t\t<\/div>\n\t\t\t\t<div class=\"elementor-column elementor-col-20 elementor-top-column elementor-element elementor-element-035ba55 animated-fast elementor-invisible\" data-id=\"035ba55\" data-element_type=\"column\" data-e-type=\"column\" data-settings=\"{&quot;animation&quot;:&quot;fadeInUp&quot;}\">\n\t\t\t<div class=\"elementor-widget-wrap\">\n\t\t\t\t\t\t\t<\/div>\n\t\t<\/div>\n\t\t\t\t\t<\/div>\n\t\t<\/section>\n\t\t\t\t<section class=\"elementor-section elementor-top-section elementor-element elementor-element-dc478b4 elementor-section-full_width elementor-section-height-min-height elementor-section-height-default elementor-section-items-middle\" data-id=\"dc478b4\" data-element_type=\"section\" data-e-type=\"section\">\n\t\t\t\t\t\t<div class=\"elementor-container elementor-column-gap-wide\">\n\t\t\t\t\t<div class=\"elementor-column elementor-col-16 elementor-top-column elementor-element elementor-element-921a62d animated-fast elementor-invisible\" data-id=\"921a62d\" data-element_type=\"column\" data-e-type=\"column\" data-settings=\"{&quot;animation&quot;:&quot;fadeInUp&quot;}\">\n\t\t\t<div class=\"elementor-widget-wrap\">\n\t\t\t\t\t\t\t<\/div>\n\t\t<\/div>\n\t\t\t\t<div class=\"elementor-column elementor-col-16 elementor-top-column elementor-element elementor-element-149bd61\" data-id=\"149bd61\" data-element_type=\"column\" data-e-type=\"column\">\n\t\t\t<div class=\"elementor-widget-wrap\">\n\t\t\t\t\t\t\t<\/div>\n\t\t<\/div>\n\t\t\t\t<div class=\"elementor-column elementor-col-16 elementor-top-column elementor-element elementor-element-0b3688f animated-fast elementor-invisible\" data-id=\"0b3688f\" data-element_type=\"column\" data-e-type=\"column\" data-settings=\"{&quot;animation&quot;:&quot;fadeInUp&quot;}\">\n\t\t\t<div class=\"elementor-widget-wrap elementor-element-populated\">\n\t\t\t\t\t\t<div class=\"elementor-element elementor-element-45f23f5 elementor-widget elementor-widget-image\" data-id=\"45f23f5\" data-element_type=\"widget\" data-e-type=\"widget\" data-widget_type=\"image.default\">\n\t\t\t\t<div class=\"elementor-widget-container\">\n\t\t\t\t\t\t\t\t\t\t\t\t\t\t\t<img loading=\"lazy\" decoding=\"async\" width=\"576\" height=\"1024\" src=\"https:\/\/umbrapompe.it\/wp-content\/uploads\/2022\/09\/7-576x1024.png\" class=\"elementor-animation-grow attachment-large size-large wp-image-3679\" alt=\"\" srcset=\"https:\/\/umbrapompe.it\/wp-content\/uploads\/2022\/09\/7-576x1024.png 576w, https:\/\/umbrapompe.it\/wp-content\/uploads\/2022\/09\/7-169x300.png 169w, https:\/\/umbrapompe.it\/wp-content\/uploads\/2022\/09\/7-768x1365.png 768w, https:\/\/umbrapompe.it\/wp-content\/uploads\/2022\/09\/7-864x1536.png 864w, https:\/\/umbrapompe.it\/wp-content\/uploads\/2022\/09\/7-300x533.png 300w, https:\/\/umbrapompe.it\/wp-content\/uploads\/2022\/09\/7-800x1422.png 800w, https:\/\/umbrapompe.it\/wp-content\/uploads\/2022\/09\/7.png 1080w\" sizes=\"(max-width: 576px) 100vw, 576px\" \/>\t\t\t\t\t\t\t\t\t\t\t\t\t\t\t<\/div>\n\t\t\t\t<\/div>\n\t\t\t\t\t<\/div>\n\t\t<\/div>\n\t\t\t\t<div class=\"elementor-column elementor-col-16 elementor-top-column elementor-element elementor-element-e738735 animated-fast elementor-invisible\" data-id=\"e738735\" data-element_type=\"column\" data-e-type=\"column\" data-settings=\"{&quot;animation&quot;:&quot;fadeInUp&quot;}\">\n\t\t\t<div class=\"elementor-widget-wrap elementor-element-populated\">\n\t\t\t\t\t\t<div class=\"elementor-element elementor-element-fedaf0b elementor-widget elementor-widget-image\" data-id=\"fedaf0b\" data-element_type=\"widget\" data-e-type=\"widget\" data-widget_type=\"image.default\">\n\t\t\t\t<div class=\"elementor-widget-container\">\n\t\t\t\t\t\t\t\t\t\t\t\t\t\t\t<img loading=\"lazy\" decoding=\"async\" width=\"576\" height=\"1024\" src=\"https:\/\/umbrapompe.it\/wp-content\/uploads\/2022\/09\/9-576x1024.png\" class=\"elementor-animation-grow attachment-large size-large wp-image-3684\" alt=\"\" srcset=\"https:\/\/umbrapompe.it\/wp-content\/uploads\/2022\/09\/9-576x1024.png 576w, https:\/\/umbrapompe.it\/wp-content\/uploads\/2022\/09\/9-169x300.png 169w, https:\/\/umbrapompe.it\/wp-content\/uploads\/2022\/09\/9-768x1365.png 768w, https:\/\/umbrapompe.it\/wp-content\/uploads\/2022\/09\/9-864x1536.png 864w, https:\/\/umbrapompe.it\/wp-content\/uploads\/2022\/09\/9-300x533.png 300w, https:\/\/umbrapompe.it\/wp-content\/uploads\/2022\/09\/9-800x1422.png 800w, https:\/\/umbrapompe.it\/wp-content\/uploads\/2022\/09\/9.png 1080w\" sizes=\"(max-width: 576px) 100vw, 576px\" \/>\t\t\t\t\t\t\t\t\t\t\t\t\t\t\t<\/div>\n\t\t\t\t<\/div>\n\t\t\t\t\t<\/div>\n\t\t<\/div>\n\t\t\t\t<div class=\"elementor-column elementor-col-16 elementor-top-column elementor-element elementor-element-ff1cde7 animated-fast elementor-invisible\" data-id=\"ff1cde7\" data-element_type=\"column\" data-e-type=\"column\" data-settings=\"{&quot;animation&quot;:&quot;fadeInUp&quot;}\">\n\t\t\t<div class=\"elementor-widget-wrap\">\n\t\t\t\t\t\t\t<\/div>\n\t\t<\/div>\n\t\t\t\t<div class=\"elementor-column elementor-col-16 elementor-top-column elementor-element elementor-element-9489a0a animated-fast elementor-invisible\" data-id=\"9489a0a\" data-element_type=\"column\" data-e-type=\"column\" data-settings=\"{&quot;animation&quot;:&quot;fadeInUp&quot;}\">\n\t\t\t<div class=\"elementor-widget-wrap\">\n\t\t\t\t\t\t\t<\/div>\n\t\t<\/div>\n\t\t\t\t\t<\/div>\n\t\t<\/section>\n\t\t\t\t<\/div>\n\t\t","protected":false},"excerpt":{"rendered":"<p>Somos conscientes de que el progreso tambi\u00e9n implica una gesti\u00f3n responsablemedio ambiente y, por ello, realizamos nuestras actividades de acuerdo con los principios del desarrollo sostenible, mejorando constantemente el rendimiento medioambiental de nuestras acciones. Nuestro compromiso se extiende tambi\u00e9n a la producci\u00f3n y la venta, en pleno cumplimiento de todas las leyes aplicables, lo que [&hellip;]<\/p>\n","protected":false},"author":2,"featured_media":0,"parent":0,"menu_order":0,"comment_status":"closed","ping_status":"closed","template":"elementor_header_footer","meta":{"_acf_changed":false,"footnotes":""},"class_list":["post-2377","page","type-page","status-publish","hentry"],"acf":[],"_links":{"self":[{"href":"https:\/\/umbrapompe.it\/es\/wp-json\/wp\/v2\/pages\/2377","targetHints":{"allow":["GET"]}}],"collection":[{"href":"https:\/\/umbrapompe.it\/es\/wp-json\/wp\/v2\/pages"}],"about":[{"href":"https:\/\/umbrapompe.it\/es\/wp-json\/wp\/v2\/types\/page"}],"author":[{"embeddable":true,"href":"https:\/\/umbrapompe.it\/es\/wp-json\/wp\/v2\/users\/2"}],"replies":[{"embeddable":true,"href":"https:\/\/umbrapompe.it\/es\/wp-json\/wp\/v2\/comments?post=2377"}],"version-history":[{"count":15,"href":"https:\/\/umbrapompe.it\/es\/wp-json\/wp\/v2\/pages\/2377\/revisions"}],"predecessor-version":[{"id":4281,"href":"https:\/\/umbrapompe.it\/es\/wp-json\/wp\/v2\/pages\/2377\/revisions\/4281"}],"wp:attachment":[{"href":"https:\/\/umbrapompe.it\/es\/wp-json\/wp\/v2\/media?parent=2377"}],"curies":[{"name":"wp","href":"https:\/\/api.w.org\/{rel}","templated":true}]}}