{"id":2479,"date":"2022-06-13T09:11:09","date_gmt":"2022-06-13T09:11:09","guid":{"rendered":"https:\/\/www.umbrapompe.it\/?page_id=2479"},"modified":"2022-09-17T15:19:15","modified_gmt":"2022-09-17T15:19:15","slug":"nuestra-historia","status":"publish","type":"page","link":"https:\/\/umbrapompe.it\/es\/nuestra-historia\/","title":{"rendered":"Nuestra historia"},"content":{"rendered":"\t\t<div data-elementor-type=\"wp-page\" data-elementor-id=\"2479\" class=\"elementor elementor-2479 elementor-291\" data-elementor-post-type=\"page\">\n\t\t\t\t\t\t<section class=\"elementor-section elementor-top-section elementor-element elementor-element-354e917 elementor-section-full_width elementor-section-stretched elementor-section-height-default elementor-section-height-default\" data-id=\"354e917\" data-element_type=\"section\" data-e-type=\"section\" data-settings=\"{&quot;stretch_section&quot;:&quot;section-stretched&quot;}\">\n\t\t\t\t\t\t<div class=\"elementor-container elementor-column-gap-default\">\n\t\t\t\t\t<div class=\"elementor-column elementor-col-100 elementor-top-column elementor-element elementor-element-ccc3f98\" data-id=\"ccc3f98\" data-element_type=\"column\" data-e-type=\"column\">\n\t\t\t<div class=\"elementor-widget-wrap elementor-element-populated\">\n\t\t\t\t\t\t<div class=\"elementor-element elementor-element-fda3472 elementor-widget elementor-widget-image\" data-id=\"fda3472\" data-element_type=\"widget\" data-e-type=\"widget\" data-widget_type=\"image.default\">\n\t\t\t\t<div class=\"elementor-widget-container\">\n\t\t\t\t\t\t\t\t\t\t\t\t\t\t\t<img fetchpriority=\"high\" decoding=\"async\" width=\"1920\" height=\"924\" src=\"https:\/\/umbrapompe.it\/wp-content\/uploads\/2022\/06\/azienda_sl2_0.jpg\" class=\"attachment-full size-full wp-image-1727\" alt=\"\" srcset=\"https:\/\/umbrapompe.it\/wp-content\/uploads\/2022\/06\/azienda_sl2_0.jpg 1920w, https:\/\/umbrapompe.it\/wp-content\/uploads\/2022\/06\/azienda_sl2_0-300x144.jpg 300w, https:\/\/umbrapompe.it\/wp-content\/uploads\/2022\/06\/azienda_sl2_0-800x385.jpg 800w, https:\/\/umbrapompe.it\/wp-content\/uploads\/2022\/06\/azienda_sl2_0-1024x493.jpg 1024w, https:\/\/umbrapompe.it\/wp-content\/uploads\/2022\/06\/azienda_sl2_0-768x370.jpg 768w, https:\/\/umbrapompe.it\/wp-content\/uploads\/2022\/06\/azienda_sl2_0-1536x739.jpg 1536w\" sizes=\"(max-width: 1920px) 100vw, 1920px\" \/>\t\t\t\t\t\t\t\t\t\t\t\t\t\t\t<\/div>\n\t\t\t\t<\/div>\n\t\t\t\t\t<\/div>\n\t\t<\/div>\n\t\t\t\t\t<\/div>\n\t\t<\/section>\n\t\t\t\t<section class=\"elementor-section elementor-top-section elementor-element elementor-element-0026244 elementor-section-full_width elementor-section-height-default elementor-section-height-default\" data-id=\"0026244\" data-element_type=\"section\" data-e-type=\"section\">\n\t\t\t\t\t\t<div class=\"elementor-container elementor-column-gap-default\">\n\t\t\t\t\t<div class=\"elementor-column elementor-col-100 elementor-top-column elementor-element elementor-element-727ba4a\" data-id=\"727ba4a\" data-element_type=\"column\" data-e-type=\"column\">\n\t\t\t<div class=\"elementor-widget-wrap elementor-element-populated\">\n\t\t\t\t\t\t<div class=\"elementor-element elementor-element-1f7faf9 elementor-widget elementor-widget-text-editor\" data-id=\"1f7faf9\" data-element_type=\"widget\" data-e-type=\"widget\" data-widget_type=\"text-editor.default\">\n\t\t\t\t<div class=\"elementor-widget-container\">\n\t\t\t\t\t\t\t\t\t\n          <p>Fundada en 1984 como continuaci\u00f3n de su actividad hist\u00f3rica anterior, Umbra Pompe se estableci\u00f3 inmediatamente como fabricante de electrobombas para los sectores dom\u00e9stico, civil e industrial.<br>Todo el proceso de producci\u00f3n, desde el dise\u00f1o hasta la realizaci\u00f3n y la industrializaci\u00f3n, se lleva a cabo en la empresa.<br>Con soluciones para aplicaciones dom\u00e9sticas, civiles e industriales, siempre intentamos satisfacer las necesidades de cada cliente, ofreciendo una amplia gama de electrobombas.<br>De hecho, Umbra Pompe es reconocida como l\u00edder del sector y exporta sus bombas de alta calidad a m\u00e1s de 150 pa\u00edses de todo el mundo.<\/p>\n        \t\t\t\t\t\t\t\t<\/div>\n\t\t\t\t<\/div>\n\t\t\t\t\t<\/div>\n\t\t<\/div>\n\t\t\t\t\t<\/div>\n\t\t<\/section>\n\t\t\t\t<section class=\"elementor-section elementor-top-section elementor-element elementor-element-4261adb elementor-section-full_width elementor-hidden-mobile elementor-section-stretched elementor-section-height-default elementor-section-height-default\" data-id=\"4261adb\" data-element_type=\"section\" data-e-type=\"section\" data-settings=\"{&quot;stretch_section&quot;:&quot;section-stretched&quot;}\">\n\t\t\t\t\t\t<div class=\"elementor-container elementor-column-gap-default\">\n\t\t\t\t\t<div class=\"elementor-column elementor-col-100 elementor-top-column elementor-element elementor-element-fab42e2\" data-id=\"fab42e2\" data-element_type=\"column\" data-e-type=\"column\">\n\t\t\t<div class=\"elementor-widget-wrap elementor-element-populated\">\n\t\t\t\t\t\t<div class=\"elementor-element elementor-element-2fb4912 elementor-widget elementor-widget-image\" data-id=\"2fb4912\" data-element_type=\"widget\" data-e-type=\"widget\" data-widget_type=\"image.default\">\n\t\t\t\t<div class=\"elementor-widget-container\">\n\t\t\t\t\t\t\t\t\t\t\t\t\t\t\t<img decoding=\"async\" width=\"768\" height=\"360\" src=\"https:\/\/umbrapompe.it\/wp-content\/uploads\/2022\/09\/1-768x360.png\" class=\"attachment-medium_large size-medium_large wp-image-3697\" alt=\"\" srcset=\"https:\/\/umbrapompe.it\/wp-content\/uploads\/2022\/09\/1-768x360.png 768w, https:\/\/umbrapompe.it\/wp-content\/uploads\/2022\/09\/1-300x141.png 300w, https:\/\/umbrapompe.it\/wp-content\/uploads\/2022\/09\/1-1024x480.png 1024w, https:\/\/umbrapompe.it\/wp-content\/uploads\/2022\/09\/1-1536x720.png 1536w, https:\/\/umbrapompe.it\/wp-content\/uploads\/2022\/09\/1-2048x961.png 2048w, https:\/\/umbrapompe.it\/wp-content\/uploads\/2022\/09\/1-800x375.png 800w\" sizes=\"(max-width: 768px) 100vw, 768px\" \/>\t\t\t\t\t\t\t\t\t\t\t\t\t\t\t<\/div>\n\t\t\t\t<\/div>\n\t\t\t\t<div class=\"elementor-element elementor-element-c4d5955 elementor-widget elementor-widget-image\" data-id=\"c4d5955\" data-element_type=\"widget\" data-e-type=\"widget\" data-widget_type=\"image.default\">\n\t\t\t\t<div class=\"elementor-widget-container\">\n\t\t\t\t\t\t\t\t\t\t\t\t\t\t\t<img decoding=\"async\" width=\"768\" height=\"360\" src=\"https:\/\/umbrapompe.it\/wp-content\/uploads\/2022\/09\/2-1-768x360.png\" class=\"attachment-medium_large size-medium_large wp-image-3702\" alt=\"\" srcset=\"https:\/\/umbrapompe.it\/wp-content\/uploads\/2022\/09\/2-1-768x360.png 768w, https:\/\/umbrapompe.it\/wp-content\/uploads\/2022\/09\/2-1-300x141.png 300w, https:\/\/umbrapompe.it\/wp-content\/uploads\/2022\/09\/2-1-1024x480.png 1024w, https:\/\/umbrapompe.it\/wp-content\/uploads\/2022\/09\/2-1-1536x720.png 1536w, https:\/\/umbrapompe.it\/wp-content\/uploads\/2022\/09\/2-1-2048x961.png 2048w, https:\/\/umbrapompe.it\/wp-content\/uploads\/2022\/09\/2-1-800x375.png 800w\" sizes=\"(max-width: 768px) 100vw, 768px\" \/>\t\t\t\t\t\t\t\t\t\t\t\t\t\t\t<\/div>\n\t\t\t\t<\/div>\n\t\t\t\t<div class=\"elementor-element elementor-element-9895c0e elementor-widget elementor-widget-image\" data-id=\"9895c0e\" data-element_type=\"widget\" data-e-type=\"widget\" data-widget_type=\"image.default\">\n\t\t\t\t<div class=\"elementor-widget-container\">\n\t\t\t\t\t\t\t\t\t\t\t\t\t\t\t<img loading=\"lazy\" decoding=\"async\" width=\"768\" height=\"360\" src=\"https:\/\/umbrapompe.it\/wp-content\/uploads\/2022\/09\/3-1-768x360.png\" class=\"attachment-medium_large size-medium_large wp-image-3707\" alt=\"\" srcset=\"https:\/\/umbrapompe.it\/wp-content\/uploads\/2022\/09\/3-1-768x360.png 768w, https:\/\/umbrapompe.it\/wp-content\/uploads\/2022\/09\/3-1-300x141.png 300w, https:\/\/umbrapompe.it\/wp-content\/uploads\/2022\/09\/3-1-1024x480.png 1024w, https:\/\/umbrapompe.it\/wp-content\/uploads\/2022\/09\/3-1-1536x720.png 1536w, https:\/\/umbrapompe.it\/wp-content\/uploads\/2022\/09\/3-1-2048x961.png 2048w, https:\/\/umbrapompe.it\/wp-content\/uploads\/2022\/09\/3-1-800x375.png 800w\" sizes=\"(max-width: 768px) 100vw, 768px\" \/>\t\t\t\t\t\t\t\t\t\t\t\t\t\t\t<\/div>\n\t\t\t\t<\/div>\n\t\t\t\t<div class=\"elementor-element elementor-element-5b8d740 elementor-widget elementor-widget-image\" data-id=\"5b8d740\" data-element_type=\"widget\" data-e-type=\"widget\" data-widget_type=\"image.default\">\n\t\t\t\t<div class=\"elementor-widget-container\">\n\t\t\t\t\t\t\t\t\t\t\t\t\t\t\t<img loading=\"lazy\" decoding=\"async\" width=\"768\" height=\"360\" src=\"https:\/\/umbrapompe.it\/wp-content\/uploads\/2022\/09\/4-768x360.png\" class=\"attachment-medium_large size-medium_large wp-image-3712\" alt=\"\" srcset=\"https:\/\/umbrapompe.it\/wp-content\/uploads\/2022\/09\/4-768x360.png 768w, https:\/\/umbrapompe.it\/wp-content\/uploads\/2022\/09\/4-300x141.png 300w, https:\/\/umbrapompe.it\/wp-content\/uploads\/2022\/09\/4-1024x480.png 1024w, https:\/\/umbrapompe.it\/wp-content\/uploads\/2022\/09\/4-1536x720.png 1536w, https:\/\/umbrapompe.it\/wp-content\/uploads\/2022\/09\/4-2048x961.png 2048w, https:\/\/umbrapompe.it\/wp-content\/uploads\/2022\/09\/4-800x375.png 800w\" sizes=\"(max-width: 768px) 100vw, 768px\" \/>\t\t\t\t\t\t\t\t\t\t\t\t\t\t\t<\/div>\n\t\t\t\t<\/div>\n\t\t\t\t\t<\/div>\n\t\t<\/div>\n\t\t\t\t\t<\/div>\n\t\t<\/section>\n\t\t\t\t<section class=\"elementor-section elementor-top-section elementor-element elementor-element-a001562 elementor-section-full_width elementor-hidden-desktop elementor-hidden-tablet elementor-section-height-default elementor-section-height-default\" data-id=\"a001562\" data-element_type=\"section\" data-e-type=\"section\">\n\t\t\t\t\t\t<div class=\"elementor-container elementor-column-gap-default\">\n\t\t\t\t\t<div class=\"elementor-column elementor-col-100 elementor-top-column elementor-element elementor-element-59825b2\" data-id=\"59825b2\" data-element_type=\"column\" data-e-type=\"column\">\n\t\t\t<div class=\"elementor-widget-wrap elementor-element-populated\">\n\t\t\t\t\t\t<div class=\"elementor-element elementor-element-7f6f38a elementor-widget elementor-widget-image\" data-id=\"7f6f38a\" data-element_type=\"widget\" data-e-type=\"widget\" data-widget_type=\"image.default\">\n\t\t\t\t<div class=\"elementor-widget-container\">\n\t\t\t\t\t\t\t\t\t\t\t\t\t\t\t<img loading=\"lazy\" decoding=\"async\" width=\"576\" height=\"1024\" src=\"https:\/\/umbrapompe.it\/wp-content\/uploads\/2022\/09\/Timeline-vert-576x1024.png\" class=\"attachment-large size-large wp-image-3692\" alt=\"\" srcset=\"https:\/\/umbrapompe.it\/wp-content\/uploads\/2022\/09\/Timeline-vert-576x1024.png 576w, https:\/\/umbrapompe.it\/wp-content\/uploads\/2022\/09\/Timeline-vert-169x300.png 169w, https:\/\/umbrapompe.it\/wp-content\/uploads\/2022\/09\/Timeline-vert-768x1365.png 768w, https:\/\/umbrapompe.it\/wp-content\/uploads\/2022\/09\/Timeline-vert-864x1536.png 864w, https:\/\/umbrapompe.it\/wp-content\/uploads\/2022\/09\/Timeline-vert-300x533.png 300w, https:\/\/umbrapompe.it\/wp-content\/uploads\/2022\/09\/Timeline-vert-800x1422.png 800w, https:\/\/umbrapompe.it\/wp-content\/uploads\/2022\/09\/Timeline-vert.png 1080w\" sizes=\"(max-width: 576px) 100vw, 576px\" \/>\t\t\t\t\t\t\t\t\t\t\t\t\t\t\t<\/div>\n\t\t\t\t<\/div>\n\t\t\t\t\t<\/div>\n\t\t<\/div>\n\t\t\t\t\t<\/div>\n\t\t<\/section>\n\t\t\t\t<\/div>\n\t\t","protected":false},"excerpt":{"rendered":"<p>Fundada en 1984 como continuaci\u00f3n de su actividad hist\u00f3rica anterior, Umbra Pompe se estableci\u00f3 inmediatamente como fabricante de electrobombas para los sectores dom\u00e9stico, civil e industrial.Todo el proceso de producci\u00f3n, desde el dise\u00f1o hasta la realizaci\u00f3n y la industrializaci\u00f3n, se lleva a cabo en la empresa.Con soluciones para aplicaciones dom\u00e9sticas, civiles e industriales, siempre intentamos [&hellip;]<\/p>\n","protected":false},"author":2,"featured_media":0,"parent":0,"menu_order":0,"comment_status":"closed","ping_status":"closed","template":"elementor_header_footer","meta":{"_acf_changed":false,"footnotes":""},"class_list":["post-2479","page","type-page","status-publish","hentry"],"acf":[],"_links":{"self":[{"href":"https:\/\/umbrapompe.it\/es\/wp-json\/wp\/v2\/pages\/2479","targetHints":{"allow":["GET"]}}],"collection":[{"href":"https:\/\/umbrapompe.it\/es\/wp-json\/wp\/v2\/pages"}],"about":[{"href":"https:\/\/umbrapompe.it\/es\/wp-json\/wp\/v2\/types\/page"}],"author":[{"embeddable":true,"href":"https:\/\/umbrapompe.it\/es\/wp-json\/wp\/v2\/users\/2"}],"replies":[{"embeddable":true,"href":"https:\/\/umbrapompe.it\/es\/wp-json\/wp\/v2\/comments?post=2479"}],"version-history":[{"count":9,"href":"https:\/\/umbrapompe.it\/es\/wp-json\/wp\/v2\/pages\/2479\/revisions"}],"predecessor-version":[{"id":3719,"href":"https:\/\/umbrapompe.it\/es\/wp-json\/wp\/v2\/pages\/2479\/revisions\/3719"}],"wp:attachment":[{"href":"https:\/\/umbrapompe.it\/es\/wp-json\/wp\/v2\/media?parent=2479"}],"curies":[{"name":"wp","href":"https:\/\/api.w.org\/{rel}","templated":true}]}}