{"id":2236,"date":"2022-06-19T16:57:26","date_gmt":"2022-06-19T16:57:26","guid":{"rendered":"https:\/\/www.umbrapompe.it\/?product=4-f-ff"},"modified":"2022-09-22T14:42:25","modified_gmt":"2022-09-22T14:42:25","slug":"4-f-ff","status":"publish","type":"product","link":"https:\/\/umbrapompe.it\/es\/prodotto\/4-f-ff\/","title":{"rendered":"4&#8243; F-FF"},"content":{"rendered":"<h4><strong>BOMBAS EL\u00c9CTRICAS SUMERGIBLES<\/strong><\/h4>\n<p><strong>Aplicaciones de tipo F\/FF<\/strong><br \/>\nSistemas de agua, para uso dom\u00e9stico e industrial, en servicio continuo o intermitente. Sistemas de presurizaci\u00f3n. Sistemas de riego.<\/p>\n<p><strong>Descripci\u00f3n tipo F<\/strong><br \/>\nBombas sumergibles centr\u00edfugas multietapa, para pozos de 4&#8243;, especialmente indicadas para sistemas de elevaci\u00f3n y distribuci\u00f3n que requieren presiones y caudales muy elevados.<\/p>\n<p><strong>Caracter\u00edsticas de construcci\u00f3n tipo F<\/strong><br \/>\nCuerpo de entrega de lat\u00f3n (OT 58). V\u00e1lvula de retenci\u00f3n incorporada (para todos los modelos) y f\u00e1cilmente desmontable. Impulsores y difusores en policarbonato at\u00f3xico (Lexan), cuerpo del difusor en acero inoxidable (AISI 304) para los modelos 6 &#8211; 10 &#8211; 14 &#8211; 24. Manguito de acero inoxidable, eje de la bomba, acoplamiento, tapa de la carcasa, rejilla de aspiraci\u00f3n y tornillos. Brida de acoplamiento del motor preparada seg\u00fan la normativa NEMA. \u00d8 m\u00e1x. de la bomba 96 mm.<\/p>\n<p><strong>Descripci\u00f3n Tipo FF<\/strong><br \/>\nBombas sumergibles centr\u00edfugas flotantes multietapa para pozos de 4&#8243;, especialmente indicadas para sistemas de elevaci\u00f3n y distribuci\u00f3n de agua. Las soluciones t\u00e9cnicas y el uso de nuevos materiales permiten la construcci\u00f3n de bombas con un excelente rendimiento combinado con una alta resistencia a la abrasi\u00f3n utilizando impulsores flotantes.<\/p>\n<p><strong>Caracter\u00edsticas de construcci\u00f3n del tipo FF<\/strong><br \/>\nCuerpo de entrega de lat\u00f3n. V\u00e1lvula de retenci\u00f3n incorporada (para todos los modelos) y f\u00e1cilmente desmontable. Impulsores y difusores de PPO, insertos de resina acetal de alto rendimiento. Manguito de acero inoxidable, eje de la bomba, acoplamiento, tapa de la carcasa, rejilla de aspiraci\u00f3n y tornillos. Brida de acoplamiento del motor preparada seg\u00fan la normativa NEMA. \u00d8 m\u00e1x. de la bomba 96 mm.<\/p>\n<p><strong>Motor<\/strong><br \/>\nEl motor el\u00e9ctrico, que cumple las normas NEMA, es bipolar, monof\u00e1sico o trif\u00e1sico, en un ba\u00f1o de refrigerante no t\u00f3xico. Tensi\u00f3n monof\u00e1sica: 230-240 V. 50 Hz. Tensi\u00f3n trif\u00e1sica: 400 V. 50 Hz. Totalmente estanco, aislamiento clase F, grado de protecci\u00f3n IP 68. Construcci\u00f3n seg\u00fan las normas: EN 60 335-2-41.<\/p>\n","protected":false},"excerpt":{"rendered":"<p>BOMBAS EL\u00c9CTRICAS SUMERGIBLES Aplicaciones de tipo F\/FF Sistemas de agua, para uso dom\u00e9stico e industrial, en servicio continuo o intermitente. Sistemas de presurizaci\u00f3n. Sistemas de riego. Descripci\u00f3n tipo F Bombas sumergibles centr\u00edfugas multietapa, para pozos de 4&#8243;, especialmente indicadas para sistemas de elevaci\u00f3n y distribuci\u00f3n que requieren presiones y caudales muy elevados. Caracter\u00edsticas de construcci\u00f3n [&hellip;]<\/p>\n","protected":false},"featured_media":1751,"comment_status":"open","ping_status":"closed","template":"","meta":{"_acf_changed":false},"product_brand":[],"product_cat":[51],"product_tag":[],"class_list":{"0":"post-2236","1":"product","2":"type-product","3":"status-publish","4":"has-post-thumbnail","6":"product_cat-sumergido","8":"first","9":"instock","10":"shipping-taxable","11":"product-type-simple"},"acf":[],"_links":{"self":[{"href":"https:\/\/umbrapompe.it\/es\/wp-json\/wp\/v2\/product\/2236","targetHints":{"allow":["GET"]}}],"collection":[{"href":"https:\/\/umbrapompe.it\/es\/wp-json\/wp\/v2\/product"}],"about":[{"href":"https:\/\/umbrapompe.it\/es\/wp-json\/wp\/v2\/types\/product"}],"replies":[{"embeddable":true,"href":"https:\/\/umbrapompe.it\/es\/wp-json\/wp\/v2\/comments?post=2236"}],"wp:featuredmedia":[{"embeddable":true,"href":"https:\/\/umbrapompe.it\/es\/wp-json\/wp\/v2\/media\/1751"}],"wp:attachment":[{"href":"https:\/\/umbrapompe.it\/es\/wp-json\/wp\/v2\/media?parent=2236"}],"wp:term":[{"taxonomy":"product_brand","embeddable":true,"href":"https:\/\/umbrapompe.it\/es\/wp-json\/wp\/v2\/product_brand?post=2236"},{"taxonomy":"product_cat","embeddable":true,"href":"https:\/\/umbrapompe.it\/es\/wp-json\/wp\/v2\/product_cat?post=2236"},{"taxonomy":"product_tag","embeddable":true,"href":"https:\/\/umbrapompe.it\/es\/wp-json\/wp\/v2\/product_tag?post=2236"}],"curies":[{"name":"wp","href":"https:\/\/api.w.org\/{rel}","templated":true}]}}