{"id":2259,"date":"2022-06-18T16:37:01","date_gmt":"2022-06-18T16:37:01","guid":{"rendered":"https:\/\/www.umbrapompe.it\/?product=bateria-para-bebes"},"modified":"2022-09-23T12:12:57","modified_gmt":"2022-09-23T12:12:57","slug":"babybattery","status":"publish","type":"product","link":"https:\/\/umbrapompe.it\/es\/prodotto\/babybattery\/","title":{"rendered":"BABY BATTERY"},"content":{"rendered":"<h4><strong>BOMBAS SUMERGIBLES<\/strong><\/h4>\n<p><strong>Especificaciones t\u00e9cnicas<\/strong><br \/>\nPort\u00e1til, compacto, totalmente sumergible para aguas claras y s\u00f3lidos en suspensi\u00f3n de hasta 1,7 mm.<\/p>\n<p>Salida con tres puntos de reducci\u00f3n.<\/p>\n<p>Cable el\u00e9ctrico de 5 m.<\/p>\n<p>Carcasa de pl\u00e1stico, cuerpo de la bomba, impulsor y filtro.<\/p>\n<p>Eje de acero inoxidable.<\/p>\n<p>Junta de doble labio.<\/p>\n<p>La serie Baby est\u00e1 disponible en versi\u00f3n manual y autom\u00e1tica con flotador tradicional o vertical.<\/p>\n","protected":false},"excerpt":{"rendered":"<p>BOMBAS SUMERGIBLES Especificaciones t\u00e9cnicas Port\u00e1til, compacto, totalmente sumergible para aguas claras y s\u00f3lidos en suspensi\u00f3n de hasta 1,7 mm. Salida con tres puntos de reducci\u00f3n. Cable el\u00e9ctrico de 5 m. Carcasa de pl\u00e1stico, cuerpo de la bomba, impulsor y filtro. Eje de acero inoxidable. Junta de doble labio. La serie Baby est\u00e1 disponible en versi\u00f3n [&hellip;]<\/p>\n","protected":false},"featured_media":2204,"comment_status":"open","ping_status":"closed","template":"","meta":{"_acf_changed":false},"product_brand":[],"product_cat":[53],"product_tag":[],"class_list":{"0":"post-2259","1":"product","2":"type-product","3":"status-publish","4":"has-post-thumbnail","6":"product_cat-drenaje","8":"first","9":"instock","10":"shipping-taxable","11":"product-type-simple"},"acf":[],"_links":{"self":[{"href":"https:\/\/umbrapompe.it\/es\/wp-json\/wp\/v2\/product\/2259","targetHints":{"allow":["GET"]}}],"collection":[{"href":"https:\/\/umbrapompe.it\/es\/wp-json\/wp\/v2\/product"}],"about":[{"href":"https:\/\/umbrapompe.it\/es\/wp-json\/wp\/v2\/types\/product"}],"replies":[{"embeddable":true,"href":"https:\/\/umbrapompe.it\/es\/wp-json\/wp\/v2\/comments?post=2259"}],"wp:featuredmedia":[{"embeddable":true,"href":"https:\/\/umbrapompe.it\/es\/wp-json\/wp\/v2\/media\/2204"}],"wp:attachment":[{"href":"https:\/\/umbrapompe.it\/es\/wp-json\/wp\/v2\/media?parent=2259"}],"wp:term":[{"taxonomy":"product_brand","embeddable":true,"href":"https:\/\/umbrapompe.it\/es\/wp-json\/wp\/v2\/product_brand?post=2259"},{"taxonomy":"product_cat","embeddable":true,"href":"https:\/\/umbrapompe.it\/es\/wp-json\/wp\/v2\/product_cat?post=2259"},{"taxonomy":"product_tag","embeddable":true,"href":"https:\/\/umbrapompe.it\/es\/wp-json\/wp\/v2\/product_tag?post=2259"}],"curies":[{"name":"wp","href":"https:\/\/api.w.org\/{rel}","templated":true}]}}