{"id":2286,"date":"2022-06-18T11:05:04","date_gmt":"2022-06-18T11:05:04","guid":{"rendered":"https:\/\/www.umbrapompe.it\/?product=3-t"},"modified":"2022-09-22T14:42:31","modified_gmt":"2022-09-22T14:42:31","slug":"3-t","status":"publish","type":"product","link":"https:\/\/umbrapompe.it\/es\/prodotto\/3-t\/","title":{"rendered":"3&#8243; T"},"content":{"rendered":"<h4><strong>BOMBAS EL\u00c9CTRICAS SUMERGIBLES<\/strong><\/h4>\n<p><strong>Empleo<\/strong><br \/>\nBombas sumergibles centr\u00edfugas multietapa, para pozos de 3&#8243;, especialmente indicadas para sistemas de elevaci\u00f3n y distribuci\u00f3n.<br \/>\nSistemas de agua, para uso dom\u00e9stico e industrial, en servicio continuo o intermitente. Sistemas de presurizaci\u00f3n. Sistemas de riego.<\/p>\n<p><strong>Caracter\u00edsticas de la construcci\u00f3n<\/strong><br \/>\nBrida de acoplamiento del motor y cuerpo de entrega de lat\u00f3n. V\u00e1lvula de retenci\u00f3n incorporada.<br \/>\nImpulsores y difusores PPO de poliacetal autolubricante. Manguito de acero inoxidable, eje de la bomba, acoplamiento, tapa de la carcasa, rejilla de aspiraci\u00f3n y tornillos. \u00d8 m\u00e1x. de la bomba 74 mm.<\/p>\n<p><strong>Motor<\/strong><br \/>\nEl motor el\u00e9ctrico, que cumple las normas NEMA, es bipolar, monof\u00e1sico o trif\u00e1sico, en un ba\u00f1o de refrigerante no t\u00f3xico.<\/p>\n<p>Tensi\u00f3n monof\u00e1sica: 230-240 V. 50 Hz.<\/p>\n<p>Tensi\u00f3n trif\u00e1sica: 400 V. 50 Hz.<\/p>\n<p>Totalmente estanco, aislamiento clase F, grado de protecci\u00f3n IP 68.<\/p>\n","protected":false},"excerpt":{"rendered":"<p>BOMBAS EL\u00c9CTRICAS SUMERGIBLES Empleo Bombas sumergibles centr\u00edfugas multietapa, para pozos de 3&#8243;, especialmente indicadas para sistemas de elevaci\u00f3n y distribuci\u00f3n. Sistemas de agua, para uso dom\u00e9stico e industrial, en servicio continuo o intermitente. Sistemas de presurizaci\u00f3n. Sistemas de riego. Caracter\u00edsticas de la construcci\u00f3n Brida de acoplamiento del motor y cuerpo de entrega de lat\u00f3n. V\u00e1lvula [&hellip;]<\/p>\n","protected":false},"featured_media":1748,"comment_status":"open","ping_status":"closed","template":"","meta":{"_acf_changed":false},"product_brand":[],"product_cat":[51],"product_tag":[],"class_list":{"0":"post-2286","1":"product","2":"type-product","3":"status-publish","4":"has-post-thumbnail","6":"product_cat-sumergido","8":"first","9":"instock","10":"shipping-taxable","11":"product-type-simple"},"acf":[],"_links":{"self":[{"href":"https:\/\/umbrapompe.it\/es\/wp-json\/wp\/v2\/product\/2286","targetHints":{"allow":["GET"]}}],"collection":[{"href":"https:\/\/umbrapompe.it\/es\/wp-json\/wp\/v2\/product"}],"about":[{"href":"https:\/\/umbrapompe.it\/es\/wp-json\/wp\/v2\/types\/product"}],"replies":[{"embeddable":true,"href":"https:\/\/umbrapompe.it\/es\/wp-json\/wp\/v2\/comments?post=2286"}],"wp:featuredmedia":[{"embeddable":true,"href":"https:\/\/umbrapompe.it\/es\/wp-json\/wp\/v2\/media\/1748"}],"wp:attachment":[{"href":"https:\/\/umbrapompe.it\/es\/wp-json\/wp\/v2\/media?parent=2286"}],"wp:term":[{"taxonomy":"product_brand","embeddable":true,"href":"https:\/\/umbrapompe.it\/es\/wp-json\/wp\/v2\/product_brand?post=2286"},{"taxonomy":"product_cat","embeddable":true,"href":"https:\/\/umbrapompe.it\/es\/wp-json\/wp\/v2\/product_cat?post=2286"},{"taxonomy":"product_tag","embeddable":true,"href":"https:\/\/umbrapompe.it\/es\/wp-json\/wp\/v2\/product_tag?post=2286"}],"curies":[{"name":"wp","href":"https:\/\/api.w.org\/{rel}","templated":true}]}}