{"id":2287,"date":"2022-06-18T16:52:13","date_gmt":"2022-06-18T16:52:13","guid":{"rendered":"https:\/\/www.umbrapompe.it\/?product=mp"},"modified":"2022-09-15T18:04:38","modified_gmt":"2022-09-15T18:04:38","slug":"mp-4-120","status":"publish","type":"product","link":"https:\/\/umbrapompe.it\/es\/prodotto\/mp-4-120\/","title":{"rendered":"MP"},"content":{"rendered":"<h4><strong>BOMBAS CENTR\u00cdFUGAS MULTICELULARES<\/strong><\/h4>\n<p><strong>Empleo<\/strong><br \/>\nElectrobombas centr\u00edfugas multietapa con impulsores radiales cerrados dise\u00f1adas para resolver todos los problemas de transporte de agua limpia con temperaturas no superiores a 35\u00b0C. Contenido m\u00e1ximo de arena 60 g\/m. N\u00famero m\u00e1ximo de arranques por hora 40. Especialmente indicado para el riego, sistemas de presurizaci\u00f3n, usos industriales y civiles en general, recuperaci\u00f3n de aguas pluviales. Adecuado para un uso continuo.<\/p>\n<p><strong>Caracter\u00edsticas de la construcci\u00f3n<\/strong><br \/>\nFabricados con materiales inoxidables de primera calidad y sometidos a rigurosas pruebas el\u00e9ctricas e hidr\u00e1ulicas. Muy f\u00e1cil de reparar. En la versi\u00f3n monof\u00e1sica, el condensador se coloca dentro de la bomba. MP no autocebante. SP autocebante.<\/p>\n<p><strong>Materiales<\/strong><br \/>\nCuerpo de la bomba de hierro fundido MP, lat\u00f3n SP, carcasa del motor de acero inoxidable AISI 304. Impulsores, difusores, separadores de PPO rellenos de vidrio, cada etapa se completa con un anillo de desgaste de acero inoxidable. Eje de transmisi\u00f3n de acero inoxidable AISI 420. Cierre mec\u00e1nico de al\u00famina-grafito. A petici\u00f3n en CARBURO DE SILICIO. Juntas de NBR.<\/p>\n<p><strong>Motor<\/strong><br \/>\nMonof\u00e1sico as\u00edncrono 230V. 50 HZ o trif\u00e1sico 400V. 50 HZ. Otras tensiones y frecuencias a petici\u00f3n. Clase de aislamiento F, IP 44. Protecci\u00f3n t\u00e9rmica incorporada.<\/p>\n","protected":false},"excerpt":{"rendered":"<p>BOMBAS CENTR\u00cdFUGAS MULTICELULARES Empleo Electrobombas centr\u00edfugas multietapa con impulsores radiales cerrados dise\u00f1adas para resolver todos los problemas de transporte de agua limpia con temperaturas no superiores a 35\u00b0C. Contenido m\u00e1ximo de arena 60 g\/m. N\u00famero m\u00e1ximo de arranques por hora 40. Especialmente indicado para el riego, sistemas de presurizaci\u00f3n, usos industriales y civiles en general, [&hellip;]<\/p>\n","protected":false},"featured_media":2072,"comment_status":"open","ping_status":"closed","template":"","meta":{"_acf_changed":false},"product_brand":[],"product_cat":[63],"product_tag":[],"class_list":{"0":"post-2287","1":"product","2":"type-product","3":"status-publish","4":"has-post-thumbnail","6":"product_cat-superficie","8":"first","9":"instock","10":"shipping-taxable","11":"product-type-simple"},"acf":[],"_links":{"self":[{"href":"https:\/\/umbrapompe.it\/es\/wp-json\/wp\/v2\/product\/2287","targetHints":{"allow":["GET"]}}],"collection":[{"href":"https:\/\/umbrapompe.it\/es\/wp-json\/wp\/v2\/product"}],"about":[{"href":"https:\/\/umbrapompe.it\/es\/wp-json\/wp\/v2\/types\/product"}],"replies":[{"embeddable":true,"href":"https:\/\/umbrapompe.it\/es\/wp-json\/wp\/v2\/comments?post=2287"}],"wp:featuredmedia":[{"embeddable":true,"href":"https:\/\/umbrapompe.it\/es\/wp-json\/wp\/v2\/media\/2072"}],"wp:attachment":[{"href":"https:\/\/umbrapompe.it\/es\/wp-json\/wp\/v2\/media?parent=2287"}],"wp:term":[{"taxonomy":"product_brand","embeddable":true,"href":"https:\/\/umbrapompe.it\/es\/wp-json\/wp\/v2\/product_brand?post=2287"},{"taxonomy":"product_cat","embeddable":true,"href":"https:\/\/umbrapompe.it\/es\/wp-json\/wp\/v2\/product_cat?post=2287"},{"taxonomy":"product_tag","embeddable":true,"href":"https:\/\/umbrapompe.it\/es\/wp-json\/wp\/v2\/product_tag?post=2287"}],"curies":[{"name":"wp","href":"https:\/\/api.w.org\/{rel}","templated":true}]}}