{"id":2293,"date":"2022-06-18T11:06:58","date_gmt":"2022-06-18T11:06:58","guid":{"rendered":"https:\/\/www.umbrapompe.it\/?product=p4"},"modified":"2022-09-15T18:04:35","modified_gmt":"2022-09-15T18:04:35","slug":"p4","status":"publish","type":"product","link":"https:\/\/umbrapompe.it\/es\/prodotto\/p4\/","title":{"rendered":"P4"},"content":{"rendered":"<h4><strong>MOTORES SUMERGIDOS<\/strong><\/h4>\n<p><strong>Empleo<\/strong><br \/>\nMotores sumergibles en un ba\u00f1o de refrigerante diel\u00e9ctrico no t\u00f3xico. Un nuevo concepto de construcci\u00f3n, resultado de nuestras d\u00e9cadas de experiencia en el sector, combinado con una elecci\u00f3n especial de los materiales de los componentes, garantiza un excelente rendimiento operativo, una calidad superior, una fiabilidad fiable y una facilidad de instalaci\u00f3n.<br \/>\nEl tipo particular de construcci\u00f3n tambi\u00e9n permite una f\u00e1cil accesibilidad a las distintas piezas de los componentes y facilita el mantenimiento de la m\u00e1quina cuando es necesario.<\/p>\n<p><strong>Caracter\u00edsticas de la construcci\u00f3n<\/strong><br \/>\nCarcasa exterior, eje y placa inferior de acero inoxidable.<\/p>\n<p>Soporte superior de hierro fundido galvanizado, fuelle de compensaci\u00f3n generosamente dimensionado.<\/p>\n<p>Aislamiento de clase F.<\/p>\n<p>Protecci\u00f3n IP68. Servicio continuo.<\/p>\n<p>Brida \u00abNEMA 4\u00bb.<\/p>\n<p><strong>L\u00edmites de funcionamiento<\/strong><br \/>\nFluctuaci\u00f3n de tensi\u00f3n m\u00e1xima -10% +6%.<\/p>\n<p>Profundidad m\u00e1xima de 100 m.<\/p>\n<p>N\u00famero m\u00e1ximo de arranques 30\/hora.<\/p>\n<p>La temperatura m\u00e1xima del agua en el pozo es de 35\u00b0C con un movimiento de agua de un m\u00ednimo de 0,08 m\/seg. Funcionamiento vertical\/horizontal para motores de hasta 2,2 kW.<\/p>\n<p>Se recomienda el funcionamiento vertical para motores de m\u00e1s de 2,2 kW.<\/p>\n","protected":false},"excerpt":{"rendered":"<p>MOTORES SUMERGIDOS Empleo Motores sumergibles en un ba\u00f1o de refrigerante diel\u00e9ctrico no t\u00f3xico. Un nuevo concepto de construcci\u00f3n, resultado de nuestras d\u00e9cadas de experiencia en el sector, combinado con una elecci\u00f3n especial de los materiales de los componentes, garantiza un excelente rendimiento operativo, una calidad superior, una fiabilidad fiable y una facilidad de instalaci\u00f3n. El [&hellip;]<\/p>\n","protected":false},"featured_media":2006,"comment_status":"open","ping_status":"closed","template":"","meta":{"_acf_changed":false},"product_brand":[],"product_cat":[51],"product_tag":[],"class_list":{"0":"post-2293","1":"product","2":"type-product","3":"status-publish","4":"has-post-thumbnail","6":"product_cat-sumergido","8":"first","9":"instock","10":"shipping-taxable","11":"product-type-simple"},"acf":[],"_links":{"self":[{"href":"https:\/\/umbrapompe.it\/es\/wp-json\/wp\/v2\/product\/2293","targetHints":{"allow":["GET"]}}],"collection":[{"href":"https:\/\/umbrapompe.it\/es\/wp-json\/wp\/v2\/product"}],"about":[{"href":"https:\/\/umbrapompe.it\/es\/wp-json\/wp\/v2\/types\/product"}],"replies":[{"embeddable":true,"href":"https:\/\/umbrapompe.it\/es\/wp-json\/wp\/v2\/comments?post=2293"}],"wp:featuredmedia":[{"embeddable":true,"href":"https:\/\/umbrapompe.it\/es\/wp-json\/wp\/v2\/media\/2006"}],"wp:attachment":[{"href":"https:\/\/umbrapompe.it\/es\/wp-json\/wp\/v2\/media?parent=2293"}],"wp:term":[{"taxonomy":"product_brand","embeddable":true,"href":"https:\/\/umbrapompe.it\/es\/wp-json\/wp\/v2\/product_brand?post=2293"},{"taxonomy":"product_cat","embeddable":true,"href":"https:\/\/umbrapompe.it\/es\/wp-json\/wp\/v2\/product_cat?post=2293"},{"taxonomy":"product_tag","embeddable":true,"href":"https:\/\/umbrapompe.it\/es\/wp-json\/wp\/v2\/product_tag?post=2293"}],"curies":[{"name":"wp","href":"https:\/\/api.w.org\/{rel}","templated":true}]}}