{"id":2297,"date":"2022-06-18T10:57:04","date_gmt":"2022-06-18T10:57:04","guid":{"rendered":"https:\/\/www.umbrapompe.it\/?product=acuafluss"},"modified":"2022-09-15T19:16:48","modified_gmt":"2022-09-15T19:16:48","slug":"acuafluss","status":"publish","type":"product","link":"https:\/\/umbrapompe.it\/es\/prodotto\/acuafluss\/","title":{"rendered":"4&#8243;, 5&#8243; ACUAFLUSS"},"content":{"rendered":"<h4><strong>BOMBA SUMERGIBLE MULTIETAPA CON ELECTR\u00d3NICA INTEGRADA<\/strong><\/h4>\n<p><strong>Empleo<\/strong><br \/>\nElectrobombas sumergibles multietapa con electr\u00f3nica integrada, equipadas con regulador de presi\u00f3n y v\u00e1lvula antirretorno. Desarrollado para automatizar la puesta en marcha y la parada de la bomba en funci\u00f3n de la demanda de agua del usuario y para evitar el funcionamiento en ausencia de l\u00edquido. Es ideal para su uso en sistemas de recogida de agua de lluvia, redes de riego, bombeo de agua limpia de dep\u00f3sitos, cisternas, pozos y para otras aplicaciones que requieran alta presi\u00f3n. Sistema de v\u00e1lvulas antibloqueo. Dise\u00f1ado para transportar agua limpia a temperaturas no superiores a 35\u00b0C. N\u00famero m\u00e1ximo de arranques por hora 40. Disponible en versiones con o sin flotador.<\/p>\n<p><strong>Funciones<\/strong><br \/>\n&#8211; Arranque y parada autom\u00e1ticos en funci\u00f3n de la demanda de agua de la empresa. Presi\u00f3n de reinicio 1,5 bar para la versi\u00f3n Acuafluss 30; 2,5 bar para las dem\u00e1s versiones;<br \/>\n&#8211; Sistema de detecci\u00f3n de ausencia de agua. En caso de falta de l\u00edquido, la bomba se detiene, har\u00e1 otros 4 intentos de encendido a intervalos regulares de 15 minutos durante la primera hora de funcionamiento. M\u00e1s intentos de arranque cada hora durante las siguientes 48 horas;<br \/>\n&#8211; Funci\u00f3n de detecci\u00f3n de atasco de la v\u00e1lvula, en cuyo caso la electr\u00f3nica de control apaga la bomba;<br \/>\n&#8211; Funci\u00f3n para reconocer el n\u00famero de salidas horarias;<br \/>\n&#8211; Para un correcto funcionamiento, instalar un vaso de expansi\u00f3n de al menos 3 litros de capacidad en el circuito de impulsi\u00f3n.<\/p>\n<p><strong>Materiales<\/strong><br \/>\nCuerpo de la bomba, carcasa del motor, asa, rejilla de aspiraci\u00f3n en acero inoxidable AISI 304. Impulsores, difusores, separadores de PPO rellenos de vidrio, cada etapa se completa con un anillo de desgaste de acero inoxidable. Eje de transmisi\u00f3n de acero inoxidable AISI 420. Cierre mec\u00e1nico de al\u00famina-grafito lubricado. Juntas de NBR. Se suministra con 20 m de cable H07RN8F.<\/p>\n<p><strong>Motor<\/strong><br \/>\nMonof\u00e1sico as\u00edncrono 230V. 50 HZ.<br \/>\nOtras tensiones y frecuencias a petici\u00f3n. Clase de aislamiento F, IP 68. Refrigeraci\u00f3n interna por ba\u00f1o de aceite mineral no contaminante y de calidad alimentaria. Refrigeraci\u00f3n externa por l\u00edquido bombeado. Protecci\u00f3n t\u00e9rmica incorporada.<\/p>\n","protected":false},"excerpt":{"rendered":"<p>BOMBA SUMERGIBLE MULTIETAPA CON ELECTR\u00d3NICA INTEGRADA Empleo Electrobombas sumergibles multietapa con electr\u00f3nica integrada, equipadas con regulador de presi\u00f3n y v\u00e1lvula antirretorno. Desarrollado para automatizar la puesta en marcha y la parada de la bomba en funci\u00f3n de la demanda de agua del usuario y para evitar el funcionamiento en ausencia de l\u00edquido. Es ideal para [&hellip;]<\/p>\n","protected":false},"featured_media":1859,"comment_status":"open","ping_status":"closed","template":"","meta":{"_acf_changed":false},"product_brand":[],"product_cat":[51],"product_tag":[],"class_list":{"0":"post-2297","1":"product","2":"type-product","3":"status-publish","4":"has-post-thumbnail","6":"product_cat-sumergido","8":"first","9":"instock","10":"shipping-taxable","11":"product-type-simple"},"acf":[],"_links":{"self":[{"href":"https:\/\/umbrapompe.it\/es\/wp-json\/wp\/v2\/product\/2297","targetHints":{"allow":["GET"]}}],"collection":[{"href":"https:\/\/umbrapompe.it\/es\/wp-json\/wp\/v2\/product"}],"about":[{"href":"https:\/\/umbrapompe.it\/es\/wp-json\/wp\/v2\/types\/product"}],"replies":[{"embeddable":true,"href":"https:\/\/umbrapompe.it\/es\/wp-json\/wp\/v2\/comments?post=2297"}],"wp:featuredmedia":[{"embeddable":true,"href":"https:\/\/umbrapompe.it\/es\/wp-json\/wp\/v2\/media\/1859"}],"wp:attachment":[{"href":"https:\/\/umbrapompe.it\/es\/wp-json\/wp\/v2\/media?parent=2297"}],"wp:term":[{"taxonomy":"product_brand","embeddable":true,"href":"https:\/\/umbrapompe.it\/es\/wp-json\/wp\/v2\/product_brand?post=2297"},{"taxonomy":"product_cat","embeddable":true,"href":"https:\/\/umbrapompe.it\/es\/wp-json\/wp\/v2\/product_cat?post=2297"},{"taxonomy":"product_tag","embeddable":true,"href":"https:\/\/umbrapompe.it\/es\/wp-json\/wp\/v2\/product_tag?post=2297"}],"curies":[{"name":"wp","href":"https:\/\/api.w.org\/{rel}","templated":true}]}}