{"id":2304,"date":"2022-06-18T16:46:50","date_gmt":"2022-06-18T16:46:50","guid":{"rendered":"https:\/\/www.umbrapompe.it\/?product=acuamini-400"},"modified":"2022-09-15T18:04:35","modified_gmt":"2022-09-15T18:04:35","slug":"acuamini-400","status":"publish","type":"product","link":"https:\/\/umbrapompe.it\/es\/prodotto\/acuamini-400\/","title":{"rendered":"ACUAMINI 400"},"content":{"rendered":"<h4><strong>BOMBAS SUMERGIBLES PARA AGUAS RESIDUALES<\/strong><\/h4>\n<p><strong>Empleo<\/strong><br \/>\nVaciado de sumideros, dep\u00f3sitos de recogida, garajes, s\u00f3tanos u otras estancias sujetas a inundaci\u00f3n. Riego de peque\u00f1o caudal. Tanques, piscinas, peque\u00f1os juegos de agua.<\/p>\n<p><strong>Caracter\u00edsticas de la construcci\u00f3n<\/strong><br \/>\nTemperatura m\u00e1xima del l\u00edquido 35 C\u00b0 con bomba parcialmente sumergida. Puerto de entrega 1&#8243; 1\u20444. Profundidad m\u00e1xima de inmersi\u00f3n de 6 m con cable de alimentaci\u00f3n de 10 m. con enchufe. Paso de s\u00f3lidos m\u00e1ximo 2 mm. Carcasa del motor y pernos AISI 304 Eje del motor AISI 420. Doble anillo de sellado. El resto de las piezas son de materiales termopl\u00e1sticos con certificaci\u00f3n ISO 9001.<\/p>\n<p><strong>Motor<\/strong><br \/>\nClase de aislamiento F. Protecci\u00f3n IP 68 Alimentaci\u00f3n monof\u00e1sica V. 230 50 Hz. Condensador incorporado y protecci\u00f3n t\u00e9rmica. Disponible en versi\u00f3n autom\u00e1tica o manual.<\/p>\n","protected":false},"excerpt":{"rendered":"<p>BOMBAS SUMERGIBLES PARA AGUAS RESIDUALES Empleo Vaciado de sumideros, dep\u00f3sitos de recogida, garajes, s\u00f3tanos u otras estancias sujetas a inundaci\u00f3n. Riego de peque\u00f1o caudal. Tanques, piscinas, peque\u00f1os juegos de agua. Caracter\u00edsticas de la construcci\u00f3n Temperatura m\u00e1xima del l\u00edquido 35 C\u00b0 con bomba parcialmente sumergida. Puerto de entrega 1&#8243; 1\u20444. Profundidad m\u00e1xima de inmersi\u00f3n de 6 [&hellip;]<\/p>\n","protected":false},"featured_media":2060,"comment_status":"open","ping_status":"closed","template":"","meta":{"_acf_changed":false},"product_brand":[],"product_cat":[53],"product_tag":[],"class_list":{"0":"post-2304","1":"product","2":"type-product","3":"status-publish","4":"has-post-thumbnail","6":"product_cat-drenaje","8":"first","9":"instock","10":"shipping-taxable","11":"product-type-simple"},"acf":[],"_links":{"self":[{"href":"https:\/\/umbrapompe.it\/es\/wp-json\/wp\/v2\/product\/2304","targetHints":{"allow":["GET"]}}],"collection":[{"href":"https:\/\/umbrapompe.it\/es\/wp-json\/wp\/v2\/product"}],"about":[{"href":"https:\/\/umbrapompe.it\/es\/wp-json\/wp\/v2\/types\/product"}],"replies":[{"embeddable":true,"href":"https:\/\/umbrapompe.it\/es\/wp-json\/wp\/v2\/comments?post=2304"}],"wp:featuredmedia":[{"embeddable":true,"href":"https:\/\/umbrapompe.it\/es\/wp-json\/wp\/v2\/media\/2060"}],"wp:attachment":[{"href":"https:\/\/umbrapompe.it\/es\/wp-json\/wp\/v2\/media?parent=2304"}],"wp:term":[{"taxonomy":"product_brand","embeddable":true,"href":"https:\/\/umbrapompe.it\/es\/wp-json\/wp\/v2\/product_brand?post=2304"},{"taxonomy":"product_cat","embeddable":true,"href":"https:\/\/umbrapompe.it\/es\/wp-json\/wp\/v2\/product_cat?post=2304"},{"taxonomy":"product_tag","embeddable":true,"href":"https:\/\/umbrapompe.it\/es\/wp-json\/wp\/v2\/product_tag?post=2304"}],"curies":[{"name":"wp","href":"https:\/\/api.w.org\/{rel}","templated":true}]}}