{"id":2310,"date":"2022-06-18T16:45:57","date_gmt":"2022-06-18T16:45:57","guid":{"rendered":"https:\/\/www.umbrapompe.it\/?product=acua-pv-a"},"modified":"2022-09-15T18:04:36","modified_gmt":"2022-09-15T18:04:36","slug":"acua-pv-a","status":"publish","type":"product","link":"https:\/\/umbrapompe.it\/es\/prodotto\/acua-pv-a\/","title":{"rendered":"ACUA PV-A"},"content":{"rendered":"<h4><strong>BOMBAS DE DRENAJE DE AGUAS LIMPIAS Y RESIDUALES<\/strong><\/h4>\n<p><strong>Empleo<\/strong><br \/>\nVaciado de pozos negros, aguas de infiltraci\u00f3n, manipulaci\u00f3n de l\u00edquidos cargados de s\u00f3lidos en suspensi\u00f3n, vaciado de habitaciones inundadas.<\/p>\n<p><strong>Caracter\u00edsticas de la construcci\u00f3n<\/strong><br \/>\nTemperatura m\u00e1xima del l\u00edquido 35\u00b0 C con la bomba parcialmente sumergida.<br \/>\nProfundidad m\u00e1xima de inmersi\u00f3n 7 m con cable de alimentaci\u00f3n 10 m H07RN8F. Los modelos PV A y R 75, 80, 100 y 140 con condensador incorporado, los modelos 150, 200 y 300 se suministran con caja que contiene condensador, interruptor, protector del motor y enchufe. Los modelos PV GR 120 y 180 se suministran con caja y condensador externo, la versi\u00f3n 100 GR con condensador incorporado. PV100 GR disponible con disyuntor integrado. Paso s\u00f3lido PV A, m\u00e1ximo 35 mm para las versiones 75, 80, 100 y 140 R, 50 mm para las versiones 150, 200 y 300. PV R m\u00e1x. 10 mm.<br \/>\nCarcasa del motor y pernos AISI 304. Cig\u00fce\u00f1al AISI 420. Cierre mec\u00e1nico Sic\/Sic m\u00e1s sello de aceite en PV A\/R 150, 200, 300 y PV GR 100, 120 y 180. Impulsor y resto de piezas en fundici\u00f3n G25.<\/p>\n<p><strong>Motor<\/strong><br \/>\nClase F de 2 polos. Protecci\u00f3n IP 68 en ba\u00f1o de aceite mineral. Alimentaci\u00f3n monof\u00e1sica en V. 230 50 Hz trif\u00e1sico V. 400 50 Hz. Serie monof\u00e1sica con protecci\u00f3n t\u00e9rmica incorporada, serie trif\u00e1sica por el usuario. Disponible en versi\u00f3n manual o autom\u00e1tica s\u00f3lo en la serie monof\u00e1sica.<\/p>\n","protected":false},"excerpt":{"rendered":"<p>BOMBAS DE DRENAJE DE AGUAS LIMPIAS Y RESIDUALES Empleo Vaciado de pozos negros, aguas de infiltraci\u00f3n, manipulaci\u00f3n de l\u00edquidos cargados de s\u00f3lidos en suspensi\u00f3n, vaciado de habitaciones inundadas. Caracter\u00edsticas de la construcci\u00f3n Temperatura m\u00e1xima del l\u00edquido 35\u00b0 C con la bomba parcialmente sumergida. Profundidad m\u00e1xima de inmersi\u00f3n 7 m con cable de alimentaci\u00f3n 10 m [&hellip;]<\/p>\n","protected":false},"featured_media":2024,"comment_status":"open","ping_status":"closed","template":"","meta":{"_acf_changed":false},"product_brand":[],"product_cat":[53],"product_tag":[],"class_list":{"0":"post-2310","1":"product","2":"type-product","3":"status-publish","4":"has-post-thumbnail","6":"product_cat-drenaje","8":"first","9":"instock","10":"shipping-taxable","11":"product-type-simple"},"acf":[],"_links":{"self":[{"href":"https:\/\/umbrapompe.it\/es\/wp-json\/wp\/v2\/product\/2310","targetHints":{"allow":["GET"]}}],"collection":[{"href":"https:\/\/umbrapompe.it\/es\/wp-json\/wp\/v2\/product"}],"about":[{"href":"https:\/\/umbrapompe.it\/es\/wp-json\/wp\/v2\/types\/product"}],"replies":[{"embeddable":true,"href":"https:\/\/umbrapompe.it\/es\/wp-json\/wp\/v2\/comments?post=2310"}],"wp:featuredmedia":[{"embeddable":true,"href":"https:\/\/umbrapompe.it\/es\/wp-json\/wp\/v2\/media\/2024"}],"wp:attachment":[{"href":"https:\/\/umbrapompe.it\/es\/wp-json\/wp\/v2\/media?parent=2310"}],"wp:term":[{"taxonomy":"product_brand","embeddable":true,"href":"https:\/\/umbrapompe.it\/es\/wp-json\/wp\/v2\/product_brand?post=2310"},{"taxonomy":"product_cat","embeddable":true,"href":"https:\/\/umbrapompe.it\/es\/wp-json\/wp\/v2\/product_cat?post=2310"},{"taxonomy":"product_tag","embeddable":true,"href":"https:\/\/umbrapompe.it\/es\/wp-json\/wp\/v2\/product_tag?post=2310"}],"curies":[{"name":"wp","href":"https:\/\/api.w.org\/{rel}","templated":true}]}}