{"id":2321,"date":"2022-06-18T11:00:38","date_gmt":"2022-06-18T11:00:38","guid":{"rendered":"https:\/\/www.umbrapompe.it\/?product=5-acuarana"},"modified":"2022-09-15T19:19:28","modified_gmt":"2022-09-15T19:19:28","slug":"acuarain-30-aut","status":"publish","type":"product","link":"https:\/\/umbrapompe.it\/es\/prodotto\/acuarain-30-aut\/","title":{"rendered":"ACUARAIN"},"content":{"rendered":"<h4><strong>BOMBAS DE RECUPERACI\u00d3N DE AGUAS PLUVIALES DE VARIOS IMPULSORES<\/strong><\/h4>\n<p><strong>Empleo<\/strong><br \/>\nElectrobombas sumergibles multietapa con impulsores radiales cerrados dise\u00f1adas para resolver todos los problemas de transporte de agua limpia con temperaturas no superiores a 35\u00b0C. Contenido m\u00e1ximo de arena 60 g\/m. N\u00famero m\u00e1ximo de arranques por hora 40. Especialmente indicado para el riego, los usos industriales y civiles en general, la recuperaci\u00f3n del agua de lluvia.<br \/>\nAdecuado para un uso continuo.<br \/>\nFuncionamiento vertical y horizontal.<\/p>\n<p><strong>Caracter\u00edsticas de la construcci\u00f3n<\/strong><br \/>\nFabricados con materiales inoxidables de primera calidad y sometidos a rigurosas pruebas el\u00e9ctricas e hidr\u00e1ulicas. El dise\u00f1o permite el funcionamiento con un nivel m\u00ednimo de agua. Muy f\u00e1cil de reparar. Funcionamiento manual o autom\u00e1tico con flotador ajustable. En la versi\u00f3n monof\u00e1sica, el condensador se coloca dentro de la bomba.<\/p>\n<p><strong>Materiales<\/strong><br \/>\nCuerpo de la bomba, carcasa del motor, asa, rejilla de aspiraci\u00f3n en acero inoxidable AISI 304. Impulsores, difusores, separadores de PPO rellenos de vidrio, cada etapa se completa con un anillo de desgaste de acero inoxidable. Eje de transmisi\u00f3n de acero inoxidable AISI 420. Cierre mec\u00e1nico de al\u00famina-grafito. A petici\u00f3n en CARBURO DE SILICIO. Junta de labios especial para la protecci\u00f3n contra la arena. Juntas de NBR. Se suministra con 60&#8242; de cable.<\/p>\n<p><strong>Motor<\/strong><br \/>\nMonof\u00e1sico as\u00edncrono 230 V &#8211; 50 Hz o 400 V. &#8211; 50 Hz. Otras tensiones y frecuencias a petici\u00f3n. Clase de aislamiento F, IP 68. Refrigeraci\u00f3n interna por ba\u00f1o de aceite mineral no contaminante y de calidad alimentaria. Refrigeraci\u00f3n externa por l\u00edquido bombeado. Protecci\u00f3n t\u00e9rmica incorporada. Versi\u00f3n trif\u00e1sica de protecci\u00f3n por el usuario.<\/p>\n","protected":false},"excerpt":{"rendered":"<p>BOMBAS DE RECUPERACI\u00d3N DE AGUAS PLUVIALES DE VARIOS IMPULSORES Empleo Electrobombas sumergibles multietapa con impulsores radiales cerrados dise\u00f1adas para resolver todos los problemas de transporte de agua limpia con temperaturas no superiores a 35\u00b0C. Contenido m\u00e1ximo de arena 60 g\/m. N\u00famero m\u00e1ximo de arranques por hora 40. Especialmente indicado para el riego, los usos industriales [&hellip;]<\/p>\n","protected":false},"featured_media":1871,"comment_status":"open","ping_status":"closed","template":"","meta":{"_acf_changed":false},"product_brand":[],"product_cat":[51],"product_tag":[],"class_list":{"0":"post-2321","1":"product","2":"type-product","3":"status-publish","4":"has-post-thumbnail","6":"product_cat-sumergido","8":"first","9":"instock","10":"shipping-taxable","11":"product-type-simple"},"acf":[],"_links":{"self":[{"href":"https:\/\/umbrapompe.it\/es\/wp-json\/wp\/v2\/product\/2321","targetHints":{"allow":["GET"]}}],"collection":[{"href":"https:\/\/umbrapompe.it\/es\/wp-json\/wp\/v2\/product"}],"about":[{"href":"https:\/\/umbrapompe.it\/es\/wp-json\/wp\/v2\/types\/product"}],"replies":[{"embeddable":true,"href":"https:\/\/umbrapompe.it\/es\/wp-json\/wp\/v2\/comments?post=2321"}],"wp:featuredmedia":[{"embeddable":true,"href":"https:\/\/umbrapompe.it\/es\/wp-json\/wp\/v2\/media\/1871"}],"wp:attachment":[{"href":"https:\/\/umbrapompe.it\/es\/wp-json\/wp\/v2\/media?parent=2321"}],"wp:term":[{"taxonomy":"product_brand","embeddable":true,"href":"https:\/\/umbrapompe.it\/es\/wp-json\/wp\/v2\/product_brand?post=2321"},{"taxonomy":"product_cat","embeddable":true,"href":"https:\/\/umbrapompe.it\/es\/wp-json\/wp\/v2\/product_cat?post=2321"},{"taxonomy":"product_tag","embeddable":true,"href":"https:\/\/umbrapompe.it\/es\/wp-json\/wp\/v2\/product_tag?post=2321"}],"curies":[{"name":"wp","href":"https:\/\/api.w.org\/{rel}","templated":true}]}}