{"id":2326,"date":"2022-06-18T11:01:42","date_gmt":"2022-06-18T11:01:42","guid":{"rendered":"https:\/\/www.umbrapompe.it\/?product=5-acuasystem-2al"},"modified":"2022-09-15T19:21:15","modified_gmt":"2022-09-15T19:21:15","slug":"acuasistema","status":"publish","type":"product","link":"https:\/\/umbrapompe.it\/es\/prodotto\/acuasistema\/","title":{"rendered":"ACUASYSTEM 2AL"},"content":{"rendered":"<h4><strong>BOMBAS EL\u00c9CTRICAS VERTICALES MULTIIMPULSORES EN L\u00cdNEA<\/strong><\/h4>\n<p><strong>Empleo<\/strong><br \/>\nElectrobombas sumergibles multietapa con impulsores radiales cerrados dise\u00f1adas para resolver todos los problemas de transporte de agua limpia con temperaturas no superiores a 35\u00b0C. Contenido m\u00e1ximo de arena 60 g\/m. N\u00famero m\u00e1ximo de arranques por hora 40. Especialmente indicado para el riego, sistemas de presurizaci\u00f3n, usos industriales y civiles en general, recuperaci\u00f3n de aguas pluviales. Adecuado para un uso continuo. Funcionamiento vertical y horizontal.<\/p>\n<p><strong>Caracter\u00edsticas de la construcci\u00f3n<\/strong><br \/>\nEn las versiones AC, 1 y 2AL, sin refrigeraci\u00f3n externa para la versi\u00f3n mini. Fabricados con materiales inoxidables de primera calidad y sometidos a rigurosas pruebas el\u00e9ctricas e hidr\u00e1ulicas. El dise\u00f1o permite el funcionamiento con un nivel m\u00ednimo de agua. Muy f\u00e1cil de reparar. Funcionamiento manual o autom\u00e1tico con flotador ajustable. En la versi\u00f3n monof\u00e1sica, el condensador se coloca dentro de la bomba. 1 &#8211; 2 AL estancos.<\/p>\n<p><strong>Materiales<\/strong><br \/>\nCuerpo de la bomba, carcasa del motor, asa, rejilla de aspiraci\u00f3n en acero inoxidable AISI 304. Impulsores, difusores, separadores de PPO rellenos de vidrio, cada etapa se completa con un anillo de desgaste de acero inoxidable. Eje de transmisi\u00f3n de acero inoxidable AISI 420. Cierre mec\u00e1nico de al\u00famina-grafito. A petici\u00f3n en CARBURO DE SILICIO. Junta de labios especial para la protecci\u00f3n contra la arena. Juntas de NBR. Se suministra con 20 m de cable H07RN8F, la versi\u00f3n Mini se suministra con 10 m de cable.<\/p>\n<p><strong>Motor<\/strong><br \/>\nMonof\u00e1sico as\u00edncrono 230V. 50 HZ o trif\u00e1sico 400V. 50 HZ. Otras tensiones y frecuencias a petici\u00f3n. Clase de aislamiento F, IP 68. Refrigeraci\u00f3n interna por ba\u00f1o de aceite mineral no contaminante y de calidad alimentaria. Refrigeraci\u00f3n externa por l\u00edquido bombeado. Protecci\u00f3n t\u00e9rmica incorporada. Versi\u00f3n trif\u00e1sica de protecci\u00f3n por el usuario.<\/p>\n","protected":false},"excerpt":{"rendered":"<p>BOMBAS EL\u00c9CTRICAS VERTICALES MULTIIMPULSORES EN L\u00cdNEA Empleo Electrobombas sumergibles multietapa con impulsores radiales cerrados dise\u00f1adas para resolver todos los problemas de transporte de agua limpia con temperaturas no superiores a 35\u00b0C. Contenido m\u00e1ximo de arena 60 g\/m. N\u00famero m\u00e1ximo de arranques por hora 40. Especialmente indicado para el riego, sistemas de presurizaci\u00f3n, usos industriales y [&hellip;]<\/p>\n","protected":false},"featured_media":1955,"comment_status":"open","ping_status":"closed","template":"","meta":{"_acf_changed":false},"product_brand":[],"product_cat":[51],"product_tag":[],"class_list":{"0":"post-2326","1":"product","2":"type-product","3":"status-publish","4":"has-post-thumbnail","6":"product_cat-sumergido","8":"first","9":"instock","10":"shipping-taxable","11":"product-type-simple"},"acf":[],"_links":{"self":[{"href":"https:\/\/umbrapompe.it\/es\/wp-json\/wp\/v2\/product\/2326","targetHints":{"allow":["GET"]}}],"collection":[{"href":"https:\/\/umbrapompe.it\/es\/wp-json\/wp\/v2\/product"}],"about":[{"href":"https:\/\/umbrapompe.it\/es\/wp-json\/wp\/v2\/types\/product"}],"replies":[{"embeddable":true,"href":"https:\/\/umbrapompe.it\/es\/wp-json\/wp\/v2\/comments?post=2326"}],"wp:featuredmedia":[{"embeddable":true,"href":"https:\/\/umbrapompe.it\/es\/wp-json\/wp\/v2\/media\/1955"}],"wp:attachment":[{"href":"https:\/\/umbrapompe.it\/es\/wp-json\/wp\/v2\/media?parent=2326"}],"wp:term":[{"taxonomy":"product_brand","embeddable":true,"href":"https:\/\/umbrapompe.it\/es\/wp-json\/wp\/v2\/product_brand?post=2326"},{"taxonomy":"product_cat","embeddable":true,"href":"https:\/\/umbrapompe.it\/es\/wp-json\/wp\/v2\/product_cat?post=2326"},{"taxonomy":"product_tag","embeddable":true,"href":"https:\/\/umbrapompe.it\/es\/wp-json\/wp\/v2\/product_tag?post=2326"}],"curies":[{"name":"wp","href":"https:\/\/api.w.org\/{rel}","templated":true}]}}