{"id":3363,"date":"2022-06-18T16:52:49","date_gmt":"2022-06-18T16:52:49","guid":{"rendered":"https:\/\/umbrapompe.it\/?post_type=product&#038;p=3363"},"modified":"2022-09-22T14:33:44","modified_gmt":"2022-09-22T14:33:44","slug":"sal-45","status":"publish","type":"product","link":"https:\/\/umbrapompe.it\/es\/prodotto\/sal-45\/","title":{"rendered":"SAL 45"},"content":{"rendered":"<h4><strong>ELECTROBOMBA PARA LA REFRIGERACI\u00d3N DE MIG-PLASMA<\/strong><\/h4>\n<p><strong>Empleo<\/strong><br \/>\nEstas bombas perif\u00e9ricas, con un motor relativamente peque\u00f1o, pueden alcanzar una gran presi\u00f3n. Debido a su peque\u00f1o tama\u00f1o, son especialmente adecuados para su instalaci\u00f3n en aparatos y m\u00e1quinas para aumentar la presi\u00f3n y las temperaturas de refrigeraci\u00f3n. F\u00e1cilmente inspeccionable con la posibilidad de reparar la bomba y el motor por separado. La parte de bombeo puede girar 90\u00b0.<\/p>\n<p>En la versi\u00f3n SAL 35 autocebante, esta operaci\u00f3n no es posible. Pueden utilizarse para agua limpia, l\u00edquidos qu\u00edmicamente no abrasivos y sin s\u00f3lidos. Son adecuados para el funcionamiento continuo (ED 100%). N\u00famero m\u00e1ximo de intervenciones 5\/min. o 40\/h. Temperatura de funcionamiento -20\u00b0 C +60\u00b0 C.<\/p>\n<p><strong>Materiales<\/strong><br \/>\n&#8211; Impulsor, cuerpo de la bomba, brida de lat\u00f3n<br \/>\n&#8211; Eje de acero inoxidable AISI 420 (x30 Cr 12)<br \/>\n&#8211; Cierre mec\u00e1nico en PTFE &#8211; ALLUMINA &#8211; EPDM<br \/>\n&#8211; (VITON a petici\u00f3n)<br \/>\n&#8211; Rodamientos de alta calidad<br \/>\n&#8211; Racor de manguera de lat\u00f3n a petici\u00f3n<\/p>\n<p><strong>Ejecuci\u00f3n<\/strong><br \/>\nCon caja de conexiones y condensador instalado.<br \/>\nLa posici\u00f3n de las boquillas puede girar 90\u00b0.<br \/>\nMOD. MEC: con ventilador de pl\u00e1stico MEC 56 y tapa de ventilador.<br \/>\nMOD. VENTILADOR: con cubo de ventilador y tornillos de fijaci\u00f3n; a petici\u00f3n, ventilador de aluminio tipo presi\u00f3n o aspiraci\u00f3n, \u00d8 154 mm, \u00d8 166 mm, \u00d8 172 mm, \u00d8 200 mm.<\/p>\n<p><strong>Motor<\/strong><br \/>\n&#8211; Inducci\u00f3n bipolar<br \/>\n&#8211; Disponible en varios voltajes y frecuencias<br \/>\n&#8211; Clase de aislamiento F<br \/>\n&#8211; Protecci\u00f3n IP 44<\/p>\n","protected":false},"excerpt":{"rendered":"<p>ELECTROBOMBA PARA LA REFRIGERACI\u00d3N DE MIG-PLASMA Empleo Estas bombas perif\u00e9ricas, con un motor relativamente peque\u00f1o, pueden alcanzar una gran presi\u00f3n. Debido a su peque\u00f1o tama\u00f1o, son especialmente adecuados para su instalaci\u00f3n en aparatos y m\u00e1quinas para aumentar la presi\u00f3n y las temperaturas de refrigeraci\u00f3n. F\u00e1cilmente inspeccionable con la posibilidad de reparar la bomba y el [&hellip;]<\/p>\n","protected":false},"featured_media":3423,"comment_status":"open","ping_status":"closed","template":"","meta":{"_acf_changed":false},"product_brand":[],"product_cat":[55],"product_tag":[],"class_list":{"0":"post-3363","1":"product","2":"type-product","3":"status-publish","4":"has-post-thumbnail","6":"product_cat-industriales","8":"first","9":"instock","10":"shipping-taxable","11":"product-type-simple"},"acf":[],"_links":{"self":[{"href":"https:\/\/umbrapompe.it\/es\/wp-json\/wp\/v2\/product\/3363","targetHints":{"allow":["GET"]}}],"collection":[{"href":"https:\/\/umbrapompe.it\/es\/wp-json\/wp\/v2\/product"}],"about":[{"href":"https:\/\/umbrapompe.it\/es\/wp-json\/wp\/v2\/types\/product"}],"replies":[{"embeddable":true,"href":"https:\/\/umbrapompe.it\/es\/wp-json\/wp\/v2\/comments?post=3363"}],"wp:featuredmedia":[{"embeddable":true,"href":"https:\/\/umbrapompe.it\/es\/wp-json\/wp\/v2\/media\/3423"}],"wp:attachment":[{"href":"https:\/\/umbrapompe.it\/es\/wp-json\/wp\/v2\/media?parent=3363"}],"wp:term":[{"taxonomy":"product_brand","embeddable":true,"href":"https:\/\/umbrapompe.it\/es\/wp-json\/wp\/v2\/product_brand?post=3363"},{"taxonomy":"product_cat","embeddable":true,"href":"https:\/\/umbrapompe.it\/es\/wp-json\/wp\/v2\/product_cat?post=3363"},{"taxonomy":"product_tag","embeddable":true,"href":"https:\/\/umbrapompe.it\/es\/wp-json\/wp\/v2\/product_tag?post=3363"}],"curies":[{"name":"wp","href":"https:\/\/api.w.org\/{rel}","templated":true}]}}