{"id":3589,"date":"2022-06-18T10:53:28","date_gmt":"2022-06-18T10:53:28","guid":{"rendered":"https:\/\/umbrapompe.it\/prodotto\/3-acuaspeed\/"},"modified":"2022-06-18T10:53:28","modified_gmt":"2022-06-18T10:53:28","slug":"acuaspeed-3-80-2","status":"publish","type":"product","link":"https:\/\/umbrapompe.it\/es\/prodotto\/acuaspeed-3-80-2\/","title":{"rendered":"3&#8243; ACUASPEED"},"content":{"rendered":"<h4><strong>BOMBA SUMERGIBLE MULTIETAPA DE ALTA VELOCIDAD<\/strong><\/h4>\n<p><strong>Empleo<\/strong><br \/>\nElectrobombas sumergibles multietapa de 3&#8243; de alta velocidad con inversor externo para un funcionamiento a presi\u00f3n constante. Hidr\u00e1ulica con impulsores radiales cerrados dise\u00f1ada para resolver todos los problemas de transporte de agua limpia con temperaturas no superiores a 35\u00b0C. Contenido m\u00e1ximo de arena 50 g\/m. N\u00famero m\u00e1ximo de arranques por hora 40. Especialmente indicado para la elevaci\u00f3n de agua de pozos de 3&#8243; de di\u00e1metro o m\u00e1s, riego, vaciado de cisternas, uso industrial y civil en general. Adecuado para un uso continuo. Funcionamiento vertical y horizontal.<\/p>\n<p><strong>Funciones<\/strong><br \/>\n&#8211; Motor sin escobillas de alta eficiencia para un bajo consumo de energ\u00eda;<br \/>\n&#8211; Funcionamiento con variador de velocidad externo para una presi\u00f3n de suministro constante independientemente del caudal requerido;<br \/>\n&#8211; Arranque y parada autom\u00e1ticos en funci\u00f3n de la demanda de agua de la empresa;<br \/>\n&#8211; Protecci\u00f3n contra la marcha en seco;<br \/>\n&#8211; Arranque suave y protecci\u00f3n contra el golpe de ariete;<br \/>\n&#8211; Protecci\u00f3n contra la baja y la sobretensi\u00f3n;<br \/>\n&#8211; Protecci\u00f3n contra sobretemperatura y sobrecorriente.<\/p>\n<p><strong>Materiales<\/strong><br \/>\nFabricado con materiales adecuados para su uso con agua potable. Carcasa de la bomba, carcasa del motor, asa, rejilla de aspiraci\u00f3n. de acero inoxidable AISI 304. Soportes de rodamiento en AISI 304. Impulsores de PP rellenos de vidrio, difusores, separadores de POM. Eje de transmisi\u00f3n de acero inoxidable AISI 304. Cierre mec\u00e1nico de al\u00famina-grafito lubricado. Inversor IP65 f\u00e1cilmente programable con v\u00e1lvula y sensor de presi\u00f3n integrados. La bomba el\u00e9ctrica se suministra con un cable de 1,5 m con certificaci\u00f3n ACS. Otras longitudes disponibles a petici\u00f3n.<\/p>\n<p><strong>Motor<\/strong><br \/>\nSincr\u00f3nico tetrapolar trif\u00e1sico que funciona entre 100\/200 HZ. Clase de aislamiento F, IP 68. Refrigeraci\u00f3n interna por ba\u00f1o de aceite mineral no contaminante y de calidad alimentaria. Refrigeraci\u00f3n externa por l\u00edquido bombeado.<\/p>\n","protected":false},"excerpt":{"rendered":"<p>BOMBA SUMERGIBLE MULTIETAPA DE ALTA VELOCIDAD Empleo Electrobombas sumergibles multietapa de 3&#8243; de alta velocidad con inversor externo para un funcionamiento a presi\u00f3n constante. Hidr\u00e1ulica con impulsores radiales cerrados dise\u00f1ada para resolver todos los problemas de transporte de agua limpia con temperaturas no superiores a 35\u00b0C. Contenido m\u00e1ximo de arena 50 g\/m. N\u00famero m\u00e1ximo de [&hellip;]<\/p>\n","protected":false},"featured_media":1904,"comment_status":"open","ping_status":"closed","template":"","meta":{"_acf_changed":false},"product_brand":[],"product_cat":[51],"product_tag":[],"class_list":{"0":"post-3589","1":"product","2":"type-product","3":"status-publish","4":"has-post-thumbnail","6":"product_cat-sumergido","8":"first","9":"instock","10":"shipping-taxable","11":"product-type-simple"},"acf":[],"_links":{"self":[{"href":"https:\/\/umbrapompe.it\/es\/wp-json\/wp\/v2\/product\/3589","targetHints":{"allow":["GET"]}}],"collection":[{"href":"https:\/\/umbrapompe.it\/es\/wp-json\/wp\/v2\/product"}],"about":[{"href":"https:\/\/umbrapompe.it\/es\/wp-json\/wp\/v2\/types\/product"}],"replies":[{"embeddable":true,"href":"https:\/\/umbrapompe.it\/es\/wp-json\/wp\/v2\/comments?post=3589"}],"wp:featuredmedia":[{"embeddable":true,"href":"https:\/\/umbrapompe.it\/es\/wp-json\/wp\/v2\/media\/1904"}],"wp:attachment":[{"href":"https:\/\/umbrapompe.it\/es\/wp-json\/wp\/v2\/media?parent=3589"}],"wp:term":[{"taxonomy":"product_brand","embeddable":true,"href":"https:\/\/umbrapompe.it\/es\/wp-json\/wp\/v2\/product_brand?post=3589"},{"taxonomy":"product_cat","embeddable":true,"href":"https:\/\/umbrapompe.it\/es\/wp-json\/wp\/v2\/product_cat?post=3589"},{"taxonomy":"product_tag","embeddable":true,"href":"https:\/\/umbrapompe.it\/es\/wp-json\/wp\/v2\/product_tag?post=3589"}],"curies":[{"name":"wp","href":"https:\/\/api.w.org\/{rel}","templated":true}]}}