{"id":3593,"date":"2022-06-18T10:56:10","date_gmt":"2022-06-18T10:56:10","guid":{"rendered":"https:\/\/umbrapompe.it\/prodotto\/4-acuasub-marco\/"},"modified":"2022-09-16T10:15:25","modified_gmt":"2022-09-16T10:15:25","slug":"acuasub-board","status":"publish","type":"product","link":"https:\/\/umbrapompe.it\/es\/prodotto\/acuasub-board\/","title":{"rendered":"4&#8243; ACUASUB + QUADRO"},"content":{"rendered":"<h4><strong>BOMBA SUMERGIBLE MULTIETAPA<\/strong><\/h4>\n<p><strong>Empleo<\/strong><br \/>\nElectrobombas sumergibles multietapa con impulsores radiales cerrados dise\u00f1adas para resolver todos los problemas de transporte de agua limpia con temperaturas no superiores a 35\u00b0C. Contenido m\u00e1ximo de arena 60 g\/m.<br \/>\nN\u00famero m\u00e1ximo de arranques por hora 40. Especialmente indicado para el riego, los sistemas de presurizaci\u00f3n, el vaciado de dep\u00f3sitos y salas inundadas, el uso industrial y civil en general. Adecuado para un uso continuo. Profundidad de uso hasta 60 m por debajo del nivel del agua (con la longitud adecuada del cable de alimentaci\u00f3n). Funcionamiento vertical y horizontal. Profundidad m\u00e1xima de inmersi\u00f3n 17 m con cable de 20 m (Ref. 60335 &#8211; 2 &#8211; 41).<\/p>\n<p><strong>Caracter\u00edsticas de la construcci\u00f3n<\/strong><br \/>\nFabricados con materiales inoxidables de primera calidad y sometidos a rigurosas pruebas el\u00e9ctricas e hidr\u00e1ulicas. El dise\u00f1o permite el funcionamiento con un nivel m\u00ednimo de agua. Muy f\u00e1cil de reparar. Longitud del cable 1,5 &#8211; 20 &#8211; m. H07RN8F. Disponible con o sin flotador.<\/p>\n<p><strong>Materiales<\/strong><br \/>\nCuerpo de la bomba, carcasa del motor, asa, rejilla de aspiraci\u00f3n en acero inoxidable AISI 304. Impulsores, difusores, separadores de PPO rellenos de vidrio, cada etapa se completa con un anillo de desgaste de acero inoxidable. Eje de transmisi\u00f3n de acero inoxidable AISI 420. Cierre mec\u00e1nico de al\u00famina-grafito lubricado. A petici\u00f3n en CARBURO DE SILICIO. Junta labial especial de protecci\u00f3n. Junta de grafito\/silicona de serie en la versi\u00f3n Acuasub 55\/140.<\/p>\n<p><strong>Motor<\/strong><br \/>\nMonof\u00e1sico as\u00edncrono 230V. 50 HZ o trif\u00e1sico 400V. 50 HZ. Otras tensiones y frecuencias a petici\u00f3n. Clase de aislamiento F, IP 68. Refrigeraci\u00f3n interna por ba\u00f1o de aceite mineral no contaminante y de calidad alimentaria. Refrigeraci\u00f3n externa por l\u00edquido bombeado. Protecci\u00f3n t\u00e9rmica incorporada.<\/p>\n","protected":false},"excerpt":{"rendered":"<p>BOMBA SUMERGIBLE MULTIETAPA Empleo Electrobombas sumergibles multietapa con impulsores radiales cerrados dise\u00f1adas para resolver todos los problemas de transporte de agua limpia con temperaturas no superiores a 35\u00b0C. Contenido m\u00e1ximo de arena 60 g\/m. N\u00famero m\u00e1ximo de arranques por hora 40. Especialmente indicado para el riego, los sistemas de presurizaci\u00f3n, el vaciado de dep\u00f3sitos y [&hellip;]<\/p>\n","protected":false},"featured_media":1919,"comment_status":"open","ping_status":"closed","template":"","meta":{"_acf_changed":false},"product_brand":[],"product_cat":[51],"product_tag":[],"class_list":{"0":"post-3593","1":"product","2":"type-product","3":"status-publish","4":"has-post-thumbnail","6":"product_cat-sumergido","8":"first","9":"instock","10":"shipping-taxable","11":"product-type-simple"},"acf":[],"_links":{"self":[{"href":"https:\/\/umbrapompe.it\/es\/wp-json\/wp\/v2\/product\/3593","targetHints":{"allow":["GET"]}}],"collection":[{"href":"https:\/\/umbrapompe.it\/es\/wp-json\/wp\/v2\/product"}],"about":[{"href":"https:\/\/umbrapompe.it\/es\/wp-json\/wp\/v2\/types\/product"}],"replies":[{"embeddable":true,"href":"https:\/\/umbrapompe.it\/es\/wp-json\/wp\/v2\/comments?post=3593"}],"wp:featuredmedia":[{"embeddable":true,"href":"https:\/\/umbrapompe.it\/es\/wp-json\/wp\/v2\/media\/1919"}],"wp:attachment":[{"href":"https:\/\/umbrapompe.it\/es\/wp-json\/wp\/v2\/media?parent=3593"}],"wp:term":[{"taxonomy":"product_brand","embeddable":true,"href":"https:\/\/umbrapompe.it\/es\/wp-json\/wp\/v2\/product_brand?post=3593"},{"taxonomy":"product_cat","embeddable":true,"href":"https:\/\/umbrapompe.it\/es\/wp-json\/wp\/v2\/product_cat?post=3593"},{"taxonomy":"product_tag","embeddable":true,"href":"https:\/\/umbrapompe.it\/es\/wp-json\/wp\/v2\/product_tag?post=3593"}],"curies":[{"name":"wp","href":"https:\/\/api.w.org\/{rel}","templated":true}]}}