{"id":2369,"date":"2022-06-16T14:00:00","date_gmt":"2022-06-16T14:00:00","guid":{"rendered":"https:\/\/www.umbrapompe.it\/?page_id=2369"},"modified":"2022-09-17T15:33:42","modified_gmt":"2022-09-17T15:33:42","slug":"durabilite","status":"publish","type":"page","link":"https:\/\/umbrapompe.it\/fr\/durabilite\/","title":{"rendered":"Durabilit\u00e9"},"content":{"rendered":"\t\t<div data-elementor-type=\"wp-page\" data-elementor-id=\"2369\" class=\"elementor elementor-2369 elementor-470\" data-elementor-post-type=\"page\">\n\t\t\t\t\t\t<section class=\"elementor-section elementor-top-section elementor-element elementor-element-c153a73 elementor-section-height-min-height elementor-section-boxed elementor-section-height-default elementor-section-items-middle\" data-id=\"c153a73\" data-element_type=\"section\" data-e-type=\"section\" data-settings=\"{&quot;background_background&quot;:&quot;classic&quot;}\">\n\t\t\t\t\t\t<div class=\"elementor-container elementor-column-gap-default\">\n\t\t\t\t\t<div class=\"elementor-column elementor-col-100 elementor-top-column elementor-element elementor-element-78860c1\" data-id=\"78860c1\" data-element_type=\"column\" data-e-type=\"column\">\n\t\t\t<div class=\"elementor-widget-wrap\">\n\t\t\t\t\t\t\t<\/div>\n\t\t<\/div>\n\t\t\t\t\t<\/div>\n\t\t<\/section>\n\t\t\t\t<section class=\"elementor-section elementor-top-section elementor-element elementor-element-8638990 elementor-section-boxed elementor-section-height-default elementor-section-height-default\" data-id=\"8638990\" data-element_type=\"section\" data-e-type=\"section\">\n\t\t\t\t\t\t<div class=\"elementor-container elementor-column-gap-default\">\n\t\t\t\t\t<div class=\"elementor-column elementor-col-100 elementor-top-column elementor-element elementor-element-9693fdb\" data-id=\"9693fdb\" data-element_type=\"column\" data-e-type=\"column\">\n\t\t\t<div class=\"elementor-widget-wrap elementor-element-populated\">\n\t\t\t\t\t\t<div class=\"elementor-element elementor-element-4286cea elementor-widget elementor-widget-text-editor\" data-id=\"4286cea\" data-element_type=\"widget\" data-e-type=\"widget\" data-widget_type=\"text-editor.default\">\n\t\t\t\t<div class=\"elementor-widget-container\">\n\t\t\t\t\t\t\t\t\t\n          <p>Nous sommes conscients que le progr\u00e8s passe aussi par une gestion responsable<br>environnement et, pour cette raison, nous menons nos activit\u00e9s conform\u00e9ment aux principes du d\u00e9veloppement durable, en am\u00e9liorant constamment la performance environnementale de nos actions.<\/p>\n          <p><br>Notre engagement s&rsquo;\u00e9tend \u00e9galement \u00e0 la production et \u00e0 la vente, dans le respect total de toutes les lois applicables, ce qui se traduit par des produits r\u00e9pondant aux normes les plus \u00e9lev\u00e9es en termes de performances environnementales et de s\u00e9curit\u00e9.<\/p>\n        \t\t\t\t\t\t\t\t<\/div>\n\t\t\t\t<\/div>\n\t\t\t\t\t<\/div>\n\t\t<\/div>\n\t\t\t\t\t<\/div>\n\t\t<\/section>\n\t\t\t\t<section class=\"elementor-section elementor-top-section elementor-element elementor-element-13329d0 elementor-section-full_width elementor-section-height-min-height elementor-section-height-default elementor-section-items-middle\" data-id=\"13329d0\" data-element_type=\"section\" data-e-type=\"section\">\n\t\t\t\t\t\t<div class=\"elementor-container elementor-column-gap-wide\">\n\t\t\t\t\t<div class=\"elementor-column elementor-col-20 elementor-top-column elementor-element elementor-element-6408b8e animated-fast elementor-invisible\" data-id=\"6408b8e\" data-element_type=\"column\" data-e-type=\"column\" data-settings=\"{&quot;animation&quot;:&quot;fadeInUp&quot;}\">\n\t\t\t<div class=\"elementor-widget-wrap\">\n\t\t\t\t\t\t\t<\/div>\n\t\t<\/div>\n\t\t\t\t<div class=\"elementor-column elementor-col-20 elementor-top-column elementor-element elementor-element-7370fd9 animated-fast elementor-invisible\" data-id=\"7370fd9\" data-element_type=\"column\" data-e-type=\"column\" data-settings=\"{&quot;animation&quot;:&quot;fadeInUp&quot;}\">\n\t\t\t<div class=\"elementor-widget-wrap elementor-element-populated\">\n\t\t\t\t\t\t<div class=\"elementor-element elementor-element-e5c6860 elementor-widget elementor-widget-image\" data-id=\"e5c6860\" data-element_type=\"widget\" data-e-type=\"widget\" data-widget_type=\"image.default\">\n\t\t\t\t<div class=\"elementor-widget-container\">\n\t\t\t\t\t\t\t\t\t\t\t\t\t\t\t<img fetchpriority=\"high\" decoding=\"async\" width=\"576\" height=\"1024\" src=\"https:\/\/umbrapompe.it\/wp-content\/uploads\/2022\/09\/8-576x1024.png\" class=\"elementor-animation-grow attachment-large size-large wp-image-3720\" alt=\"\" srcset=\"https:\/\/umbrapompe.it\/wp-content\/uploads\/2022\/09\/8-576x1024.png 576w, https:\/\/umbrapompe.it\/wp-content\/uploads\/2022\/09\/8-169x300.png 169w, https:\/\/umbrapompe.it\/wp-content\/uploads\/2022\/09\/8-768x1365.png 768w, https:\/\/umbrapompe.it\/wp-content\/uploads\/2022\/09\/8-864x1536.png 864w, https:\/\/umbrapompe.it\/wp-content\/uploads\/2022\/09\/8-300x533.png 300w, https:\/\/umbrapompe.it\/wp-content\/uploads\/2022\/09\/8-800x1422.png 800w, https:\/\/umbrapompe.it\/wp-content\/uploads\/2022\/09\/8.png 1080w\" sizes=\"(max-width: 576px) 100vw, 576px\" \/>\t\t\t\t\t\t\t\t\t\t\t\t\t\t\t<\/div>\n\t\t\t\t<\/div>\n\t\t\t\t\t<\/div>\n\t\t<\/div>\n\t\t\t\t<div class=\"elementor-column elementor-col-20 elementor-top-column elementor-element elementor-element-89c2f9f animated-fast elementor-invisible\" data-id=\"89c2f9f\" data-element_type=\"column\" data-e-type=\"column\" data-settings=\"{&quot;animation&quot;:&quot;fadeInUp&quot;}\">\n\t\t\t<div class=\"elementor-widget-wrap elementor-element-populated\">\n\t\t\t\t\t\t<div class=\"elementor-element elementor-element-88acbfd elementor-widget elementor-widget-image\" data-id=\"88acbfd\" data-element_type=\"widget\" data-e-type=\"widget\" data-widget_type=\"image.default\">\n\t\t\t\t<div class=\"elementor-widget-container\">\n\t\t\t\t\t\t\t\t\t\t\t\t\t\t\t<img decoding=\"async\" width=\"576\" height=\"1024\" src=\"https:\/\/umbrapompe.it\/wp-content\/uploads\/2022\/09\/11-576x1024.png\" class=\"elementor-animation-grow attachment-large size-large wp-image-3725\" alt=\"\" srcset=\"https:\/\/umbrapompe.it\/wp-content\/uploads\/2022\/09\/11-576x1024.png 576w, https:\/\/umbrapompe.it\/wp-content\/uploads\/2022\/09\/11-169x300.png 169w, https:\/\/umbrapompe.it\/wp-content\/uploads\/2022\/09\/11-768x1365.png 768w, https:\/\/umbrapompe.it\/wp-content\/uploads\/2022\/09\/11-864x1536.png 864w, https:\/\/umbrapompe.it\/wp-content\/uploads\/2022\/09\/11-300x533.png 300w, https:\/\/umbrapompe.it\/wp-content\/uploads\/2022\/09\/11-800x1422.png 800w, https:\/\/umbrapompe.it\/wp-content\/uploads\/2022\/09\/11.png 1080w\" sizes=\"(max-width: 576px) 100vw, 576px\" \/>\t\t\t\t\t\t\t\t\t\t\t\t\t\t\t<\/div>\n\t\t\t\t<\/div>\n\t\t\t\t\t<\/div>\n\t\t<\/div>\n\t\t\t\t<div class=\"elementor-column elementor-col-20 elementor-top-column elementor-element elementor-element-82367af animated-fast elementor-invisible\" data-id=\"82367af\" data-element_type=\"column\" data-e-type=\"column\" data-settings=\"{&quot;animation&quot;:&quot;fadeInUp&quot;}\">\n\t\t\t<div class=\"elementor-widget-wrap elementor-element-populated\">\n\t\t\t\t\t\t<div class=\"elementor-element elementor-element-0c2fcce elementor-widget elementor-widget-image\" data-id=\"0c2fcce\" data-element_type=\"widget\" data-e-type=\"widget\" data-widget_type=\"image.default\">\n\t\t\t\t<div class=\"elementor-widget-container\">\n\t\t\t\t\t\t\t\t\t\t\t\t\t\t\t<img decoding=\"async\" width=\"576\" height=\"1024\" src=\"https:\/\/umbrapompe.it\/wp-content\/uploads\/2022\/09\/14-576x1024.png\" class=\"elementor-animation-grow attachment-large size-large wp-image-3730\" alt=\"\" srcset=\"https:\/\/umbrapompe.it\/wp-content\/uploads\/2022\/09\/14-576x1024.png 576w, https:\/\/umbrapompe.it\/wp-content\/uploads\/2022\/09\/14-169x300.png 169w, https:\/\/umbrapompe.it\/wp-content\/uploads\/2022\/09\/14-768x1365.png 768w, https:\/\/umbrapompe.it\/wp-content\/uploads\/2022\/09\/14-864x1536.png 864w, https:\/\/umbrapompe.it\/wp-content\/uploads\/2022\/09\/14-300x533.png 300w, https:\/\/umbrapompe.it\/wp-content\/uploads\/2022\/09\/14-800x1422.png 800w, https:\/\/umbrapompe.it\/wp-content\/uploads\/2022\/09\/14.png 1080w\" sizes=\"(max-width: 576px) 100vw, 576px\" \/>\t\t\t\t\t\t\t\t\t\t\t\t\t\t\t<\/div>\n\t\t\t\t<\/div>\n\t\t\t\t\t<\/div>\n\t\t<\/div>\n\t\t\t\t<div class=\"elementor-column elementor-col-20 elementor-top-column elementor-element elementor-element-035ba55 animated-fast elementor-invisible\" data-id=\"035ba55\" data-element_type=\"column\" data-e-type=\"column\" data-settings=\"{&quot;animation&quot;:&quot;fadeInUp&quot;}\">\n\t\t\t<div class=\"elementor-widget-wrap\">\n\t\t\t\t\t\t\t<\/div>\n\t\t<\/div>\n\t\t\t\t\t<\/div>\n\t\t<\/section>\n\t\t\t\t<section class=\"elementor-section elementor-top-section elementor-element elementor-element-dc478b4 elementor-section-full_width elementor-section-height-min-height elementor-section-height-default elementor-section-items-middle\" data-id=\"dc478b4\" data-element_type=\"section\" data-e-type=\"section\">\n\t\t\t\t\t\t<div class=\"elementor-container elementor-column-gap-wide\">\n\t\t\t\t\t<div class=\"elementor-column elementor-col-16 elementor-top-column elementor-element elementor-element-921a62d animated-fast elementor-invisible\" data-id=\"921a62d\" data-element_type=\"column\" data-e-type=\"column\" data-settings=\"{&quot;animation&quot;:&quot;fadeInUp&quot;}\">\n\t\t\t<div class=\"elementor-widget-wrap\">\n\t\t\t\t\t\t\t<\/div>\n\t\t<\/div>\n\t\t\t\t<div class=\"elementor-column elementor-col-16 elementor-top-column elementor-element elementor-element-149bd61\" data-id=\"149bd61\" data-element_type=\"column\" data-e-type=\"column\">\n\t\t\t<div class=\"elementor-widget-wrap\">\n\t\t\t\t\t\t\t<\/div>\n\t\t<\/div>\n\t\t\t\t<div class=\"elementor-column elementor-col-16 elementor-top-column elementor-element elementor-element-0b3688f animated-fast elementor-invisible\" data-id=\"0b3688f\" data-element_type=\"column\" data-e-type=\"column\" data-settings=\"{&quot;animation&quot;:&quot;fadeInUp&quot;}\">\n\t\t\t<div class=\"elementor-widget-wrap elementor-element-populated\">\n\t\t\t\t\t\t<div class=\"elementor-element elementor-element-45f23f5 elementor-widget elementor-widget-image\" data-id=\"45f23f5\" data-element_type=\"widget\" data-e-type=\"widget\" data-widget_type=\"image.default\">\n\t\t\t\t<div class=\"elementor-widget-container\">\n\t\t\t\t\t\t\t\t\t\t\t\t\t\t\t<img loading=\"lazy\" decoding=\"async\" width=\"576\" height=\"1024\" src=\"https:\/\/umbrapompe.it\/wp-content\/uploads\/2022\/09\/17-576x1024.png\" class=\"elementor-animation-grow attachment-large size-large wp-image-3735\" alt=\"\" srcset=\"https:\/\/umbrapompe.it\/wp-content\/uploads\/2022\/09\/17-576x1024.png 576w, https:\/\/umbrapompe.it\/wp-content\/uploads\/2022\/09\/17-169x300.png 169w, https:\/\/umbrapompe.it\/wp-content\/uploads\/2022\/09\/17-768x1365.png 768w, https:\/\/umbrapompe.it\/wp-content\/uploads\/2022\/09\/17-864x1536.png 864w, https:\/\/umbrapompe.it\/wp-content\/uploads\/2022\/09\/17-300x533.png 300w, https:\/\/umbrapompe.it\/wp-content\/uploads\/2022\/09\/17-800x1422.png 800w, https:\/\/umbrapompe.it\/wp-content\/uploads\/2022\/09\/17.png 1080w\" sizes=\"(max-width: 576px) 100vw, 576px\" \/>\t\t\t\t\t\t\t\t\t\t\t\t\t\t\t<\/div>\n\t\t\t\t<\/div>\n\t\t\t\t\t<\/div>\n\t\t<\/div>\n\t\t\t\t<div class=\"elementor-column elementor-col-16 elementor-top-column elementor-element elementor-element-e738735 animated-fast elementor-invisible\" data-id=\"e738735\" data-element_type=\"column\" data-e-type=\"column\" data-settings=\"{&quot;animation&quot;:&quot;fadeInUp&quot;}\">\n\t\t\t<div class=\"elementor-widget-wrap elementor-element-populated\">\n\t\t\t\t\t\t<div class=\"elementor-element elementor-element-fedaf0b elementor-widget elementor-widget-image\" data-id=\"fedaf0b\" data-element_type=\"widget\" data-e-type=\"widget\" data-widget_type=\"image.default\">\n\t\t\t\t<div class=\"elementor-widget-container\">\n\t\t\t\t\t\t\t\t\t\t\t\t\t\t\t<img loading=\"lazy\" decoding=\"async\" width=\"576\" height=\"1024\" src=\"https:\/\/umbrapompe.it\/wp-content\/uploads\/2022\/09\/20-576x1024.png\" class=\"elementor-animation-grow attachment-large size-large wp-image-3740\" alt=\"\" srcset=\"https:\/\/umbrapompe.it\/wp-content\/uploads\/2022\/09\/20-576x1024.png 576w, https:\/\/umbrapompe.it\/wp-content\/uploads\/2022\/09\/20-169x300.png 169w, https:\/\/umbrapompe.it\/wp-content\/uploads\/2022\/09\/20-768x1365.png 768w, https:\/\/umbrapompe.it\/wp-content\/uploads\/2022\/09\/20-864x1536.png 864w, https:\/\/umbrapompe.it\/wp-content\/uploads\/2022\/09\/20-300x533.png 300w, https:\/\/umbrapompe.it\/wp-content\/uploads\/2022\/09\/20-800x1422.png 800w, https:\/\/umbrapompe.it\/wp-content\/uploads\/2022\/09\/20.png 1080w\" sizes=\"(max-width: 576px) 100vw, 576px\" \/>\t\t\t\t\t\t\t\t\t\t\t\t\t\t\t<\/div>\n\t\t\t\t<\/div>\n\t\t\t\t\t<\/div>\n\t\t<\/div>\n\t\t\t\t<div class=\"elementor-column elementor-col-16 elementor-top-column elementor-element elementor-element-ff1cde7 animated-fast elementor-invisible\" data-id=\"ff1cde7\" data-element_type=\"column\" data-e-type=\"column\" data-settings=\"{&quot;animation&quot;:&quot;fadeInUp&quot;}\">\n\t\t\t<div class=\"elementor-widget-wrap\">\n\t\t\t\t\t\t\t<\/div>\n\t\t<\/div>\n\t\t\t\t<div class=\"elementor-column elementor-col-16 elementor-top-column elementor-element elementor-element-9489a0a animated-fast elementor-invisible\" data-id=\"9489a0a\" data-element_type=\"column\" data-e-type=\"column\" data-settings=\"{&quot;animation&quot;:&quot;fadeInUp&quot;}\">\n\t\t\t<div class=\"elementor-widget-wrap\">\n\t\t\t\t\t\t\t<\/div>\n\t\t<\/div>\n\t\t\t\t\t<\/div>\n\t\t<\/section>\n\t\t\t\t<\/div>\n\t\t","protected":false},"excerpt":{"rendered":"<p>Nous sommes conscients que le progr\u00e8s passe aussi par une gestion responsableenvironnement et, pour cette raison, nous menons nos activit\u00e9s conform\u00e9ment aux principes du d\u00e9veloppement durable, en am\u00e9liorant constamment la performance environnementale de nos actions. Notre engagement s&rsquo;\u00e9tend \u00e9galement \u00e0 la production et \u00e0 la vente, dans le respect total de toutes les lois applicables, [&hellip;]<\/p>\n","protected":false},"author":2,"featured_media":0,"parent":0,"menu_order":0,"comment_status":"closed","ping_status":"closed","template":"elementor_header_footer","meta":{"_acf_changed":false,"footnotes":""},"class_list":["post-2369","page","type-page","status-publish","hentry"],"acf":[],"_links":{"self":[{"href":"https:\/\/umbrapompe.it\/fr\/wp-json\/wp\/v2\/pages\/2369","targetHints":{"allow":["GET"]}}],"collection":[{"href":"https:\/\/umbrapompe.it\/fr\/wp-json\/wp\/v2\/pages"}],"about":[{"href":"https:\/\/umbrapompe.it\/fr\/wp-json\/wp\/v2\/types\/page"}],"author":[{"embeddable":true,"href":"https:\/\/umbrapompe.it\/fr\/wp-json\/wp\/v2\/users\/2"}],"replies":[{"embeddable":true,"href":"https:\/\/umbrapompe.it\/fr\/wp-json\/wp\/v2\/comments?post=2369"}],"version-history":[{"count":9,"href":"https:\/\/umbrapompe.it\/fr\/wp-json\/wp\/v2\/pages\/2369\/revisions"}],"predecessor-version":[{"id":3747,"href":"https:\/\/umbrapompe.it\/fr\/wp-json\/wp\/v2\/pages\/2369\/revisions\/3747"}],"wp:attachment":[{"href":"https:\/\/umbrapompe.it\/fr\/wp-json\/wp\/v2\/media?parent=2369"}],"curies":[{"name":"wp","href":"https:\/\/api.w.org\/{rel}","templated":true}]}}