{"id":2444,"date":"2022-06-13T09:11:09","date_gmt":"2022-06-13T09:11:09","guid":{"rendered":"https:\/\/www.umbrapompe.it\/?page_id=2444"},"modified":"2022-09-17T15:35:18","modified_gmt":"2022-09-17T15:35:18","slug":"notre-histoire","status":"publish","type":"page","link":"https:\/\/umbrapompe.it\/fr\/notre-histoire\/","title":{"rendered":"Notre histoire"},"content":{"rendered":"\t\t<div data-elementor-type=\"wp-page\" data-elementor-id=\"2444\" class=\"elementor elementor-2444 elementor-291\" data-elementor-post-type=\"page\">\n\t\t\t\t\t\t<section class=\"elementor-section elementor-top-section elementor-element elementor-element-354e917 elementor-section-full_width elementor-section-stretched elementor-section-height-default elementor-section-height-default\" data-id=\"354e917\" data-element_type=\"section\" data-e-type=\"section\" data-settings=\"{&quot;stretch_section&quot;:&quot;section-stretched&quot;}\">\n\t\t\t\t\t\t<div class=\"elementor-container elementor-column-gap-default\">\n\t\t\t\t\t<div class=\"elementor-column elementor-col-100 elementor-top-column elementor-element elementor-element-ccc3f98\" data-id=\"ccc3f98\" data-element_type=\"column\" data-e-type=\"column\">\n\t\t\t<div class=\"elementor-widget-wrap elementor-element-populated\">\n\t\t\t\t\t\t<div class=\"elementor-element elementor-element-fda3472 elementor-widget elementor-widget-image\" data-id=\"fda3472\" data-element_type=\"widget\" data-e-type=\"widget\" data-widget_type=\"image.default\">\n\t\t\t\t<div class=\"elementor-widget-container\">\n\t\t\t\t\t\t\t\t\t\t\t\t\t\t\t<img fetchpriority=\"high\" decoding=\"async\" width=\"1920\" height=\"924\" src=\"https:\/\/umbrapompe.it\/wp-content\/uploads\/2022\/06\/azienda_sl2_0.jpg\" class=\"attachment-full size-full wp-image-1725\" alt=\"\" srcset=\"https:\/\/umbrapompe.it\/wp-content\/uploads\/2022\/06\/azienda_sl2_0.jpg 1920w, https:\/\/umbrapompe.it\/wp-content\/uploads\/2022\/06\/azienda_sl2_0-300x144.jpg 300w, https:\/\/umbrapompe.it\/wp-content\/uploads\/2022\/06\/azienda_sl2_0-800x385.jpg 800w, https:\/\/umbrapompe.it\/wp-content\/uploads\/2022\/06\/azienda_sl2_0-1024x493.jpg 1024w, https:\/\/umbrapompe.it\/wp-content\/uploads\/2022\/06\/azienda_sl2_0-768x370.jpg 768w, https:\/\/umbrapompe.it\/wp-content\/uploads\/2022\/06\/azienda_sl2_0-1536x739.jpg 1536w\" sizes=\"(max-width: 1920px) 100vw, 1920px\" \/>\t\t\t\t\t\t\t\t\t\t\t\t\t\t\t<\/div>\n\t\t\t\t<\/div>\n\t\t\t\t\t<\/div>\n\t\t<\/div>\n\t\t\t\t\t<\/div>\n\t\t<\/section>\n\t\t\t\t<section class=\"elementor-section elementor-top-section elementor-element elementor-element-0026244 elementor-section-full_width elementor-section-height-default elementor-section-height-default\" data-id=\"0026244\" data-element_type=\"section\" data-e-type=\"section\">\n\t\t\t\t\t\t<div class=\"elementor-container elementor-column-gap-default\">\n\t\t\t\t\t<div class=\"elementor-column elementor-col-100 elementor-top-column elementor-element elementor-element-727ba4a\" data-id=\"727ba4a\" data-element_type=\"column\" data-e-type=\"column\">\n\t\t\t<div class=\"elementor-widget-wrap elementor-element-populated\">\n\t\t\t\t\t\t<div class=\"elementor-element elementor-element-1f7faf9 elementor-widget elementor-widget-text-editor\" data-id=\"1f7faf9\" data-element_type=\"widget\" data-e-type=\"widget\" data-widget_type=\"text-editor.default\">\n\t\t\t\t<div class=\"elementor-widget-container\">\n\t\t\t\t\t\t\t\t\t\n          <p>Fond\u00e9e en 1984 dans la continuit\u00e9 de son activit\u00e9 historique, Umbra Pompe s&rsquo;est imm\u00e9diatement impos\u00e9e comme fabricant d&rsquo;\u00e9lectropompes pour les secteurs domestique, civil et industriel.<br>L&rsquo;ensemble du processus de production, de la conception \u00e0 la r\u00e9alisation et \u00e0 l&rsquo;industrialisation, se d\u00e9roule en interne.<br>Avec des solutions pour les applications domestiques, civiles et industrielles, nous essayons toujours de r\u00e9pondre aux besoins de chaque client, en offrant une large gamme d&rsquo;\u00e9lectropompes.<br>Umbra Pompe est en effet reconnue comme un leader du secteur, exportant ses pompes de haute qualit\u00e9 dans plus de 150 pays dans le monde.<\/p>\n        \t\t\t\t\t\t\t\t<\/div>\n\t\t\t\t<\/div>\n\t\t\t\t\t<\/div>\n\t\t<\/div>\n\t\t\t\t\t<\/div>\n\t\t<\/section>\n\t\t\t\t<section class=\"elementor-section elementor-top-section elementor-element elementor-element-4261adb elementor-section-full_width elementor-hidden-mobile elementor-section-stretched elementor-section-height-default elementor-section-height-default\" data-id=\"4261adb\" data-element_type=\"section\" data-e-type=\"section\" data-settings=\"{&quot;stretch_section&quot;:&quot;section-stretched&quot;}\">\n\t\t\t\t\t\t<div class=\"elementor-container elementor-column-gap-default\">\n\t\t\t\t\t<div class=\"elementor-column elementor-col-100 elementor-top-column elementor-element elementor-element-fab42e2\" data-id=\"fab42e2\" data-element_type=\"column\" data-e-type=\"column\">\n\t\t\t<div class=\"elementor-widget-wrap elementor-element-populated\">\n\t\t\t\t\t\t<div class=\"elementor-element elementor-element-2fb4912 elementor-widget elementor-widget-image\" data-id=\"2fb4912\" data-element_type=\"widget\" data-e-type=\"widget\" data-widget_type=\"image.default\">\n\t\t\t\t<div class=\"elementor-widget-container\">\n\t\t\t\t\t\t\t\t\t\t\t\t\t\t\t<img decoding=\"async\" width=\"768\" height=\"360\" src=\"https:\/\/umbrapompe.it\/wp-content\/uploads\/2022\/09\/1-1-768x360.png\" class=\"attachment-medium_large size-medium_large wp-image-3753\" alt=\"\" srcset=\"https:\/\/umbrapompe.it\/wp-content\/uploads\/2022\/09\/1-1-768x360.png 768w, https:\/\/umbrapompe.it\/wp-content\/uploads\/2022\/09\/1-1-300x141.png 300w, https:\/\/umbrapompe.it\/wp-content\/uploads\/2022\/09\/1-1-1024x480.png 1024w, https:\/\/umbrapompe.it\/wp-content\/uploads\/2022\/09\/1-1-1536x720.png 1536w, https:\/\/umbrapompe.it\/wp-content\/uploads\/2022\/09\/1-1-2048x961.png 2048w, https:\/\/umbrapompe.it\/wp-content\/uploads\/2022\/09\/1-1-800x375.png 800w\" sizes=\"(max-width: 768px) 100vw, 768px\" \/>\t\t\t\t\t\t\t\t\t\t\t\t\t\t\t<\/div>\n\t\t\t\t<\/div>\n\t\t\t\t<div class=\"elementor-element elementor-element-c4d5955 elementor-widget elementor-widget-image\" data-id=\"c4d5955\" data-element_type=\"widget\" data-e-type=\"widget\" data-widget_type=\"image.default\">\n\t\t\t\t<div class=\"elementor-widget-container\">\n\t\t\t\t\t\t\t\t\t\t\t\t\t\t\t<img decoding=\"async\" width=\"768\" height=\"360\" src=\"https:\/\/umbrapompe.it\/wp-content\/uploads\/2022\/09\/2-2-768x360.png\" class=\"attachment-medium_large size-medium_large wp-image-3758\" alt=\"\" srcset=\"https:\/\/umbrapompe.it\/wp-content\/uploads\/2022\/09\/2-2-768x360.png 768w, https:\/\/umbrapompe.it\/wp-content\/uploads\/2022\/09\/2-2-300x141.png 300w, https:\/\/umbrapompe.it\/wp-content\/uploads\/2022\/09\/2-2-1024x480.png 1024w, https:\/\/umbrapompe.it\/wp-content\/uploads\/2022\/09\/2-2-1536x720.png 1536w, https:\/\/umbrapompe.it\/wp-content\/uploads\/2022\/09\/2-2-2048x961.png 2048w, https:\/\/umbrapompe.it\/wp-content\/uploads\/2022\/09\/2-2-800x375.png 800w\" sizes=\"(max-width: 768px) 100vw, 768px\" \/>\t\t\t\t\t\t\t\t\t\t\t\t\t\t\t<\/div>\n\t\t\t\t<\/div>\n\t\t\t\t<div class=\"elementor-element elementor-element-9895c0e elementor-widget elementor-widget-image\" data-id=\"9895c0e\" data-element_type=\"widget\" data-e-type=\"widget\" data-widget_type=\"image.default\">\n\t\t\t\t<div class=\"elementor-widget-container\">\n\t\t\t\t\t\t\t\t\t\t\t\t\t\t\t<img loading=\"lazy\" decoding=\"async\" width=\"768\" height=\"360\" src=\"https:\/\/umbrapompe.it\/wp-content\/uploads\/2022\/09\/3-2-768x360.png\" class=\"attachment-medium_large size-medium_large wp-image-3763\" alt=\"\" srcset=\"https:\/\/umbrapompe.it\/wp-content\/uploads\/2022\/09\/3-2-768x360.png 768w, https:\/\/umbrapompe.it\/wp-content\/uploads\/2022\/09\/3-2-300x141.png 300w, https:\/\/umbrapompe.it\/wp-content\/uploads\/2022\/09\/3-2-1024x480.png 1024w, https:\/\/umbrapompe.it\/wp-content\/uploads\/2022\/09\/3-2-1536x720.png 1536w, https:\/\/umbrapompe.it\/wp-content\/uploads\/2022\/09\/3-2-2048x961.png 2048w, https:\/\/umbrapompe.it\/wp-content\/uploads\/2022\/09\/3-2-800x375.png 800w\" sizes=\"(max-width: 768px) 100vw, 768px\" \/>\t\t\t\t\t\t\t\t\t\t\t\t\t\t\t<\/div>\n\t\t\t\t<\/div>\n\t\t\t\t<div class=\"elementor-element elementor-element-5b8d740 elementor-widget elementor-widget-image\" data-id=\"5b8d740\" data-element_type=\"widget\" data-e-type=\"widget\" data-widget_type=\"image.default\">\n\t\t\t\t<div class=\"elementor-widget-container\">\n\t\t\t\t\t\t\t\t\t\t\t\t\t\t\t<img loading=\"lazy\" decoding=\"async\" width=\"768\" height=\"360\" src=\"https:\/\/umbrapompe.it\/wp-content\/uploads\/2022\/09\/4-1-768x360.png\" class=\"attachment-medium_large size-medium_large wp-image-3768\" alt=\"\" srcset=\"https:\/\/umbrapompe.it\/wp-content\/uploads\/2022\/09\/4-1-768x360.png 768w, https:\/\/umbrapompe.it\/wp-content\/uploads\/2022\/09\/4-1-300x141.png 300w, https:\/\/umbrapompe.it\/wp-content\/uploads\/2022\/09\/4-1-1024x480.png 1024w, https:\/\/umbrapompe.it\/wp-content\/uploads\/2022\/09\/4-1-1536x720.png 1536w, https:\/\/umbrapompe.it\/wp-content\/uploads\/2022\/09\/4-1-2048x961.png 2048w, https:\/\/umbrapompe.it\/wp-content\/uploads\/2022\/09\/4-1-800x375.png 800w\" sizes=\"(max-width: 768px) 100vw, 768px\" \/>\t\t\t\t\t\t\t\t\t\t\t\t\t\t\t<\/div>\n\t\t\t\t<\/div>\n\t\t\t\t\t<\/div>\n\t\t<\/div>\n\t\t\t\t\t<\/div>\n\t\t<\/section>\n\t\t\t\t<section class=\"elementor-section elementor-top-section elementor-element elementor-element-a001562 elementor-section-full_width elementor-hidden-desktop elementor-hidden-tablet elementor-section-height-default elementor-section-height-default\" data-id=\"a001562\" data-element_type=\"section\" data-e-type=\"section\">\n\t\t\t\t\t\t<div class=\"elementor-container elementor-column-gap-default\">\n\t\t\t\t\t<div class=\"elementor-column elementor-col-100 elementor-top-column elementor-element elementor-element-59825b2\" data-id=\"59825b2\" data-element_type=\"column\" data-e-type=\"column\">\n\t\t\t<div class=\"elementor-widget-wrap elementor-element-populated\">\n\t\t\t\t\t\t<div class=\"elementor-element elementor-element-7f6f38a elementor-widget elementor-widget-image\" data-id=\"7f6f38a\" data-element_type=\"widget\" data-e-type=\"widget\" data-widget_type=\"image.default\">\n\t\t\t\t<div class=\"elementor-widget-container\">\n\t\t\t\t\t\t\t\t\t\t\t\t\t\t\t<img loading=\"lazy\" decoding=\"async\" width=\"768\" height=\"1365\" src=\"https:\/\/umbrapompe.it\/wp-content\/uploads\/2022\/09\/Timeline-vert-1-768x1365.png\" class=\"attachment-medium_large size-medium_large wp-image-3748\" alt=\"\" srcset=\"https:\/\/umbrapompe.it\/wp-content\/uploads\/2022\/09\/Timeline-vert-1-768x1365.png 768w, https:\/\/umbrapompe.it\/wp-content\/uploads\/2022\/09\/Timeline-vert-1-169x300.png 169w, https:\/\/umbrapompe.it\/wp-content\/uploads\/2022\/09\/Timeline-vert-1-576x1024.png 576w, https:\/\/umbrapompe.it\/wp-content\/uploads\/2022\/09\/Timeline-vert-1-864x1536.png 864w, https:\/\/umbrapompe.it\/wp-content\/uploads\/2022\/09\/Timeline-vert-1-300x533.png 300w, https:\/\/umbrapompe.it\/wp-content\/uploads\/2022\/09\/Timeline-vert-1-800x1422.png 800w, https:\/\/umbrapompe.it\/wp-content\/uploads\/2022\/09\/Timeline-vert-1.png 1080w\" sizes=\"(max-width: 768px) 100vw, 768px\" \/>\t\t\t\t\t\t\t\t\t\t\t\t\t\t\t<\/div>\n\t\t\t\t<\/div>\n\t\t\t\t\t<\/div>\n\t\t<\/div>\n\t\t\t\t\t<\/div>\n\t\t<\/section>\n\t\t\t\t<\/div>\n\t\t","protected":false},"excerpt":{"rendered":"<p>Fond\u00e9e en 1984 dans la continuit\u00e9 de son activit\u00e9 historique, Umbra Pompe s&rsquo;est imm\u00e9diatement impos\u00e9e comme fabricant d&rsquo;\u00e9lectropompes pour les secteurs domestique, civil et industriel.L&rsquo;ensemble du processus de production, de la conception \u00e0 la r\u00e9alisation et \u00e0 l&rsquo;industrialisation, se d\u00e9roule en interne.Avec des solutions pour les applications domestiques, civiles et industrielles, nous essayons toujours de [&hellip;]<\/p>\n","protected":false},"author":2,"featured_media":0,"parent":0,"menu_order":0,"comment_status":"closed","ping_status":"closed","template":"elementor_header_footer","meta":{"_acf_changed":false,"footnotes":""},"class_list":["post-2444","page","type-page","status-publish","hentry"],"acf":[],"_links":{"self":[{"href":"https:\/\/umbrapompe.it\/fr\/wp-json\/wp\/v2\/pages\/2444","targetHints":{"allow":["GET"]}}],"collection":[{"href":"https:\/\/umbrapompe.it\/fr\/wp-json\/wp\/v2\/pages"}],"about":[{"href":"https:\/\/umbrapompe.it\/fr\/wp-json\/wp\/v2\/types\/page"}],"author":[{"embeddable":true,"href":"https:\/\/umbrapompe.it\/fr\/wp-json\/wp\/v2\/users\/2"}],"replies":[{"embeddable":true,"href":"https:\/\/umbrapompe.it\/fr\/wp-json\/wp\/v2\/comments?post=2444"}],"version-history":[{"count":11,"href":"https:\/\/umbrapompe.it\/fr\/wp-json\/wp\/v2\/pages\/2444\/revisions"}],"predecessor-version":[{"id":3775,"href":"https:\/\/umbrapompe.it\/fr\/wp-json\/wp\/v2\/pages\/2444\/revisions\/3775"}],"wp:attachment":[{"href":"https:\/\/umbrapompe.it\/fr\/wp-json\/wp\/v2\/media?parent=2444"}],"curies":[{"name":"wp","href":"https:\/\/api.w.org\/{rel}","templated":true}]}}