{"id":2256,"date":"2022-06-18T16:37:01","date_gmt":"2022-06-18T16:37:01","guid":{"rendered":"https:\/\/www.umbrapompe.it\/?product=batterie-bebe"},"modified":"2022-09-23T13:07:55","modified_gmt":"2022-09-23T13:07:55","slug":"batterie-de-bebe","status":"publish","type":"product","link":"https:\/\/umbrapompe.it\/fr\/prodotto\/batterie-de-bebe\/","title":{"rendered":"BABY BATTERY"},"content":{"rendered":"<h4><strong>POMPES SUBMERSIBLES<\/strong><\/h4>\n<p><strong>Sp\u00e9cifications techniques<\/strong><br \/>\nPortable, compact, enti\u00e8rement submersible pour les eaux claires et les solides en suspension jusqu&rsquo;\u00e0 1,7 mm.<\/p>\n<p>Sortie avec trois points de r\u00e9duction.<\/p>\n<p>C\u00e2ble \u00e9lectrique de 5 m.<\/p>\n<p>Coque, corps de pompe, roue et filtre en plastique.<\/p>\n<p>Arbre en acier inoxydable.<\/p>\n<p>Joint \u00e0 double l\u00e8vre.<\/p>\n<p>La s\u00e9rie Baby est disponible en version manuelle et automatique avec un flotteur traditionnel ou vertical.<\/p>\n","protected":false},"excerpt":{"rendered":"<p>POMPES SUBMERSIBLES Sp\u00e9cifications techniques Portable, compact, enti\u00e8rement submersible pour les eaux claires et les solides en suspension jusqu&rsquo;\u00e0 1,7 mm. Sortie avec trois points de r\u00e9duction. C\u00e2ble \u00e9lectrique de 5 m. Coque, corps de pompe, roue et filtre en plastique. Arbre en acier inoxydable. Joint \u00e0 double l\u00e8vre. La s\u00e9rie Baby est disponible en version [&hellip;]<\/p>\n","protected":false},"featured_media":2202,"comment_status":"open","ping_status":"closed","template":"","meta":{"_acf_changed":false},"product_brand":[],"product_cat":[54],"product_tag":[],"class_list":{"0":"post-2256","1":"product","2":"type-product","3":"status-publish","4":"has-post-thumbnail","6":"product_cat-drainage-fr","8":"first","9":"instock","10":"shipping-taxable","11":"product-type-simple"},"acf":[],"_links":{"self":[{"href":"https:\/\/umbrapompe.it\/fr\/wp-json\/wp\/v2\/product\/2256","targetHints":{"allow":["GET"]}}],"collection":[{"href":"https:\/\/umbrapompe.it\/fr\/wp-json\/wp\/v2\/product"}],"about":[{"href":"https:\/\/umbrapompe.it\/fr\/wp-json\/wp\/v2\/types\/product"}],"replies":[{"embeddable":true,"href":"https:\/\/umbrapompe.it\/fr\/wp-json\/wp\/v2\/comments?post=2256"}],"wp:featuredmedia":[{"embeddable":true,"href":"https:\/\/umbrapompe.it\/fr\/wp-json\/wp\/v2\/media\/2202"}],"wp:attachment":[{"href":"https:\/\/umbrapompe.it\/fr\/wp-json\/wp\/v2\/media?parent=2256"}],"wp:term":[{"taxonomy":"product_brand","embeddable":true,"href":"https:\/\/umbrapompe.it\/fr\/wp-json\/wp\/v2\/product_brand?post=2256"},{"taxonomy":"product_cat","embeddable":true,"href":"https:\/\/umbrapompe.it\/fr\/wp-json\/wp\/v2\/product_cat?post=2256"},{"taxonomy":"product_tag","embeddable":true,"href":"https:\/\/umbrapompe.it\/fr\/wp-json\/wp\/v2\/product_tag?post=2256"}],"curies":[{"name":"wp","href":"https:\/\/api.w.org\/{rel}","templated":true}]}}