{"id":2274,"date":"2022-06-18T16:52:13","date_gmt":"2022-06-18T16:52:13","guid":{"rendered":"https:\/\/www.umbrapompe.it\/?product=mp"},"modified":"2022-09-15T18:03:33","modified_gmt":"2022-09-15T18:03:33","slug":"mp-4-120","status":"publish","type":"product","link":"https:\/\/umbrapompe.it\/fr\/prodotto\/mp-4-120\/","title":{"rendered":"MP"},"content":{"rendered":"<h4><strong>POMPES CENTRIFUGES MULTICELLULAIRES<\/strong><\/h4>\n<p><strong>Emploi<\/strong><br \/>\n\u00c9lectropompes centrifuges multicellulaires \u00e0 roue radiale ferm\u00e9e con\u00e7ues pour r\u00e9soudre tous les probl\u00e8mes de transport d&rsquo;eau propre avec des temp\u00e9ratures ne d\u00e9passant pas 35\u00b0C. Teneur maximale en sable 60 g\/m. Nombre maximal de d\u00e9parts par heure 40. Particuli\u00e8rement indiqu\u00e9 pour l&rsquo;irrigation, les syst\u00e8mes de pressurisation, les usages industriels et civils en g\u00e9n\u00e9ral, la r\u00e9cup\u00e9ration des eaux de pluie. Convient pour une utilisation continue.<\/p>\n<p><strong>Caract\u00e9ristiques de la construction<\/strong><br \/>\nFabriqu\u00e9 \u00e0 partir de mat\u00e9riaux inoxydables de premi\u00e8re qualit\u00e9 et soumis \u00e0 des tests \u00e9lectriques et hydrauliques rigoureux. Extr\u00eamement facile \u00e0 r\u00e9parer. Dans la version monophas\u00e9e, le condensateur est plac\u00e9 \u00e0 l&rsquo;int\u00e9rieur de la pompe. MP non auto-amor\u00e7ante. SP auto-amor\u00e7ant.<\/p>\n<p><strong>Mat\u00e9riaux<\/strong><br \/>\nCorps de pompe MP en fonte, SP en laiton, carter moteur en acier inoxydable AISI 304. Roues, diffuseurs, s\u00e9parateurs PPO remplis de verre, chaque \u00e9tage est \u00e9quip\u00e9 d&rsquo;une bague d&rsquo;usure en acier inoxydable. Arbre d&rsquo;entra\u00eenement en acier inoxydable AISI 420. Garniture m\u00e9canique en alumine-graphite. Sur demande en CARBURE DE SILICIUM. Joints NBR.<\/p>\n<p><strong>Moteur<\/strong><br \/>\nAsynchrone monophas\u00e9 230V. 50 HZ ou triphas\u00e9 400V. 50 HZ. Autres voltages et fr\u00e9quences sur demande. Classe d&rsquo;isolation F, IP 44. Protection thermique int\u00e9gr\u00e9e.<\/p>\n","protected":false},"excerpt":{"rendered":"<p>POMPES CENTRIFUGES MULTICELLULAIRES Emploi \u00c9lectropompes centrifuges multicellulaires \u00e0 roue radiale ferm\u00e9e con\u00e7ues pour r\u00e9soudre tous les probl\u00e8mes de transport d&rsquo;eau propre avec des temp\u00e9ratures ne d\u00e9passant pas 35\u00b0C. Teneur maximale en sable 60 g\/m. Nombre maximal de d\u00e9parts par heure 40. Particuli\u00e8rement indiqu\u00e9 pour l&rsquo;irrigation, les syst\u00e8mes de pressurisation, les usages industriels et civils en [&hellip;]<\/p>\n","protected":false},"featured_media":2070,"comment_status":"open","ping_status":"closed","template":"","meta":{"_acf_changed":false},"product_brand":[],"product_cat":[58],"product_tag":[],"class_list":{"0":"post-2274","1":"product","2":"type-product","3":"status-publish","4":"has-post-thumbnail","6":"product_cat-surface-fr","8":"first","9":"instock","10":"shipping-taxable","11":"product-type-simple"},"acf":[],"_links":{"self":[{"href":"https:\/\/umbrapompe.it\/fr\/wp-json\/wp\/v2\/product\/2274","targetHints":{"allow":["GET"]}}],"collection":[{"href":"https:\/\/umbrapompe.it\/fr\/wp-json\/wp\/v2\/product"}],"about":[{"href":"https:\/\/umbrapompe.it\/fr\/wp-json\/wp\/v2\/types\/product"}],"replies":[{"embeddable":true,"href":"https:\/\/umbrapompe.it\/fr\/wp-json\/wp\/v2\/comments?post=2274"}],"wp:featuredmedia":[{"embeddable":true,"href":"https:\/\/umbrapompe.it\/fr\/wp-json\/wp\/v2\/media\/2070"}],"wp:attachment":[{"href":"https:\/\/umbrapompe.it\/fr\/wp-json\/wp\/v2\/media?parent=2274"}],"wp:term":[{"taxonomy":"product_brand","embeddable":true,"href":"https:\/\/umbrapompe.it\/fr\/wp-json\/wp\/v2\/product_brand?post=2274"},{"taxonomy":"product_cat","embeddable":true,"href":"https:\/\/umbrapompe.it\/fr\/wp-json\/wp\/v2\/product_cat?post=2274"},{"taxonomy":"product_tag","embeddable":true,"href":"https:\/\/umbrapompe.it\/fr\/wp-json\/wp\/v2\/product_tag?post=2274"}],"curies":[{"name":"wp","href":"https:\/\/api.w.org\/{rel}","templated":true}]}}