{"id":2281,"date":"2022-06-18T16:55:47","date_gmt":"2022-06-18T16:55:47","guid":{"rendered":"https:\/\/www.umbrapompe.it\/?product=sal-35"},"modified":"2022-09-15T18:03:36","modified_gmt":"2022-09-15T18:03:36","slug":"sal-35","status":"publish","type":"product","link":"https:\/\/umbrapompe.it\/fr\/prodotto\/sal-35\/","title":{"rendered":"SAL 35"},"content":{"rendered":"<h4><strong>\u00c9LECTROPOMPE POUR LE REFROIDISSEMENT DE MIG-PLASMA<\/strong><\/h4>\n<p><strong>Emploi<\/strong><br \/>\nCes pompes p\u00e9riph\u00e9riques, avec un moteur relativement petit, peuvent atteindre une pression \u00e9lev\u00e9e. En raison de leur petite taille, ils sont particuli\u00e8rement adapt\u00e9s \u00e0 l&rsquo;installation dans des appareils et des machines pour l&rsquo;augmentation de la pression, le refroidissement des temp\u00e9ratures. Facilement inspectable avec la possibilit\u00e9 de r\u00e9parer la pompe et le moteur s\u00e9par\u00e9ment. La partie pompe peut \u00eatre tourn\u00e9e de 90\u00b0.<\/p>\n<p>Dans la version SAL 35 auto-amor\u00e7ante, cette op\u00e9ration n&rsquo;est pas possible. Ils peuvent \u00eatre utilis\u00e9s pour de l&rsquo;eau propre, des liquides chimiquement non abrasifs et aucun solide. Ils sont adapt\u00e9s \u00e0 un fonctionnement en service continu (ED 100%). Nombre maximal d&rsquo;interventions 5\/min. ou 40\/h. Temp\u00e9rature de fonctionnement -20\u00b0 C +60\u00b0 C.<\/p>\n<p><strong>Mat\u00e9riaux<\/strong><br \/>\n&#8211; Roue, corps de pompe, bride en laiton<br \/>\n&#8211; Arbre en acier inoxydable AISI 420 (x30 Cr 12)<br \/>\n&#8211; Garniture m\u00e9canique en PTFE &#8211; ALLUMINA &#8211; EPDM<br \/>\n&#8211; (VITON sur demande)<br \/>\n&#8211; Roulements de qualit\u00e9 sup\u00e9rieure<br \/>\n&#8211; Raccord de tuyau en laiton sur demande<\/p>\n<p><strong>Ex\u00e9cution<\/strong><br \/>\nAvec bo\u00eete de connexion et condensateur mont\u00e9.<br \/>\nLa position des buses peut pivoter de 90\u00b0.<br \/>\nMOD. MEC : avec ventilateur en plastique MEC 56 et couvercle de ventilateur.<br \/>\nMOD. VENTILATEUR : avec moyeu de ventilateur et vis de fixation ; sur demande ventilateur en aluminium type pression ou aspiration, \u00d8 154 mm, \u00d8 166 mm, \u00d8 172 mm, \u00d8 200 mm.<\/p>\n<p><strong>Moteur<\/strong><br \/>\n&#8211; Induction \u00e0 2 p\u00f4les<br \/>\n&#8211; Disponible en plusieurs voltages et fr\u00e9quences<br \/>\n&#8211; Classe d&rsquo;isolation F<br \/>\n&#8211; Protection IP 44<\/p>\n","protected":false},"excerpt":{"rendered":"<p>\u00c9LECTROPOMPE POUR LE REFROIDISSEMENT DE MIG-PLASMA Emploi Ces pompes p\u00e9riph\u00e9riques, avec un moteur relativement petit, peuvent atteindre une pression \u00e9lev\u00e9e. En raison de leur petite taille, ils sont particuli\u00e8rement adapt\u00e9s \u00e0 l&rsquo;installation dans des appareils et des machines pour l&rsquo;augmentation de la pression, le refroidissement des temp\u00e9ratures. Facilement inspectable avec la possibilit\u00e9 de r\u00e9parer la [&hellip;]<\/p>\n","protected":false},"featured_media":2088,"comment_status":"open","ping_status":"closed","template":"","meta":{"_acf_changed":false},"product_brand":[],"product_cat":[61],"product_tag":[],"class_list":{"0":"post-2281","1":"product","2":"type-product","3":"status-publish","4":"has-post-thumbnail","6":"product_cat-industriels","8":"first","9":"instock","10":"shipping-taxable","11":"product-type-simple"},"acf":[],"_links":{"self":[{"href":"https:\/\/umbrapompe.it\/fr\/wp-json\/wp\/v2\/product\/2281","targetHints":{"allow":["GET"]}}],"collection":[{"href":"https:\/\/umbrapompe.it\/fr\/wp-json\/wp\/v2\/product"}],"about":[{"href":"https:\/\/umbrapompe.it\/fr\/wp-json\/wp\/v2\/types\/product"}],"replies":[{"embeddable":true,"href":"https:\/\/umbrapompe.it\/fr\/wp-json\/wp\/v2\/comments?post=2281"}],"wp:featuredmedia":[{"embeddable":true,"href":"https:\/\/umbrapompe.it\/fr\/wp-json\/wp\/v2\/media\/2088"}],"wp:attachment":[{"href":"https:\/\/umbrapompe.it\/fr\/wp-json\/wp\/v2\/media?parent=2281"}],"wp:term":[{"taxonomy":"product_brand","embeddable":true,"href":"https:\/\/umbrapompe.it\/fr\/wp-json\/wp\/v2\/product_brand?post=2281"},{"taxonomy":"product_cat","embeddable":true,"href":"https:\/\/umbrapompe.it\/fr\/wp-json\/wp\/v2\/product_cat?post=2281"},{"taxonomy":"product_tag","embeddable":true,"href":"https:\/\/umbrapompe.it\/fr\/wp-json\/wp\/v2\/product_tag?post=2281"}],"curies":[{"name":"wp","href":"https:\/\/api.w.org\/{rel}","templated":true}]}}