{"id":2283,"date":"2022-06-18T11:06:58","date_gmt":"2022-06-18T11:06:58","guid":{"rendered":"https:\/\/www.umbrapompe.it\/?product=p4"},"modified":"2022-09-15T18:03:33","modified_gmt":"2022-09-15T18:03:33","slug":"p4","status":"publish","type":"product","link":"https:\/\/umbrapompe.it\/fr\/prodotto\/p4\/","title":{"rendered":"P4"},"content":{"rendered":"<h4><strong>MOTEURS IMMERG\u00c9S<\/strong><\/h4>\n<p><strong>Emploi<\/strong><br \/>\nMoteurs submersibles dans un bain de refroidissement di\u00e9lectrique non toxique. Un nouveau concept de construction, fruit de nos d\u00e9cennies d&rsquo;exp\u00e9rience dans l&rsquo;industrie, combin\u00e9 \u00e0 un choix sp\u00e9cial de mat\u00e9riaux de composants, garantit d&rsquo;excellentes performances op\u00e9rationnelles, une qualit\u00e9 sup\u00e9rieure, une fiabilit\u00e9 et une facilit\u00e9 d&rsquo;installation.<br \/>\nCe type particulier de construction permet \u00e9galement une accessibilit\u00e9 ais\u00e9e aux diff\u00e9rents composants et facilite l&rsquo;entretien de la machine en cas de besoin.<\/p>\n<p><strong>Caract\u00e9ristiques de la construction<\/strong><br \/>\nBo\u00eetier ext\u00e9rieur, arbre et plaque de fond en acier inoxydable.<\/p>\n<p>Support sup\u00e9rieur en fonte galvanis\u00e9e, soufflet de compensation g\u00e9n\u00e9reusement dimensionn\u00e9.<\/p>\n<p>Isolation de classe F.<\/p>\n<p>Protection IP68. Service continu.<\/p>\n<p>Bride \u00ab\u00a0NEMA 4\u00a0\u00bb.<\/p>\n<p><strong>Limites de fonctionnement<\/strong><br \/>\nFluctuation maximale de la tension -10% +6%.<\/p>\n<p>Profondeur maximale de 100 m.<\/p>\n<p>Nombre maximal de d\u00e9parts 30\/heure.<\/p>\n<p>Temp\u00e9rature maximale de l&rsquo;eau dans le puits : 35\u00b0C avec un mouvement d&rsquo;eau de 0,08 m\/sec au minimum. Fonctionnement vertical\/horizontal pour les moteurs jusqu&rsquo;\u00e0 2,2 kW.<\/p>\n<p>Le fonctionnement vertical est recommand\u00e9 pour les moteurs de plus de 2,2 kW.<\/p>\n","protected":false},"excerpt":{"rendered":"<p>MOTEURS IMMERG\u00c9S Emploi Moteurs submersibles dans un bain de refroidissement di\u00e9lectrique non toxique. Un nouveau concept de construction, fruit de nos d\u00e9cennies d&rsquo;exp\u00e9rience dans l&rsquo;industrie, combin\u00e9 \u00e0 un choix sp\u00e9cial de mat\u00e9riaux de composants, garantit d&rsquo;excellentes performances op\u00e9rationnelles, une qualit\u00e9 sup\u00e9rieure, une fiabilit\u00e9 et une facilit\u00e9 d&rsquo;installation. Ce type particulier de construction permet \u00e9galement une [&hellip;]<\/p>\n","protected":false},"featured_media":2004,"comment_status":"open","ping_status":"closed","template":"","meta":{"_acf_changed":false},"product_brand":[],"product_cat":[62],"product_tag":[],"class_list":{"0":"post-2283","1":"product","2":"type-product","3":"status-publish","4":"has-post-thumbnail","6":"product_cat-submerge","8":"first","9":"instock","10":"shipping-taxable","11":"product-type-simple"},"acf":[],"_links":{"self":[{"href":"https:\/\/umbrapompe.it\/fr\/wp-json\/wp\/v2\/product\/2283","targetHints":{"allow":["GET"]}}],"collection":[{"href":"https:\/\/umbrapompe.it\/fr\/wp-json\/wp\/v2\/product"}],"about":[{"href":"https:\/\/umbrapompe.it\/fr\/wp-json\/wp\/v2\/types\/product"}],"replies":[{"embeddable":true,"href":"https:\/\/umbrapompe.it\/fr\/wp-json\/wp\/v2\/comments?post=2283"}],"wp:featuredmedia":[{"embeddable":true,"href":"https:\/\/umbrapompe.it\/fr\/wp-json\/wp\/v2\/media\/2004"}],"wp:attachment":[{"href":"https:\/\/umbrapompe.it\/fr\/wp-json\/wp\/v2\/media?parent=2283"}],"wp:term":[{"taxonomy":"product_brand","embeddable":true,"href":"https:\/\/umbrapompe.it\/fr\/wp-json\/wp\/v2\/product_brand?post=2283"},{"taxonomy":"product_cat","embeddable":true,"href":"https:\/\/umbrapompe.it\/fr\/wp-json\/wp\/v2\/product_cat?post=2283"},{"taxonomy":"product_tag","embeddable":true,"href":"https:\/\/umbrapompe.it\/fr\/wp-json\/wp\/v2\/product_tag?post=2283"}],"curies":[{"name":"wp","href":"https:\/\/api.w.org\/{rel}","templated":true}]}}