{"id":2291,"date":"2022-06-19T16:57:26","date_gmt":"2022-06-19T16:57:26","guid":{"rendered":"https:\/\/www.umbrapompe.it\/?product=4-f-ff"},"modified":"2022-09-27T08:39:32","modified_gmt":"2022-09-27T08:39:32","slug":"4-f-ff","status":"publish","type":"product","link":"https:\/\/umbrapompe.it\/fr\/prodotto\/4-f-ff\/","title":{"rendered":"4&Prime; F-FF"},"content":{"rendered":"<h4><strong>POMPES \u00c9LECTRIQUES SUBMERSIBLES<\/strong><\/h4>\n<p><strong>Applications de type F\/FF<\/strong><br \/>\nSyst\u00e8mes d&rsquo;eau, \u00e0 usage domestique et industriel, en service continu ou intermittent. Syst\u00e8mes de pressurisation. Syst\u00e8mes d&rsquo;irrigation.<\/p>\n<p><strong>Description type F<\/strong><br \/>\nPompes submersibles centrifuges multicellulaires, pour puits de 4&Prime;, particuli\u00e8rement adapt\u00e9es aux syst\u00e8mes de levage et de distribution n\u00e9cessitant des pressions et des d\u00e9bits tr\u00e8s \u00e9lev\u00e9s.<\/p>\n<p><strong>Caract\u00e9ristiques de construction type F<\/strong><br \/>\nCorps de refoulement en laiton (OT 58). Clapet anti-retour int\u00e9gr\u00e9 (pour tous les mod\u00e8les) et facilement d\u00e9montable. Roues et diffuseurs en polycarbonate non toxique (Lexan), corps du diffuseur en acier inoxydable (AISI 304) pour les mod\u00e8les 6 &#8211; 10 &#8211; 14 &#8211; 24. Manchon, arbre de pompe, accouplement, couvercle de carter, grille d&rsquo;aspiration et vis en acier inoxydable. Bride d&rsquo;accouplement du moteur pr\u00e9par\u00e9e conform\u00e9ment \u00e0 la r\u00e9glementation NEMA. \u00d8 max. de la pompe 96 mm.<\/p>\n<p><strong>Description Type FF<\/strong><br \/>\nPompes submersibles centrifuges multicellulaires et flottantes pour puits de 4&Prime;, particuli\u00e8rement adapt\u00e9es aux syst\u00e8mes de relevage et de distribution d&rsquo;eau. Des solutions techniques et l&rsquo;utilisation de nouveaux mat\u00e9riaux permettent de construire des pompes avec un excellent rendement combin\u00e9 \u00e0 une haute r\u00e9sistance \u00e0 l&rsquo;abrasion en utilisant des roues flottantes.<\/p>\n<p><strong>Caract\u00e9ristiques de la construction de type FF<\/strong><br \/>\nCorps de livraison en laiton. Clapet anti-retour int\u00e9gr\u00e9 (pour tous les mod\u00e8les) et facilement d\u00e9montable. Roues et diffuseurs en PPO, inserts en r\u00e9sine ac\u00e9tal haute performance. Manchon, arbre de pompe, accouplement, couvercle de carter, grille d&rsquo;aspiration et vis en acier inoxydable. Bride d&rsquo;accouplement du moteur pr\u00e9par\u00e9e conform\u00e9ment \u00e0 la r\u00e9glementation NEMA. \u00d8 max. de la pompe 96 mm.<\/p>\n<p><strong>Moteur<\/strong><br \/>\nLe moteur \u00e9lectrique, conforme aux normes NEMA, est bipolaire, monophas\u00e9 ou triphas\u00e9, dans un bain r\u00e9frig\u00e9rant non toxique. Tension monophas\u00e9e : 230-240 V. 50 Hz. Tension triphas\u00e9e : 400 V. 50 Hz. Enti\u00e8rement \u00e9tanche, isolation de classe F, degr\u00e9 de protection IP 68. Construction selon les normes : EN 60 335-2-41.<\/p>\n","protected":false},"excerpt":{"rendered":"<p>POMPES \u00c9LECTRIQUES SUBMERSIBLES Applications de type F\/FF Syst\u00e8mes d&rsquo;eau, \u00e0 usage domestique et industriel, en service continu ou intermittent. Syst\u00e8mes de pressurisation. Syst\u00e8mes d&rsquo;irrigation. Description type F Pompes submersibles centrifuges multicellulaires, pour puits de 4&Prime;, particuli\u00e8rement adapt\u00e9es aux syst\u00e8mes de levage et de distribution n\u00e9cessitant des pressions et des d\u00e9bits tr\u00e8s \u00e9lev\u00e9s. Caract\u00e9ristiques de construction [&hellip;]<\/p>\n","protected":false},"featured_media":1749,"comment_status":"open","ping_status":"closed","template":"","meta":{"_acf_changed":false},"product_brand":[],"product_cat":[62],"product_tag":[],"class_list":{"0":"post-2291","1":"product","2":"type-product","3":"status-publish","4":"has-post-thumbnail","6":"product_cat-submerge","8":"first","9":"instock","10":"shipping-taxable","11":"product-type-simple"},"acf":[],"_links":{"self":[{"href":"https:\/\/umbrapompe.it\/fr\/wp-json\/wp\/v2\/product\/2291","targetHints":{"allow":["GET"]}}],"collection":[{"href":"https:\/\/umbrapompe.it\/fr\/wp-json\/wp\/v2\/product"}],"about":[{"href":"https:\/\/umbrapompe.it\/fr\/wp-json\/wp\/v2\/types\/product"}],"replies":[{"embeddable":true,"href":"https:\/\/umbrapompe.it\/fr\/wp-json\/wp\/v2\/comments?post=2291"}],"wp:featuredmedia":[{"embeddable":true,"href":"https:\/\/umbrapompe.it\/fr\/wp-json\/wp\/v2\/media\/1749"}],"wp:attachment":[{"href":"https:\/\/umbrapompe.it\/fr\/wp-json\/wp\/v2\/media?parent=2291"}],"wp:term":[{"taxonomy":"product_brand","embeddable":true,"href":"https:\/\/umbrapompe.it\/fr\/wp-json\/wp\/v2\/product_brand?post=2291"},{"taxonomy":"product_cat","embeddable":true,"href":"https:\/\/umbrapompe.it\/fr\/wp-json\/wp\/v2\/product_cat?post=2291"},{"taxonomy":"product_tag","embeddable":true,"href":"https:\/\/umbrapompe.it\/fr\/wp-json\/wp\/v2\/product_tag?post=2291"}],"curies":[{"name":"wp","href":"https:\/\/api.w.org\/{rel}","templated":true}]}}