{"id":2292,"date":"2022-06-18T10:57:04","date_gmt":"2022-06-18T10:57:04","guid":{"rendered":"https:\/\/www.umbrapompe.it\/?product=acuafluss"},"modified":"2022-09-15T19:16:17","modified_gmt":"2022-09-15T19:16:17","slug":"acuafluss","status":"publish","type":"product","link":"https:\/\/umbrapompe.it\/fr\/prodotto\/acuafluss\/","title":{"rendered":"4&Prime;, 5&Prime; ACUAFLUSS"},"content":{"rendered":"<h4><strong>POMPE SUBMERSIBLE MULTI-\u00c9TAG\u00c9E AVEC \u00c9LECTRONIQUE INT\u00c9GR\u00c9E<\/strong><\/h4>\n<p><strong>Emploi<\/strong><br \/>\nElectropompes submersibles multicellulaires avec \u00e9lectronique int\u00e9gr\u00e9e, \u00e9quip\u00e9es d&rsquo;un r\u00e9gulateur de pression et d&rsquo;un clapet anti-retour. D\u00e9velopp\u00e9 pour automatiser le d\u00e9marrage et l&rsquo;arr\u00eat de la pompe en fonction de la demande d&rsquo;eau de l&rsquo;utilisateur et pour \u00e9viter le fonctionnement en l&rsquo;absence de liquide. Il est id\u00e9al pour les syst\u00e8mes de collecte des eaux de pluie, les r\u00e9seaux d&rsquo;irrigation, le pompage d&rsquo;eau propre \u00e0 partir de r\u00e9servoirs, de citernes, de puits et pour d&rsquo;autres applications n\u00e9cessitant une pression \u00e9lev\u00e9e. Syst\u00e8me de valve anti-blocage. Con\u00e7u pour transporter de l&rsquo;eau propre \u00e0 des temp\u00e9ratures ne d\u00e9passant pas 35\u00b0C. Nombre maximal de d\u00e9parts par heure 40. Disponible en version avec ou sans flotteur.<\/p>\n<p><strong>Fonctions<\/strong><br \/>\n&#8211; D\u00e9marrage et arr\u00eat automatiques en fonction de la demande en eau du service public. Pression de red\u00e9marrage 1,5 bar pour la version Acuafluss 30 ; 2,5 bar pour les autres versions ;<br \/>\n&#8211; Syst\u00e8me de d\u00e9tection d&rsquo;absence d&rsquo;eau. En cas de manque de liquide, la pompe s&rsquo;arr\u00eate, elle fera encore 4 tentatives de mise en marche \u00e0 intervalles r\u00e9guliers de 15 minutes pendant la premi\u00e8re heure de fonctionnement. Nouvelles tentatives de d\u00e9marrage toutes les heures pendant les 48 heures suivantes ;<br \/>\n&#8211; Fonction de d\u00e9tection de blocage de la vanne, auquel cas l&rsquo;\u00e9lectronique de commande arr\u00eate la pompe ;<br \/>\n&#8211; Fonction permettant de reconna\u00eetre le nombre de d\u00e9parts horaires ;<br \/>\n&#8211; Pour un fonctionnement correct, installer un vase d&rsquo;expansion d&rsquo;une capacit\u00e9 d&rsquo;au moins 3 litres dans le circuit de refoulement.<\/p>\n<p><strong>Mat\u00e9riaux<\/strong><br \/>\nCorps de pompe, carter moteur, poign\u00e9e, grille d&rsquo;aspiration en acier inoxydable AISI 304. Roues, diffuseurs, s\u00e9parateurs PPO remplis de verre, chaque \u00e9tage est \u00e9quip\u00e9 d&rsquo;une bague d&rsquo;usure en acier inoxydable. Arbre d&rsquo;entra\u00eenement en acier inoxydable AISI 420. Garniture m\u00e9canique en alumine-graphite lubrifi\u00e9e. Joints NBR. Fourni avec 20 m de c\u00e2ble H07RN8F.<\/p>\n<p><strong>Moteur<\/strong><br \/>\nAsynchrone monophas\u00e9 230V. 50 HZ.<br \/>\nAutres voltages et fr\u00e9quences sur demande. Classe d&rsquo;isolation F, IP 68. Refroidissement interne par bain d&rsquo;huile min\u00e9rale de qualit\u00e9 alimentaire, non polluant. Refroidissement externe par liquide pomp\u00e9. Protection thermique int\u00e9gr\u00e9e.<\/p>\n","protected":false},"excerpt":{"rendered":"<p>POMPE SUBMERSIBLE MULTI-\u00c9TAG\u00c9E AVEC \u00c9LECTRONIQUE INT\u00c9GR\u00c9E Emploi Electropompes submersibles multicellulaires avec \u00e9lectronique int\u00e9gr\u00e9e, \u00e9quip\u00e9es d&rsquo;un r\u00e9gulateur de pression et d&rsquo;un clapet anti-retour. D\u00e9velopp\u00e9 pour automatiser le d\u00e9marrage et l&rsquo;arr\u00eat de la pompe en fonction de la demande d&rsquo;eau de l&rsquo;utilisateur et pour \u00e9viter le fonctionnement en l&rsquo;absence de liquide. Il est id\u00e9al pour les syst\u00e8mes [&hellip;]<\/p>\n","protected":false},"featured_media":1857,"comment_status":"open","ping_status":"closed","template":"","meta":{"_acf_changed":false},"product_brand":[],"product_cat":[62],"product_tag":[],"class_list":{"0":"post-2292","1":"product","2":"type-product","3":"status-publish","4":"has-post-thumbnail","6":"product_cat-submerge","8":"first","9":"instock","10":"shipping-taxable","11":"product-type-simple"},"acf":[],"_links":{"self":[{"href":"https:\/\/umbrapompe.it\/fr\/wp-json\/wp\/v2\/product\/2292","targetHints":{"allow":["GET"]}}],"collection":[{"href":"https:\/\/umbrapompe.it\/fr\/wp-json\/wp\/v2\/product"}],"about":[{"href":"https:\/\/umbrapompe.it\/fr\/wp-json\/wp\/v2\/types\/product"}],"replies":[{"embeddable":true,"href":"https:\/\/umbrapompe.it\/fr\/wp-json\/wp\/v2\/comments?post=2292"}],"wp:featuredmedia":[{"embeddable":true,"href":"https:\/\/umbrapompe.it\/fr\/wp-json\/wp\/v2\/media\/1857"}],"wp:attachment":[{"href":"https:\/\/umbrapompe.it\/fr\/wp-json\/wp\/v2\/media?parent=2292"}],"wp:term":[{"taxonomy":"product_brand","embeddable":true,"href":"https:\/\/umbrapompe.it\/fr\/wp-json\/wp\/v2\/product_brand?post=2292"},{"taxonomy":"product_cat","embeddable":true,"href":"https:\/\/umbrapompe.it\/fr\/wp-json\/wp\/v2\/product_cat?post=2292"},{"taxonomy":"product_tag","embeddable":true,"href":"https:\/\/umbrapompe.it\/fr\/wp-json\/wp\/v2\/product_tag?post=2292"}],"curies":[{"name":"wp","href":"https:\/\/api.w.org\/{rel}","templated":true}]}}