{"id":2296,"date":"2022-06-18T11:05:04","date_gmt":"2022-06-18T11:05:04","guid":{"rendered":"https:\/\/www.umbrapompe.it\/?product=3-t"},"modified":"2022-09-27T08:39:34","modified_gmt":"2022-09-27T08:39:34","slug":"3-t","status":"publish","type":"product","link":"https:\/\/umbrapompe.it\/fr\/prodotto\/3-t\/","title":{"rendered":"3&Prime; T"},"content":{"rendered":"<h4><strong>POMPES \u00c9LECTRIQUES SUBMERSIBLES<\/strong><\/h4>\n<p><strong>Emploi<\/strong><br \/>\nPompes submersibles centrifuges multicellulaires, pour puits de 3&Prime;, particuli\u00e8rement adapt\u00e9es aux syst\u00e8mes de levage et de distribution.<br \/>\nSyst\u00e8mes d&rsquo;eau, \u00e0 usage domestique et industriel, en service continu ou intermittent. Syst\u00e8mes de pressurisation. Syst\u00e8mes d&rsquo;irrigation.<\/p>\n<p><strong>Caract\u00e9ristiques de la construction<\/strong><br \/>\nBride d&rsquo;accouplement du moteur et corps de refoulement en laiton. Clapet anti-retour int\u00e9gr\u00e9.<br \/>\nRoues et diffuseurs PPO en polyac\u00e9tal autolubrifiant. Manchon, arbre de pompe, accouplement, couvercle de carter, grille d&rsquo;aspiration et vis en acier inoxydable. \u00d8 max. de la pompe 74 mm.<\/p>\n<p><strong>Moteur<\/strong><br \/>\nLe moteur \u00e9lectrique, conforme aux normes NEMA, est bipolaire, monophas\u00e9 ou triphas\u00e9, dans un bain r\u00e9frig\u00e9rant non toxique.<\/p>\n<p>Tension monophas\u00e9e : 230-240 V. 50 Hz.<\/p>\n<p>Tension triphas\u00e9e : 400 V. 50 Hz.<\/p>\n<p>Enti\u00e8rement \u00e9tanche, isolation de classe F, degr\u00e9 de protection IP 68.<\/p>\n","protected":false},"excerpt":{"rendered":"<p>POMPES \u00c9LECTRIQUES SUBMERSIBLES Emploi Pompes submersibles centrifuges multicellulaires, pour puits de 3&Prime;, particuli\u00e8rement adapt\u00e9es aux syst\u00e8mes de levage et de distribution. Syst\u00e8mes d&rsquo;eau, \u00e0 usage domestique et industriel, en service continu ou intermittent. Syst\u00e8mes de pressurisation. Syst\u00e8mes d&rsquo;irrigation. Caract\u00e9ristiques de la construction Bride d&rsquo;accouplement du moteur et corps de refoulement en laiton. Clapet anti-retour int\u00e9gr\u00e9. [&hellip;]<\/p>\n","protected":false},"featured_media":1746,"comment_status":"open","ping_status":"closed","template":"","meta":{"_acf_changed":false},"product_brand":[],"product_cat":[62],"product_tag":[],"class_list":{"0":"post-2296","1":"product","2":"type-product","3":"status-publish","4":"has-post-thumbnail","6":"product_cat-submerge","8":"first","9":"instock","10":"shipping-taxable","11":"product-type-simple"},"acf":[],"_links":{"self":[{"href":"https:\/\/umbrapompe.it\/fr\/wp-json\/wp\/v2\/product\/2296","targetHints":{"allow":["GET"]}}],"collection":[{"href":"https:\/\/umbrapompe.it\/fr\/wp-json\/wp\/v2\/product"}],"about":[{"href":"https:\/\/umbrapompe.it\/fr\/wp-json\/wp\/v2\/types\/product"}],"replies":[{"embeddable":true,"href":"https:\/\/umbrapompe.it\/fr\/wp-json\/wp\/v2\/comments?post=2296"}],"wp:featuredmedia":[{"embeddable":true,"href":"https:\/\/umbrapompe.it\/fr\/wp-json\/wp\/v2\/media\/1746"}],"wp:attachment":[{"href":"https:\/\/umbrapompe.it\/fr\/wp-json\/wp\/v2\/media?parent=2296"}],"wp:term":[{"taxonomy":"product_brand","embeddable":true,"href":"https:\/\/umbrapompe.it\/fr\/wp-json\/wp\/v2\/product_brand?post=2296"},{"taxonomy":"product_cat","embeddable":true,"href":"https:\/\/umbrapompe.it\/fr\/wp-json\/wp\/v2\/product_cat?post=2296"},{"taxonomy":"product_tag","embeddable":true,"href":"https:\/\/umbrapompe.it\/fr\/wp-json\/wp\/v2\/product_tag?post=2296"}],"curies":[{"name":"wp","href":"https:\/\/api.w.org\/{rel}","templated":true}]}}