{"id":2300,"date":"2022-06-18T16:46:50","date_gmt":"2022-06-18T16:46:50","guid":{"rendered":"https:\/\/www.umbrapompe.it\/?product=acuamines-400"},"modified":"2022-09-27T08:40:00","modified_gmt":"2022-09-27T08:40:00","slug":"acuamini-400","status":"publish","type":"product","link":"https:\/\/umbrapompe.it\/fr\/prodotto\/acuamini-400\/","title":{"rendered":"ACUAMINI 400"},"content":{"rendered":"<h4><strong>POMPES SUBMERSIBLES POUR EAUX US\u00c9ES<\/strong><\/h4>\n<p><strong>Emploi<\/strong><br \/>\nVidange de puisards, de r\u00e9servoirs de collecte, de garages, de caves ou d&rsquo;autres pi\u00e8ces sujettes aux inondations. Irrigation \u00e0 petit d\u00e9bit. R\u00e9servoirs, piscines, petits jeux d&rsquo;eau.<\/p>\n<p><strong>Caract\u00e9ristiques de la construction<\/strong><br \/>\nTemp\u00e9rature maximale du liquide 35 C\u00b0 avec pompe partiellement immerg\u00e9e. Port de livraison 1&Prime; 1\u20444. Profondeur d&rsquo;immersion maximale de 6 m avec c\u00e2ble d&rsquo;alimentation de 10 m. avec fiche. Passage des solides max 2 mm. Carter moteur et boulons AISI 304 Arbre moteur AISI 420. Double bague d&rsquo;\u00e9tanch\u00e9it\u00e9. Pi\u00e8ces restantes en mat\u00e9riaux thermoplastiques certifi\u00e9s ISO 9001.<\/p>\n<p><strong>Moteur<\/strong><br \/>\nClasse d&rsquo;isolation F. Protection IP 68 Alimentation \u00e9lectrique monophas\u00e9e V. 230 50 Hz. Condensateur et protection thermique int\u00e9gr\u00e9s. Disponible en version automatique ou manuelle.<\/p>\n","protected":false},"excerpt":{"rendered":"<p>POMPES SUBMERSIBLES POUR EAUX US\u00c9ES Emploi Vidange de puisards, de r\u00e9servoirs de collecte, de garages, de caves ou d&rsquo;autres pi\u00e8ces sujettes aux inondations. Irrigation \u00e0 petit d\u00e9bit. R\u00e9servoirs, piscines, petits jeux d&rsquo;eau. Caract\u00e9ristiques de la construction Temp\u00e9rature maximale du liquide 35 C\u00b0 avec pompe partiellement immerg\u00e9e. Port de livraison 1&Prime; 1\u20444. Profondeur d&rsquo;immersion maximale de [&hellip;]<\/p>\n","protected":false},"featured_media":2058,"comment_status":"open","ping_status":"closed","template":"","meta":{"_acf_changed":false},"product_brand":[],"product_cat":[54],"product_tag":[],"class_list":{"0":"post-2300","1":"product","2":"type-product","3":"status-publish","4":"has-post-thumbnail","6":"product_cat-drainage-fr","8":"first","9":"instock","10":"shipping-taxable","11":"product-type-simple"},"acf":[],"_links":{"self":[{"href":"https:\/\/umbrapompe.it\/fr\/wp-json\/wp\/v2\/product\/2300","targetHints":{"allow":["GET"]}}],"collection":[{"href":"https:\/\/umbrapompe.it\/fr\/wp-json\/wp\/v2\/product"}],"about":[{"href":"https:\/\/umbrapompe.it\/fr\/wp-json\/wp\/v2\/types\/product"}],"replies":[{"embeddable":true,"href":"https:\/\/umbrapompe.it\/fr\/wp-json\/wp\/v2\/comments?post=2300"}],"wp:featuredmedia":[{"embeddable":true,"href":"https:\/\/umbrapompe.it\/fr\/wp-json\/wp\/v2\/media\/2058"}],"wp:attachment":[{"href":"https:\/\/umbrapompe.it\/fr\/wp-json\/wp\/v2\/media?parent=2300"}],"wp:term":[{"taxonomy":"product_brand","embeddable":true,"href":"https:\/\/umbrapompe.it\/fr\/wp-json\/wp\/v2\/product_brand?post=2300"},{"taxonomy":"product_cat","embeddable":true,"href":"https:\/\/umbrapompe.it\/fr\/wp-json\/wp\/v2\/product_cat?post=2300"},{"taxonomy":"product_tag","embeddable":true,"href":"https:\/\/umbrapompe.it\/fr\/wp-json\/wp\/v2\/product_tag?post=2300"}],"curies":[{"name":"wp","href":"https:\/\/api.w.org\/{rel}","templated":true}]}}