{"id":2316,"date":"2022-06-18T16:42:19","date_gmt":"2022-06-18T16:42:19","guid":{"rendered":"https:\/\/www.umbrapompe.it\/?product=acua-pv-gr"},"modified":"2022-09-15T18:03:38","modified_gmt":"2022-09-15T18:03:38","slug":"acua-pv-gr","status":"publish","type":"product","link":"https:\/\/umbrapompe.it\/fr\/prodotto\/acua-pv-gr\/","title":{"rendered":"ACUA PV-GR"},"content":{"rendered":"<h4><strong>POMPES DE DRAINAGE DES EAUX PROPRES ET DES EAUX US\u00c9ES<\/strong><\/h4>\n<p><strong>Emploi<\/strong><br \/>\nVidange de fosses d&rsquo;aisance, d&rsquo;eaux d&rsquo;infiltration, manipulation de liquides charg\u00e9s de mati\u00e8res en suspension, drainage de locaux inond\u00e9s.<\/p>\n<p><strong>Caract\u00e9ristiques de la construction<\/strong><br \/>\nTemp\u00e9rature maximale du liquide 35\u00b0 C avec pompe partiellement immerg\u00e9e.<br \/>\nProfondeur d&rsquo;immersion maximale de 7 m avec c\u00e2ble d&rsquo;alimentation de 10 m H07RN8F. Mod\u00e8les PV A et R 75, 80, 100 et 140 avec condensateur int\u00e9gr\u00e9, mod\u00e8les 150, 200 et 300 fournis avec une bo\u00eete contenant le condensateur, l&rsquo;interrupteur, le protecteur du moteur et la fiche. Les mod\u00e8les PV GR 120 et 180 sont fournis avec une bo\u00eete et un condenseur externe, la version 100 GR avec un condenseur int\u00e9gr\u00e9. Le PV100 GR est disponible avec un disjoncteur int\u00e9gr\u00e9. PV A passage plein, max 35 mm pour les versions 75, 80, 100 et 140 R, 50 mm pour les versions 150, 200 et 300. PV R max 10 mm.<br \/>\nCarter moteur et boulons AISI 304. Vilebrequin AISI 420. Garniture m\u00e9canique Sic\/Sic plus joint d&rsquo;huile en PV A\/R 150, 200, 300 et PV GR 100, 120 et 180. Roue et autres pi\u00e8ces en fonte G25.<\/p>\n<p><strong>Moteur<\/strong><br \/>\n2 p\u00f4les, classe F. Protection IP 68 dans un bain d&rsquo;huile min\u00e9rale. Alimentation \u00e9lectrique monophas\u00e9e V. 230 50 Hz triphas\u00e9 V. 400 50 Hz. Les s\u00e9ries monophas\u00e9es ont une protection thermique int\u00e9gr\u00e9e, les s\u00e9ries triphas\u00e9es sont \u00e0 la charge de l&rsquo;utilisateur. Disponible en version manuelle ou automatique uniquement dans la s\u00e9rie monophas\u00e9e.<\/p>\n","protected":false},"excerpt":{"rendered":"<p>POMPES DE DRAINAGE DES EAUX PROPRES ET DES EAUX US\u00c9ES Emploi Vidange de fosses d&rsquo;aisance, d&rsquo;eaux d&rsquo;infiltration, manipulation de liquides charg\u00e9s de mati\u00e8res en suspension, drainage de locaux inond\u00e9s. Caract\u00e9ristiques de la construction Temp\u00e9rature maximale du liquide 35\u00b0 C avec pompe partiellement immerg\u00e9e. Profondeur d&rsquo;immersion maximale de 7 m avec c\u00e2ble d&rsquo;alimentation de 10 m [&hellip;]<\/p>\n","protected":false},"featured_media":2028,"comment_status":"open","ping_status":"closed","template":"","meta":{"_acf_changed":false},"product_brand":[],"product_cat":[54],"product_tag":[],"class_list":{"0":"post-2316","1":"product","2":"type-product","3":"status-publish","4":"has-post-thumbnail","6":"product_cat-drainage-fr","8":"first","9":"instock","10":"shipping-taxable","11":"product-type-simple"},"acf":[],"_links":{"self":[{"href":"https:\/\/umbrapompe.it\/fr\/wp-json\/wp\/v2\/product\/2316","targetHints":{"allow":["GET"]}}],"collection":[{"href":"https:\/\/umbrapompe.it\/fr\/wp-json\/wp\/v2\/product"}],"about":[{"href":"https:\/\/umbrapompe.it\/fr\/wp-json\/wp\/v2\/types\/product"}],"replies":[{"embeddable":true,"href":"https:\/\/umbrapompe.it\/fr\/wp-json\/wp\/v2\/comments?post=2316"}],"wp:featuredmedia":[{"embeddable":true,"href":"https:\/\/umbrapompe.it\/fr\/wp-json\/wp\/v2\/media\/2028"}],"wp:attachment":[{"href":"https:\/\/umbrapompe.it\/fr\/wp-json\/wp\/v2\/media?parent=2316"}],"wp:term":[{"taxonomy":"product_brand","embeddable":true,"href":"https:\/\/umbrapompe.it\/fr\/wp-json\/wp\/v2\/product_brand?post=2316"},{"taxonomy":"product_cat","embeddable":true,"href":"https:\/\/umbrapompe.it\/fr\/wp-json\/wp\/v2\/product_cat?post=2316"},{"taxonomy":"product_tag","embeddable":true,"href":"https:\/\/umbrapompe.it\/fr\/wp-json\/wp\/v2\/product_tag?post=2316"}],"curies":[{"name":"wp","href":"https:\/\/api.w.org\/{rel}","templated":true}]}}