{"id":2327,"date":"2022-06-18T11:02:46","date_gmt":"2022-06-18T11:02:46","guid":{"rendered":"https:\/\/www.umbrapompe.it\/?product=acuasystem-5-ac"},"modified":"2022-09-15T19:23:21","modified_gmt":"2022-09-15T19:23:21","slug":"acuasystem-60-ac","status":"publish","type":"product","link":"https:\/\/umbrapompe.it\/fr\/prodotto\/acuasystem-60-ac\/","title":{"rendered":"ACUASYSTEM AC"},"content":{"rendered":"<h4><strong>\u00c9LECTROPOMPES VERTICALES EN LIGNE \u00c0 PLUSIEURS ROUES<\/strong><\/h4>\n<p><strong>Emploi<\/strong><br \/>\n\u00c9lectropompes submersibles multicellulaires \u00e0 roue radiale ferm\u00e9e con\u00e7ues pour r\u00e9soudre tous les probl\u00e8mes de transport d&rsquo;eau propre avec des temp\u00e9ratures ne d\u00e9passant pas 35\u00b0C. Teneur maximale en sable 60 g\/m. Nombre maximal de d\u00e9parts par heure 40. Particuli\u00e8rement indiqu\u00e9 pour l&rsquo;irrigation, les syst\u00e8mes de pressurisation, les usages industriels et civils en g\u00e9n\u00e9ral, la r\u00e9cup\u00e9ration des eaux de pluie. Convient pour une utilisation continue. Fonctionnement vertical et horizontal.<\/p>\n<p><strong>Caract\u00e9ristiques de la construction<\/strong><br \/>\nDans les versions AC, 1 et 2AL, pas de refroidissement externe pour la version mini. Fabriqu\u00e9 \u00e0 partir de mat\u00e9riaux inoxydables de premi\u00e8re qualit\u00e9 et soumis \u00e0 des tests \u00e9lectriques et hydrauliques rigoureux. La conception permet de fonctionner avec un niveau d&rsquo;eau minimal. Extr\u00eamement facile \u00e0 r\u00e9parer. Fonctionnement manuel ou automatique avec flotteur r\u00e9glable. Dans la version monophas\u00e9e, le condensateur est plac\u00e9 \u00e0 l&rsquo;int\u00e9rieur de la pompe. 1 &#8211; 2 AL \u00e9tanches.<\/p>\n<p><strong>Mat\u00e9riaux<\/strong><br \/>\nCorps de pompe, carter moteur, poign\u00e9e, grille d&rsquo;aspiration en acier inoxydable AISI 304. Roues, diffuseurs, s\u00e9parateurs PPO remplis de verre, chaque \u00e9tage est \u00e9quip\u00e9 d&rsquo;une bague d&rsquo;usure en acier inoxydable. Arbre d&rsquo;entra\u00eenement en acier inoxydable AISI 420. Garniture m\u00e9canique en alumine-graphite. Sur demande en CARBURE DE SILICIUM. Joint \u00e0 l\u00e8vres sp\u00e9cial pour la protection contre le sable. Joints NBR. Fourni avec 20 m de c\u00e2ble H07RN8F, version Mini fournie avec 10 m de c\u00e2ble.<\/p>\n<p><strong>Moteur<\/strong><br \/>\nAsynchrone monophas\u00e9 230V. 50 HZ ou triphas\u00e9 400V. 50 HZ. Autres voltages et fr\u00e9quences sur demande. Classe d&rsquo;isolation F, IP 68. Refroidissement interne par bain d&rsquo;huile min\u00e9rale de qualit\u00e9 alimentaire, non polluant. Refroidissement externe par liquide pomp\u00e9. Protection thermique int\u00e9gr\u00e9e. Protection de la version triphas\u00e9e par l&rsquo;utilisateur.<\/p>\n","protected":false},"excerpt":{"rendered":"<p>\u00c9LECTROPOMPES VERTICALES EN LIGNE \u00c0 PLUSIEURS ROUES Emploi \u00c9lectropompes submersibles multicellulaires \u00e0 roue radiale ferm\u00e9e con\u00e7ues pour r\u00e9soudre tous les probl\u00e8mes de transport d&rsquo;eau propre avec des temp\u00e9ratures ne d\u00e9passant pas 35\u00b0C. Teneur maximale en sable 60 g\/m. Nombre maximal de d\u00e9parts par heure 40. Particuli\u00e8rement indiqu\u00e9 pour l&rsquo;irrigation, les syst\u00e8mes de pressurisation, les usages [&hellip;]<\/p>\n","protected":false},"featured_media":1968,"comment_status":"open","ping_status":"closed","template":"","meta":{"_acf_changed":false},"product_brand":[],"product_cat":[62],"product_tag":[],"class_list":{"0":"post-2327","1":"product","2":"type-product","3":"status-publish","4":"has-post-thumbnail","6":"product_cat-submerge","8":"first","9":"instock","10":"shipping-taxable","11":"product-type-simple"},"acf":[],"_links":{"self":[{"href":"https:\/\/umbrapompe.it\/fr\/wp-json\/wp\/v2\/product\/2327","targetHints":{"allow":["GET"]}}],"collection":[{"href":"https:\/\/umbrapompe.it\/fr\/wp-json\/wp\/v2\/product"}],"about":[{"href":"https:\/\/umbrapompe.it\/fr\/wp-json\/wp\/v2\/types\/product"}],"replies":[{"embeddable":true,"href":"https:\/\/umbrapompe.it\/fr\/wp-json\/wp\/v2\/comments?post=2327"}],"wp:featuredmedia":[{"embeddable":true,"href":"https:\/\/umbrapompe.it\/fr\/wp-json\/wp\/v2\/media\/1968"}],"wp:attachment":[{"href":"https:\/\/umbrapompe.it\/fr\/wp-json\/wp\/v2\/media?parent=2327"}],"wp:term":[{"taxonomy":"product_brand","embeddable":true,"href":"https:\/\/umbrapompe.it\/fr\/wp-json\/wp\/v2\/product_brand?post=2327"},{"taxonomy":"product_cat","embeddable":true,"href":"https:\/\/umbrapompe.it\/fr\/wp-json\/wp\/v2\/product_cat?post=2327"},{"taxonomy":"product_tag","embeddable":true,"href":"https:\/\/umbrapompe.it\/fr\/wp-json\/wp\/v2\/product_tag?post=2327"}],"curies":[{"name":"wp","href":"https:\/\/api.w.org\/{rel}","templated":true}]}}