{"id":2329,"date":"2022-06-18T11:00:38","date_gmt":"2022-06-18T11:00:38","guid":{"rendered":"https:\/\/www.umbrapompe.it\/?product=acuarain-de-5-pouces"},"modified":"2022-09-15T19:18:41","modified_gmt":"2022-09-15T19:18:41","slug":"acuarain-30-aut","status":"publish","type":"product","link":"https:\/\/umbrapompe.it\/fr\/prodotto\/acuarain-30-aut\/","title":{"rendered":"ACUARAIN"},"content":{"rendered":"<h4><strong>POMPES DE R\u00c9CUP\u00c9RATION D&rsquo;EAU DE PLUIE MULTI-ROTOR<\/strong><\/h4>\n<p><strong>Emploi<\/strong><br \/>\n\u00c9lectropompes submersibles multi\u00e9tag\u00e9es \u00e0 roue radiale ferm\u00e9e con\u00e7ues pour r\u00e9soudre tous les probl\u00e8mes de transport d&rsquo;eau propre avec des temp\u00e9ratures ne d\u00e9passant pas 35\u00b0C. Teneur maximale en sable 60 g\/m. Nombre maximal de d\u00e9parts par heure 40. Particuli\u00e8rement indiqu\u00e9 pour l&rsquo;irrigation, les usages industriels et civils en g\u00e9n\u00e9ral, la r\u00e9cup\u00e9ration des eaux de pluie.<br \/>\nConvient pour une utilisation continue.<br \/>\nFonctionnement vertical et horizontal.<\/p>\n<p><strong>Caract\u00e9ristiques de la construction<\/strong><br \/>\nFabriqu\u00e9 \u00e0 partir de mat\u00e9riaux inoxydables de premi\u00e8re qualit\u00e9 et soumis \u00e0 des tests \u00e9lectriques et hydrauliques rigoureux. La conception permet de fonctionner avec un niveau d&rsquo;eau minimal. Extr\u00eamement facile \u00e0 r\u00e9parer. Fonctionnement manuel ou automatique avec flotteur r\u00e9glable. Dans la version monophas\u00e9e, le condensateur est plac\u00e9 \u00e0 l&rsquo;int\u00e9rieur de la pompe.<\/p>\n<p><strong>Mat\u00e9riaux<\/strong><br \/>\nCorps de pompe, carter moteur, poign\u00e9e, grille d&rsquo;aspiration en acier inoxydable AISI 304. Roues, diffuseurs, s\u00e9parateurs PPO remplis de verre, chaque \u00e9tage est \u00e9quip\u00e9 d&rsquo;une bague d&rsquo;usure en acier inoxydable. Arbre d&rsquo;entra\u00eenement en acier inoxydable AISI 420. Garniture m\u00e9canique en alumine-graphite. Sur demande en CARBURE DE SILICIUM. Joint \u00e0 l\u00e8vres sp\u00e9cial pour la protection contre le sable. Joints NBR. Fourni avec 60&prime; de c\u00e2ble.<\/p>\n<p><strong>Moteur<\/strong><br \/>\nAsynchrone monophas\u00e9 230 V &#8211; 50 Hz ou 400 V. &#8211; 50 Hz. Autres voltages et fr\u00e9quences sur demande. Classe d&rsquo;isolation F, IP 68. Refroidissement interne par bain d&rsquo;huile min\u00e9rale de qualit\u00e9 alimentaire, non polluant. Refroidissement externe par liquide pomp\u00e9. Protection thermique int\u00e9gr\u00e9e. Protection de la version triphas\u00e9e par l&rsquo;utilisateur.<\/p>\n","protected":false},"excerpt":{"rendered":"<p>POMPES DE R\u00c9CUP\u00c9RATION D&rsquo;EAU DE PLUIE MULTI-ROTOR Emploi \u00c9lectropompes submersibles multi\u00e9tag\u00e9es \u00e0 roue radiale ferm\u00e9e con\u00e7ues pour r\u00e9soudre tous les probl\u00e8mes de transport d&rsquo;eau propre avec des temp\u00e9ratures ne d\u00e9passant pas 35\u00b0C. Teneur maximale en sable 60 g\/m. Nombre maximal de d\u00e9parts par heure 40. Particuli\u00e8rement indiqu\u00e9 pour l&rsquo;irrigation, les usages industriels et civils en [&hellip;]<\/p>\n","protected":false},"featured_media":1869,"comment_status":"open","ping_status":"closed","template":"","meta":{"_acf_changed":false},"product_brand":[],"product_cat":[62],"product_tag":[],"class_list":{"0":"post-2329","1":"product","2":"type-product","3":"status-publish","4":"has-post-thumbnail","6":"product_cat-submerge","8":"first","9":"instock","10":"shipping-taxable","11":"product-type-simple"},"acf":[],"_links":{"self":[{"href":"https:\/\/umbrapompe.it\/fr\/wp-json\/wp\/v2\/product\/2329","targetHints":{"allow":["GET"]}}],"collection":[{"href":"https:\/\/umbrapompe.it\/fr\/wp-json\/wp\/v2\/product"}],"about":[{"href":"https:\/\/umbrapompe.it\/fr\/wp-json\/wp\/v2\/types\/product"}],"replies":[{"embeddable":true,"href":"https:\/\/umbrapompe.it\/fr\/wp-json\/wp\/v2\/comments?post=2329"}],"wp:featuredmedia":[{"embeddable":true,"href":"https:\/\/umbrapompe.it\/fr\/wp-json\/wp\/v2\/media\/1869"}],"wp:attachment":[{"href":"https:\/\/umbrapompe.it\/fr\/wp-json\/wp\/v2\/media?parent=2329"}],"wp:term":[{"taxonomy":"product_brand","embeddable":true,"href":"https:\/\/umbrapompe.it\/fr\/wp-json\/wp\/v2\/product_brand?post=2329"},{"taxonomy":"product_cat","embeddable":true,"href":"https:\/\/umbrapompe.it\/fr\/wp-json\/wp\/v2\/product_cat?post=2329"},{"taxonomy":"product_tag","embeddable":true,"href":"https:\/\/umbrapompe.it\/fr\/wp-json\/wp\/v2\/product_tag?post=2329"}],"curies":[{"name":"wp","href":"https:\/\/api.w.org\/{rel}","templated":true}]}}