{"id":3588,"date":"2022-06-18T10:53:28","date_gmt":"2022-06-18T10:53:28","guid":{"rendered":"https:\/\/umbrapompe.it\/prodotto\/3-acuaspeed\/"},"modified":"2022-06-18T10:53:28","modified_gmt":"2022-06-18T10:53:28","slug":"acuaspeed-3-80-2","status":"publish","type":"product","link":"https:\/\/umbrapompe.it\/fr\/prodotto\/acuaspeed-3-80-2\/","title":{"rendered":"3&Prime; ACUASPEED"},"content":{"rendered":"<h4><strong>POMPE SUBMERSIBLE MULTI-\u00c9TAG\u00c9E \u00c0 GRANDE VITESSE<\/strong><\/h4>\n<p><strong>Emploi<\/strong><br \/>\nElectropompes submersibles multicellulaires 3&Prime; \u00e0 grande vitesse avec inverseur externe pour un fonctionnement \u00e0 pression constante. Hydraulique \u00e0 roues radiales ferm\u00e9es con\u00e7ue pour r\u00e9soudre tous les probl\u00e8mes de transport d&rsquo;eau propre avec des temp\u00e9ratures ne d\u00e9passant pas 35\u00b0C. Teneur maximale en sable 50 g\/m. Nombre maximal de d\u00e9parts par heure 40. Particuli\u00e8rement indiqu\u00e9 pour le soul\u00e8vement de l&rsquo;eau des puits de 3&Prime; de diam\u00e8tre ou plus, l&rsquo;irrigation, la vidange des citernes, l&rsquo;usage industriel et civil en g\u00e9n\u00e9ral. Convient pour une utilisation continue. Fonctionnement vertical et horizontal.<\/p>\n<p><strong>Fonctions<\/strong><br \/>\n&#8211; Moteur sans balai \u00e0 haut rendement pour une faible consommation d&rsquo;\u00e9nergie ;<br \/>\n&#8211; Fonctionnement avec un variateur de vitesse externe pour une pression de refoulement constante quel que soit le d\u00e9bit requis ;<br \/>\n&#8211; D\u00e9marrage et arr\u00eat automatiques en fonction de la demande en eau du service public ;<br \/>\n&#8211; Protection contre la marche \u00e0 sec ;<br \/>\n&#8211; D\u00e9marrage progressif et protection contre les coups de b\u00e9lier ;<br \/>\n&#8211; Protection contre la sous et la surtension ;<br \/>\n&#8211; Protection contre les surchauffes et les surintensit\u00e9s.<\/p>\n<p><strong>Mat\u00e9riaux<\/strong><br \/>\nFabriqu\u00e9 avec des mat\u00e9riaux adapt\u00e9s \u00e0 l&rsquo;utilisation de l&rsquo;eau potable. Bo\u00eetier de la pompe, bo\u00eetier du moteur, poign\u00e9e, grille d&rsquo;aspiration. en acier inoxydable AISI 304. Supports de paliers en AISI 304. Roues, diffuseurs, s\u00e9parateurs en POM en PP charg\u00e9 de verre. Arbre d&rsquo;entra\u00eenement en acier inoxydable AISI 304. Garniture m\u00e9canique en alumine-graphite lubrifi\u00e9e. Inverseur IP65 facilement programmable avec vanne et capteur de pression int\u00e9gr\u00e9s. Pompe \u00e9lectrique fournie avec un c\u00e2ble de 1,5 m certifi\u00e9 ACS. Autres longueurs disponibles sur demande.<\/p>\n<p><strong>Moteur<\/strong><br \/>\nSynchrone 4 p\u00f4les triphas\u00e9 fonctionnant entre 100\/200 HZ. Classe d&rsquo;isolation F, IP 68. Refroidissement interne par bain d&rsquo;huile min\u00e9rale de qualit\u00e9 alimentaire, non polluant. Refroidissement externe par liquide pomp\u00e9.<\/p>\n","protected":false},"excerpt":{"rendered":"<p>POMPE SUBMERSIBLE MULTI-\u00c9TAG\u00c9E \u00c0 GRANDE VITESSE Emploi Electropompes submersibles multicellulaires 3&Prime; \u00e0 grande vitesse avec inverseur externe pour un fonctionnement \u00e0 pression constante. Hydraulique \u00e0 roues radiales ferm\u00e9es con\u00e7ue pour r\u00e9soudre tous les probl\u00e8mes de transport d&rsquo;eau propre avec des temp\u00e9ratures ne d\u00e9passant pas 35\u00b0C. Teneur maximale en sable 50 g\/m. Nombre maximal de d\u00e9parts [&hellip;]<\/p>\n","protected":false},"featured_media":1902,"comment_status":"open","ping_status":"closed","template":"","meta":{"_acf_changed":false},"product_brand":[],"product_cat":[62],"product_tag":[],"class_list":{"0":"post-3588","1":"product","2":"type-product","3":"status-publish","4":"has-post-thumbnail","6":"product_cat-submerge","8":"first","9":"instock","10":"shipping-taxable","11":"product-type-simple"},"acf":[],"_links":{"self":[{"href":"https:\/\/umbrapompe.it\/fr\/wp-json\/wp\/v2\/product\/3588","targetHints":{"allow":["GET"]}}],"collection":[{"href":"https:\/\/umbrapompe.it\/fr\/wp-json\/wp\/v2\/product"}],"about":[{"href":"https:\/\/umbrapompe.it\/fr\/wp-json\/wp\/v2\/types\/product"}],"replies":[{"embeddable":true,"href":"https:\/\/umbrapompe.it\/fr\/wp-json\/wp\/v2\/comments?post=3588"}],"wp:featuredmedia":[{"embeddable":true,"href":"https:\/\/umbrapompe.it\/fr\/wp-json\/wp\/v2\/media\/1902"}],"wp:attachment":[{"href":"https:\/\/umbrapompe.it\/fr\/wp-json\/wp\/v2\/media?parent=3588"}],"wp:term":[{"taxonomy":"product_brand","embeddable":true,"href":"https:\/\/umbrapompe.it\/fr\/wp-json\/wp\/v2\/product_brand?post=3588"},{"taxonomy":"product_cat","embeddable":true,"href":"https:\/\/umbrapompe.it\/fr\/wp-json\/wp\/v2\/product_cat?post=3588"},{"taxonomy":"product_tag","embeddable":true,"href":"https:\/\/umbrapompe.it\/fr\/wp-json\/wp\/v2\/product_tag?post=3588"}],"curies":[{"name":"wp","href":"https:\/\/api.w.org\/{rel}","templated":true}]}}