{"id":3590,"date":"2022-06-18T10:55:56","date_gmt":"2022-06-18T10:55:56","guid":{"rendered":"https:\/\/umbrapompe.it\/prodotto\/4-acuasub\/"},"modified":"2022-09-27T08:39:39","modified_gmt":"2022-09-27T08:39:39","slug":"acuasub-4-2","status":"publish","type":"product","link":"https:\/\/umbrapompe.it\/fr\/prodotto\/acuasub-4-2\/","title":{"rendered":"4&Prime; ACUASUB"},"content":{"rendered":"<h4><strong>POMPE SUBMERSIBLE MULTI-\u00c9TAG\u00c9E<\/strong><\/h4>\n<p><strong>Emploi<\/strong><br \/>\n\u00c9lectropompes submersibles multi\u00e9tag\u00e9es \u00e0 roue radiale ferm\u00e9e con\u00e7ues pour r\u00e9soudre tous les probl\u00e8mes de transport d&rsquo;eau propre avec des temp\u00e9ratures ne d\u00e9passant pas 35\u00b0C. Teneur maximale en sable 60 g\/m.<br \/>\nNombre maximal de d\u00e9parts par heure 40. Particuli\u00e8rement indiqu\u00e9 pour l&rsquo;irrigation, les syst\u00e8mes de pressurisation, la vidange de r\u00e9servoirs et de locaux inond\u00e9s, l&rsquo;usage industriel et civil en g\u00e9n\u00e9ral. Convient pour une utilisation continue. Profondeur d&rsquo;utilisation jusqu&rsquo;\u00e0 60 m sous le niveau de l&rsquo;eau (avec une longueur de c\u00e2ble d&rsquo;alimentation appropri\u00e9e). Fonctionnement vertical et horizontal. Profondeur d&rsquo;immersion maximale de 17 m avec un c\u00e2ble de 20 m (R\u00e9f. 60335 &#8211; 2 &#8211; 41).<\/p>\n<p><strong>Caract\u00e9ristiques de construction<\/strong><br \/>\nFabriqu\u00e9 \u00e0 partir de mat\u00e9riaux inoxydables de premi\u00e8re qualit\u00e9 et soumis \u00e0 des tests \u00e9lectriques et hydrauliques rigoureux. La conception permet de fonctionner avec un niveau d&rsquo;eau minimal. Extr\u00eamement facile \u00e0 r\u00e9parer. Longueur du c\u00e2ble 1,5 &#8211; 20 &#8211; m. H07RN8F. Disponible avec ou sans flotteur.<\/p>\n<p><strong>Mat\u00e9riaux<\/strong><br \/>\nCorps de pompe, carter moteur, poign\u00e9e, grille d&rsquo;aspiration en acier inoxydable AISI 304. Roues, diffuseurs, s\u00e9parateurs PPO remplis de verre, chaque \u00e9tage est \u00e9quip\u00e9 d&rsquo;une bague d&rsquo;usure en acier inoxydable. Arbre d&rsquo;entra\u00eenement en acier inoxydable AISI 420. Garniture m\u00e9canique en alumine-graphite lubrifi\u00e9e. Sur demande en CARBURE DE SILICIUM. Joint \u00e0 l\u00e8vre sp\u00e9cial pour la protection. Joint graphite\/silicone en standard sur la version Acuasub 55\/140.<\/p>\n<p><strong>Moteur<\/strong><br \/>\nAsynchrone monophas\u00e9 230V. 50 HZ ou triphas\u00e9 400V. 50 HZ. Autres voltages et fr\u00e9quences sur demande. Classe d&rsquo;isolation F, IP 68. Refroidissement interne par bain d&rsquo;huile min\u00e9rale de qualit\u00e9 alimentaire, non polluant. Refroidissement externe par liquide pomp\u00e9. Protection thermique int\u00e9gr\u00e9e.<\/p>\n","protected":false},"excerpt":{"rendered":"<p>POMPE SUBMERSIBLE MULTI-\u00c9TAG\u00c9E Emploi \u00c9lectropompes submersibles multi\u00e9tag\u00e9es \u00e0 roue radiale ferm\u00e9e con\u00e7ues pour r\u00e9soudre tous les probl\u00e8mes de transport d&rsquo;eau propre avec des temp\u00e9ratures ne d\u00e9passant pas 35\u00b0C. Teneur maximale en sable 60 g\/m. Nombre maximal de d\u00e9parts par heure 40. Particuli\u00e8rement indiqu\u00e9 pour l&rsquo;irrigation, les syst\u00e8mes de pressurisation, la vidange de r\u00e9servoirs et de [&hellip;]<\/p>\n","protected":false},"featured_media":1929,"comment_status":"open","ping_status":"closed","template":"","meta":{"_acf_changed":false},"product_brand":[],"product_cat":[62],"product_tag":[],"class_list":{"0":"post-3590","1":"product","2":"type-product","3":"status-publish","4":"has-post-thumbnail","6":"product_cat-submerge","8":"first","9":"instock","10":"shipping-taxable","11":"product-type-simple"},"acf":[],"_links":{"self":[{"href":"https:\/\/umbrapompe.it\/fr\/wp-json\/wp\/v2\/product\/3590","targetHints":{"allow":["GET"]}}],"collection":[{"href":"https:\/\/umbrapompe.it\/fr\/wp-json\/wp\/v2\/product"}],"about":[{"href":"https:\/\/umbrapompe.it\/fr\/wp-json\/wp\/v2\/types\/product"}],"replies":[{"embeddable":true,"href":"https:\/\/umbrapompe.it\/fr\/wp-json\/wp\/v2\/comments?post=3590"}],"wp:featuredmedia":[{"embeddable":true,"href":"https:\/\/umbrapompe.it\/fr\/wp-json\/wp\/v2\/media\/1929"}],"wp:attachment":[{"href":"https:\/\/umbrapompe.it\/fr\/wp-json\/wp\/v2\/media?parent=3590"}],"wp:term":[{"taxonomy":"product_brand","embeddable":true,"href":"https:\/\/umbrapompe.it\/fr\/wp-json\/wp\/v2\/product_brand?post=3590"},{"taxonomy":"product_cat","embeddable":true,"href":"https:\/\/umbrapompe.it\/fr\/wp-json\/wp\/v2\/product_cat?post=3590"},{"taxonomy":"product_tag","embeddable":true,"href":"https:\/\/umbrapompe.it\/fr\/wp-json\/wp\/v2\/product_tag?post=3590"}],"curies":[{"name":"wp","href":"https:\/\/api.w.org\/{rel}","templated":true}]}}